{"id":10012,"date":"2022-02-14T09:25:38","date_gmt":"2022-02-14T08:25:38","guid":{"rendered":"https:\/\/v31.es\/booksonline\/?post_type=product&#038;p=10012"},"modified":"2024-06-04T08:18:30","modified_gmt":"2024-06-04T06:18:30","slug":"alimenta-tus-pedaladas","status":"publish","type":"product","link":"https:\/\/v31.es\/booksonline\/producto\/alimenta-tus-pedaladas\/","title":{"rendered":"Alimenta tus Pedaladas"},"content":{"rendered":"<p>Somos lo que comemos, que la medicina sea tu \u00fanico alimento, el est\u00f3mago es la antesala de la vida&#8230; las citas son ilimitadas, y raz\u00f3n a ninguna le falta. La \u00fanica manera natural que tenemos los humanos de conseguir energ\u00eda es a partir de los alimentos y la realidad es apabullan- te: cuanto mejor sea la calidad de nuestra dieta, m\u00e1s f\u00e1cil ser\u00e1 disponer de la energ\u00eda que vamos a necesitar para desarrollar cualquier actividad f\u00edsica.<\/p>\n<p>El deporte est\u00e1 ganado hueco en la sociedad moderna, es una realidad que la evoluci\u00f3n de nuestra calidad de vida se puede llegar a medir por el porcentaje de practicantes de actividades de ocio, entre las que los deportes ocupan un puesto prioritario, siendo el ciclismo de los m\u00e1s atractivos. Raz\u00f3n no le falta a esta tendencia; un veh\u00edculo limpio, la imagen del esfuerzo individual personificada, algo que en la infancia es un juego y en la madurez se puede llegar a convertir en una terapia&#8230; la bicicleta es el centro de atenci\u00f3n de un porcentaje muy elevado de aquellos que se plantean practicar un nuevo deporte.<\/p>\n<p>Pero, como todo en la vida, el ciclismo tiene unas reglas de oro, y hay que respetarlas. Al ser uno de los deportes m\u00e1s din\u00e1micos, requiere de ciertos cuidados para solventar las exigencias energ\u00e9ticas que produce, tanto en la fase de entrenamiento, como en aquella que traspasan los que deciden poner a prueba su preparaci\u00f3n y capacidad en la competici\u00f3n. En ese punto la dieta juega un papel tan importante, o m\u00e1s, que la propia disciplina f\u00edsica que nos lleva a mejorar la biomec\u00e1nica de nuestras peda- ladas.<\/p>\n<p>Para los que todav\u00eda no le conozc\u00e1is, que tras el \u00e9xito de su anterior trabajo \u201cPlanifica tus pedaladas\u201d ser\u00e9is pocos, Chema Arguedas es ante todo un comunicador excepcional. Y su especializaci\u00f3n en el mundo del ciclismo no es casual: pone tanto empe\u00f1o en su propia preparaci\u00f3n que eso le ha llevado a convertirse en un experto, tanto del ejercicio, como de la nutrici\u00f3n.<\/p>\n<p>&nbsp;<\/p>\n<p>Pr\u00f3logo<\/p>\n<p>En este libro no esperes encontrar una compilaci\u00f3n de citas m\u00e9dicas provenientes de la cartesiana ciencia de la medicina, todo lo contrario, es un relato ameno y desenfadado de algo tan cotidiano como comer cada d\u00eda. Porque Chema no ha buscado el colocar sobre un pedestal el cono- cimiento absoluto de la diet\u00e9tica deportiva, m\u00e1s bien al contrario; lo ha convertido en algo completamente terrenal. Pero no pens\u00e9is que por ello le pueda faltar rigor: nuestro \u201cma\u00f1ico\u201d ha buscado documentaci\u00f3n y apoyo, del mejor nivel, para constatar cada uno de los consejos que ha redactado para vosotros.<\/p>\n<p>Cuando termines de leer este libro te dar\u00e1s cuenta que ha sido como participar en una charla entre amigos, y las prote\u00ednas, grasas y carbohidratos ser\u00e1n los contertulios que amenicen una especie de mesa redonda con las vitaminas y los amino\u00e1cidos: lo mejor de todo es que t\u00fa ser\u00e1s el moderador de esa conversaci\u00f3n.<\/p>\n<p>PABLO BUENO LLORENTE<\/p>\n<p>Director de www.ciclismoafondo.es<\/p>\n","protected":false},"excerpt":{"rendered":"<p>Somos lo que comemos, que la medicina sea tu \u00fanico alimento, el est\u00f3mago es la antesala de la vida&#8230; las citas son ilimitadas, y raz\u00f3n a ninguna le falta. La \u00fanica manera natural que tenemos los humanos de conseguir energ\u00eda es a partir de los alimentos y la realidad es apabullan- te: cuanto mejor sea [&hellip;]<\/p>\n","protected":false},"featured_media":10249,"comment_status":"open","ping_status":"closed","template":"","meta":{"_et_pb_use_builder":"off","_et_pb_old_content":"\u201cNada es lo que parece, nada parece lo que es\u201d\r\n\r\n[learn_more caption=\"leer m\u00e1s\"]Nos pasamos la mayor parte de nuestra existencia sumidos en una profunda oscuridad, y no somos conscientes de que con un simple gesto, podemos pulsar el interruptor que llenar\u00eda nuestra vida de luz y felicidad. Pocas son las personas capaces de ver que malgastando nuestro tiempo en esa pelea constante con nosotros mismos y con los dem\u00e1s nunca llegaremos a encontrar lo que realmente buscamos, el amor. El amor llegar\u00e1 a ti si le abres la puerta, o al menos una ventana. El amor no es perfecto, pero es lo \u00fanico por lo que merece la pena sufrir, y sobre todo vivir.[\/learn_more]","_et_gb_content_width":""},"product_brand":[],"product_cat":[348,222],"product_tag":[214],"class_list":{"0":"post-10012","1":"product","2":"type-product","3":"status-publish","4":"has-post-thumbnail","6":"product_cat-chema-arguedas-lozano","7":"product_cat-editorial-anteo","8":"product_tag-crecimiento-personal","9":"product_shipping_class-envio-estandar","11":"first","12":"instock","13":"taxable","14":"shipping-taxable","15":"purchasable","16":"product-type-simple"},"_links":{"self":[{"href":"https:\/\/v31.es\/booksonline\/wp-json\/wp\/v2\/product\/10012","targetHints":{"allow":["GET"]}}],"collection":[{"href":"https:\/\/v31.es\/booksonline\/wp-json\/wp\/v2\/product"}],"about":[{"href":"https:\/\/v31.es\/booksonline\/wp-json\/wp\/v2\/types\/product"}],"replies":[{"embeddable":true,"href":"https:\/\/v31.es\/booksonline\/wp-json\/wp\/v2\/comments?post=10012"}],"wp:featuredmedia":[{"embeddable":true,"href":"https:\/\/v31.es\/booksonline\/wp-json\/wp\/v2\/media\/10249"}],"wp:attachment":[{"href":"https:\/\/v31.es\/booksonline\/wp-json\/wp\/v2\/media?parent=10012"}],"wp:term":[{"taxonomy":"product_brand","embeddable":true,"href":"https:\/\/v31.es\/booksonline\/wp-json\/wp\/v2\/product_brand?post=10012"},{"taxonomy":"product_cat","embeddable":true,"href":"https:\/\/v31.es\/booksonline\/wp-json\/wp\/v2\/product_cat?post=10012"},{"taxonomy":"product_tag","embeddable":true,"href":"https:\/\/v31.es\/booksonline\/wp-json\/wp\/v2\/product_tag?post=10012"}],"curies":[{"name":"wp","href":"https:\/\/api.w.org\/{rel}","templated":true}]}}