{"id":10016,"date":"2022-02-14T09:57:01","date_gmt":"2022-02-14T08:57:01","guid":{"rendered":"https:\/\/v31.es\/booksonline\/?post_type=product&#038;p=10016"},"modified":"2022-04-05T08:55:29","modified_gmt":"2022-04-05T06:55:29","slug":"planifica-tu-gran-fondo","status":"publish","type":"product","link":"https:\/\/v31.es\/booksonline\/producto\/planifica-tu-gran-fondo\/","title":{"rendered":"Planifica Tu Gran Fondo"},"content":{"rendered":"<p>Este libro ha sido creado para el entrenamiento a medida para cualquier prueba de gran fondo de ciclismo de carretera. Pruebas que comprenden habitualmente una distancia de m\u00e1s de 150km y al menos 2000 metros de desnivel. En el mismo, encontrar\u00e9is planes personalizados en base a las principales medidas de referencia existentes (frecuencia card\u00edaca y potencia) adaptados y especializados para superar con \u00e9xito cualquier prueba de un d\u00eda de \u00e9stas caracter\u00edsticas. Cuento mi experiencia en este tipo de pruebas desde el punto de vista de una de las marchas ciclistas m\u00e1s importantes de Espa\u00f1a, la QH. Y detallo ejemplos concretos de dicha marcha para que sirvan como ejemplo y se adapten seg\u00fan la prueba que se quiera preparar. Con \u00e9ste libro podr\u00e1s superar cualquier prueba de Gran Fondo con garant\u00edas y sobre todo, disfrutar de ellas que es de lo que se trata \ud83d\ude42 \u00c9sta es mi historia en el mundo de las Marchas Gran Fondo<\/p>\n","protected":false},"excerpt":{"rendered":"<p>Este libro ha sido creado para el entrenamiento a medida para cualquier prueba de gran fondo de ciclismo de carretera. Pruebas que comprenden habitualmente una distancia de m\u00e1s de 150km y al menos 2000 metros de desnivel. En el mismo, encontrar\u00e9is planes personalizados en base a las principales medidas de referencia existentes (frecuencia card\u00edaca y [&hellip;]<\/p>\n","protected":false},"featured_media":10256,"comment_status":"open","ping_status":"closed","template":"","meta":{"_et_pb_use_builder":"off","_et_pb_old_content":"\u201cNada es lo que parece, nada parece lo que es\u201d\r\n\r\n[learn_more caption=\"leer m\u00e1s\"]Nos pasamos la mayor parte de nuestra existencia sumidos en una profunda oscuridad, y no somos conscientes de que con un simple gesto, podemos pulsar el interruptor que llenar\u00eda nuestra vida de luz y felicidad. Pocas son las personas capaces de ver que malgastando nuestro tiempo en esa pelea constante con nosotros mismos y con los dem\u00e1s nunca llegaremos a encontrar lo que realmente buscamos, el amor. El amor llegar\u00e1 a ti si le abres la puerta, o al menos una ventana. El amor no es perfecto, pero es lo \u00fanico por lo que merece la pena sufrir, y sobre todo vivir.[\/learn_more]","_et_gb_content_width":""},"product_brand":[],"product_cat":[348,222],"product_tag":[214],"class_list":{"0":"post-10016","1":"product","2":"type-product","3":"status-publish","4":"has-post-thumbnail","6":"product_cat-chema-arguedas-lozano","7":"product_cat-editorial-anteo","8":"product_tag-crecimiento-personal","9":"product_shipping_class-envio-estandar","11":"first","12":"instock","13":"taxable","14":"shipping-taxable","15":"purchasable","16":"product-type-simple"},"_links":{"self":[{"href":"https:\/\/v31.es\/booksonline\/wp-json\/wp\/v2\/product\/10016","targetHints":{"allow":["GET"]}}],"collection":[{"href":"https:\/\/v31.es\/booksonline\/wp-json\/wp\/v2\/product"}],"about":[{"href":"https:\/\/v31.es\/booksonline\/wp-json\/wp\/v2\/types\/product"}],"replies":[{"embeddable":true,"href":"https:\/\/v31.es\/booksonline\/wp-json\/wp\/v2\/comments?post=10016"}],"wp:featuredmedia":[{"embeddable":true,"href":"https:\/\/v31.es\/booksonline\/wp-json\/wp\/v2\/media\/10256"}],"wp:attachment":[{"href":"https:\/\/v31.es\/booksonline\/wp-json\/wp\/v2\/media?parent=10016"}],"wp:term":[{"taxonomy":"product_brand","embeddable":true,"href":"https:\/\/v31.es\/booksonline\/wp-json\/wp\/v2\/product_brand?post=10016"},{"taxonomy":"product_cat","embeddable":true,"href":"https:\/\/v31.es\/booksonline\/wp-json\/wp\/v2\/product_cat?post=10016"},{"taxonomy":"product_tag","embeddable":true,"href":"https:\/\/v31.es\/booksonline\/wp-json\/wp\/v2\/product_tag?post=10016"}],"curies":[{"name":"wp","href":"https:\/\/api.w.org\/{rel}","templated":true}]}}