{"id":10067,"date":"2022-03-04T07:50:24","date_gmt":"2022-03-04T06:50:24","guid":{"rendered":"https:\/\/v31.es\/booksonline\/?post_type=product&#038;p=10067"},"modified":"2022-03-25T13:09:31","modified_gmt":"2022-03-25T12:09:31","slug":"os-reto-a-un-buen-rato","status":"publish","type":"product","link":"https:\/\/v31.es\/booksonline\/producto\/os-reto-a-un-buen-rato\/","title":{"rendered":"Os reto a un buen rato"},"content":{"rendered":"<p>Libro de juegos y aventuras en familia para ni\u00f1os a partir de 6 a\u00f1os<br \/>\n5 cap\u00edtulos con 5 juegos diferentes donde tendr\u00e1s que demostrar toda tu habilidad para resolver estos misterios.<\/p>\n<p>&#8211; El capit\u00e1n mala pata: Necesita tripulaci\u00f3n para descubrir el mayor tesoro de todos los tiempos- \u00bf Te apuntas a la lista grumete?<\/p>\n<p>&#8211; El circo altibajo: Tras su \u00e9xito internacional el circo altibajo llega a la ciudad con un mont\u00f3n de personajes peculiares, tendr\u00e1s que ayudarles para que el circo sea un gran espect\u00e1culo.<\/p>\n<p>-El robo en la mansi\u00f3n Langudo: El se\u00f1or Langudo necesita un detective para resolver el misterio del robo en su mansi\u00f3n. Ofrece una gran recompensa. \u00bf Eres t\u00fa el super detective dispuesto ayudar al se\u00f1or Langudo?<\/p>\n<p>&#8211; El papiro apestoso: Un gran descubrimiento en la gran pir\u00e1mide, se necesitan arque\u00f3logos dispuestos a entrar en una pir\u00e1mide maldita.<\/p>\n<p>&#8211; El caso espaguetti: A el se\u00f1or Tortelini le han robado todos los ingredientes para hacer espaguettis, y sin pasta no hay pasta. Ayuda al se\u00f1or tortellini a buscar los ingredientes para que su restaurante no tenga que cerrar.<\/p>\n","protected":false},"excerpt":{"rendered":"<p>Libro de juegos y aventuras en familia para ni\u00f1os a partir de 6 a\u00f1os 5 cap\u00edtulos con 5 juegos diferentes donde tendr\u00e1s que demostrar toda tu habilidad para resolver estos misterios. &#8211; El capit\u00e1n mala pata: Necesita tripulaci\u00f3n para descubrir el mayor tesoro de todos los tiempos- \u00bf Te apuntas a la lista grumete? &#8211; [&hellip;]<\/p>\n","protected":false},"featured_media":10075,"comment_status":"open","ping_status":"closed","template":"","meta":{"_et_pb_use_builder":"off","_et_pb_old_content":"\u201cNada es lo que parece, nada parece lo que es\u201d\r\n\r\n[learn_more caption=\"leer m\u00e1s\"]Nos pasamos la mayor parte de nuestra existencia sumidos en una profunda oscuridad, y no somos conscientes de que con un simple gesto, podemos pulsar el interruptor que llenar\u00eda nuestra vida de luz y felicidad. Pocas son las personas capaces de ver que malgastando nuestro tiempo en esa pelea constante con nosotros mismos y con los dem\u00e1s nunca llegaremos a encontrar lo que realmente buscamos, el amor. El amor llegar\u00e1 a ti si le abres la puerta, o al menos una ventana. El amor no es perfecto, pero es lo \u00fanico por lo que merece la pena sufrir, y sobre todo vivir.[\/learn_more]","_et_gb_content_width":""},"product_brand":[],"product_cat":[350],"product_tag":[],"class_list":{"0":"post-10067","1":"product","2":"type-product","3":"status-publish","4":"has-post-thumbnail","6":"product_cat-kiosco-de-libros","7":"product_shipping_class-envio-estandar","9":"first","10":"instock","11":"taxable","12":"shipping-taxable","13":"purchasable","14":"product-type-simple"},"_links":{"self":[{"href":"https:\/\/v31.es\/booksonline\/wp-json\/wp\/v2\/product\/10067","targetHints":{"allow":["GET"]}}],"collection":[{"href":"https:\/\/v31.es\/booksonline\/wp-json\/wp\/v2\/product"}],"about":[{"href":"https:\/\/v31.es\/booksonline\/wp-json\/wp\/v2\/types\/product"}],"replies":[{"embeddable":true,"href":"https:\/\/v31.es\/booksonline\/wp-json\/wp\/v2\/comments?post=10067"}],"wp:featuredmedia":[{"embeddable":true,"href":"https:\/\/v31.es\/booksonline\/wp-json\/wp\/v2\/media\/10075"}],"wp:attachment":[{"href":"https:\/\/v31.es\/booksonline\/wp-json\/wp\/v2\/media?parent=10067"}],"wp:term":[{"taxonomy":"product_brand","embeddable":true,"href":"https:\/\/v31.es\/booksonline\/wp-json\/wp\/v2\/product_brand?post=10067"},{"taxonomy":"product_cat","embeddable":true,"href":"https:\/\/v31.es\/booksonline\/wp-json\/wp\/v2\/product_cat?post=10067"},{"taxonomy":"product_tag","embeddable":true,"href":"https:\/\/v31.es\/booksonline\/wp-json\/wp\/v2\/product_tag?post=10067"}],"curies":[{"name":"wp","href":"https:\/\/api.w.org\/{rel}","templated":true}]}}