{"id":10261,"date":"2022-02-14T09:04:17","date_gmt":"2022-02-14T08:04:17","guid":{"rendered":"https:\/\/v31.es\/booksonline\/?post_type=product&#038;p=10261"},"modified":"2024-06-04T08:19:42","modified_gmt":"2024-06-04T06:19:42","slug":"suplementa-tus-pedaladas","status":"publish","type":"product","link":"https:\/\/v31.es\/booksonline\/producto\/suplementa-tus-pedaladas\/","title":{"rendered":"Suplementa tus pedaladas"},"content":{"rendered":"<p class=\"Poromisin\" style=\"margin-top: 0cm; line-height: normal;\"><span lang=\"ES-TRAD\" style=\"font-size: 18.0pt; font-family: Helvetica; color: #171717;\">En un lenguaje sencillo como es caracter\u00edstico en el, Chema Arguedas nos presenta una guia de suplementos con 11 productos y sus aplicaciones en el ciclismo y los deportes de resistencia en general.<\/span><\/p>\n","protected":false},"excerpt":{"rendered":"<p>En un lenguaje sencillo como es caracter\u00edstico en el, Chema Arguedas nos presenta una guia de suplementos con 11 productos y sus aplicaciones en el ciclismo y los deportes de resistencia en general.<\/p>\n","protected":false},"featured_media":10262,"comment_status":"open","ping_status":"closed","template":"","meta":{"_et_pb_use_builder":"off","_et_pb_old_content":"\u201cNada es lo que parece, nada parece lo que es\u201d\r\n\r\n[learn_more caption=\"leer m\u00e1s\"]Nos pasamos la mayor parte de nuestra existencia sumidos en una profunda oscuridad, y no somos conscientes de que con un simple gesto, podemos pulsar el interruptor que llenar\u00eda nuestra vida de luz y felicidad. Pocas son las personas capaces de ver que malgastando nuestro tiempo en esa pelea constante con nosotros mismos y con los dem\u00e1s nunca llegaremos a encontrar lo que realmente buscamos, el amor. El amor llegar\u00e1 a ti si le abres la puerta, o al menos una ventana. El amor no es perfecto, pero es lo \u00fanico por lo que merece la pena sufrir, y sobre todo vivir.[\/learn_more]","_et_gb_content_width":""},"product_brand":[],"product_cat":[348,222],"product_tag":[214],"class_list":{"0":"post-10261","1":"product","2":"type-product","3":"status-publish","4":"has-post-thumbnail","6":"product_cat-chema-arguedas-lozano","7":"product_cat-editorial-anteo","8":"product_tag-crecimiento-personal","9":"product_shipping_class-envio-estandar","11":"first","12":"instock","13":"taxable","14":"shipping-taxable","15":"purchasable","16":"product-type-simple"},"_links":{"self":[{"href":"https:\/\/v31.es\/booksonline\/wp-json\/wp\/v2\/product\/10261","targetHints":{"allow":["GET"]}}],"collection":[{"href":"https:\/\/v31.es\/booksonline\/wp-json\/wp\/v2\/product"}],"about":[{"href":"https:\/\/v31.es\/booksonline\/wp-json\/wp\/v2\/types\/product"}],"replies":[{"embeddable":true,"href":"https:\/\/v31.es\/booksonline\/wp-json\/wp\/v2\/comments?post=10261"}],"wp:featuredmedia":[{"embeddable":true,"href":"https:\/\/v31.es\/booksonline\/wp-json\/wp\/v2\/media\/10262"}],"wp:attachment":[{"href":"https:\/\/v31.es\/booksonline\/wp-json\/wp\/v2\/media?parent=10261"}],"wp:term":[{"taxonomy":"product_brand","embeddable":true,"href":"https:\/\/v31.es\/booksonline\/wp-json\/wp\/v2\/product_brand?post=10261"},{"taxonomy":"product_cat","embeddable":true,"href":"https:\/\/v31.es\/booksonline\/wp-json\/wp\/v2\/product_cat?post=10261"},{"taxonomy":"product_tag","embeddable":true,"href":"https:\/\/v31.es\/booksonline\/wp-json\/wp\/v2\/product_tag?post=10261"}],"curies":[{"name":"wp","href":"https:\/\/api.w.org\/{rel}","templated":true}]}}