{"id":10266,"date":"2022-04-13T12:05:54","date_gmt":"2022-04-13T10:05:54","guid":{"rendered":"https:\/\/v31.es\/booksonline\/?post_type=product&#038;p=10266"},"modified":"2022-04-13T12:19:41","modified_gmt":"2022-04-13T10:19:41","slug":"la-republica-invisible","status":"publish","type":"product","link":"https:\/\/v31.es\/booksonline\/producto\/la-republica-invisible\/","title":{"rendered":"La Rep\u00fablica Invisible"},"content":{"rendered":"<p>Un viatger de la segona meitat del segle XIX dispara una foto davant de l\u2019hostal Calones, a la Rep\u00fablica d\u2019Andorra. En tornar al seu pa\u00eds i revelar la placa, s\u2019adona que la imatge que hi apareix no t\u00e9 res a veure amb el que havia descobert durant el viatge. Com altres milers de visitants, el viatger rom\u00e0ntic havia pujat al petit pa\u00eds dels Pirineus a la recerca d\u2019un mite m\u00e9s visible en la seva imaginaci\u00f3 que en la realitat.<\/p>\n<p>Avui, un segle i mig despr\u00e9s d\u2019aquell viatge, una bibliotec\u00e0ria i un periodista cerquen, al mateix barri antic d\u2019Andorra la Vella, un llibre rar i excepcional que cont\u00e9 les claus per entendre el misteri del mite andorr\u00e0.<\/p>\n<p>Joan Peruga ofereix als lectors una hist\u00f2ria seductora i apassionant, una aventura inici\u00e0tica a trav\u00e9s de llibres vells i extraordinaris.<\/p>\n","protected":false},"excerpt":{"rendered":"<p>Un viatger de la segona meitat del segle XIX dispara una foto davant de l\u2019hostal Calones, a la Rep\u00fablica d\u2019Andorra. En tornar al seu pa\u00eds i revelar la placa, s\u2019adona que la imatge que hi apareix no t\u00e9 res a veure amb el que havia descobert durant el viatge. Com altres milers de visitants, el [&hellip;]<\/p>\n","protected":false},"featured_media":10267,"comment_status":"open","ping_status":"closed","template":"","meta":{"_et_pb_use_builder":"","_et_pb_old_content":"","_et_gb_content_width":""},"product_brand":[],"product_cat":[263,262],"product_tag":[264],"class_list":{"0":"post-10266","1":"product","2":"type-product","3":"status-publish","4":"has-post-thumbnail","6":"product_cat-andorrana","7":"product_cat-joan-peruga","8":"product_tag-narrativa","9":"product_shipping_class-envio-estandar","11":"first","12":"instock","13":"taxable","14":"shipping-taxable","15":"purchasable","16":"product-type-simple"},"_links":{"self":[{"href":"https:\/\/v31.es\/booksonline\/wp-json\/wp\/v2\/product\/10266","targetHints":{"allow":["GET"]}}],"collection":[{"href":"https:\/\/v31.es\/booksonline\/wp-json\/wp\/v2\/product"}],"about":[{"href":"https:\/\/v31.es\/booksonline\/wp-json\/wp\/v2\/types\/product"}],"replies":[{"embeddable":true,"href":"https:\/\/v31.es\/booksonline\/wp-json\/wp\/v2\/comments?post=10266"}],"wp:featuredmedia":[{"embeddable":true,"href":"https:\/\/v31.es\/booksonline\/wp-json\/wp\/v2\/media\/10267"}],"wp:attachment":[{"href":"https:\/\/v31.es\/booksonline\/wp-json\/wp\/v2\/media?parent=10266"}],"wp:term":[{"taxonomy":"product_brand","embeddable":true,"href":"https:\/\/v31.es\/booksonline\/wp-json\/wp\/v2\/product_brand?post=10266"},{"taxonomy":"product_cat","embeddable":true,"href":"https:\/\/v31.es\/booksonline\/wp-json\/wp\/v2\/product_cat?post=10266"},{"taxonomy":"product_tag","embeddable":true,"href":"https:\/\/v31.es\/booksonline\/wp-json\/wp\/v2\/product_tag?post=10266"}],"curies":[{"name":"wp","href":"https:\/\/api.w.org\/{rel}","templated":true}]}}