{"id":10269,"date":"2022-04-25T10:32:43","date_gmt":"2022-04-25T08:32:43","guid":{"rendered":"https:\/\/v31.es\/booksonline\/?post_type=product&#038;p=10269"},"modified":"2024-06-03T11:29:46","modified_gmt":"2024-06-03T09:29:46","slug":"nueva-cultura-del-agua","status":"publish","type":"product","link":"https:\/\/v31.es\/booksonline\/producto\/nueva-cultura-del-agua\/","title":{"rendered":"Nueva Cultura del Agua"},"content":{"rendered":"<p>Esta revista est\u00e1 realizada con los fondos del Archivo Centro de Recuperaci\u00f3n de Pegatinas que es el nombre art\u00edstico del archivo construido desde hace treinta y cinco a\u00f1os por Chorche Paniello Puig.<br \/>\nSomos totalmente conscientes de que no est\u00e1n todas las pegatinas que abogan por una nueva cultura del agua, as\u00ed que si tienes alguna que no sale aqu\u00ed puedes enviarla a la direcci\u00f3n que abajo se indica.<br \/>\nAunque te parezca una tonter\u00eda es muy importante que las mandes, pues aqu\u00ed est\u00e1n las pruebas fehacientes de luchas muy significadas. Tienen un gran valor, informativo y como ejemplo, ante una sociedad desmemoriada, llena de miedos, vencida por el consumo y la propaganda oficial.<br \/>\nLa lucha que no se documenta es una lucha que no ha existido para la Historia.<br \/>\nEl archivo se ha constru\u00eddo con centenares de colaboradores an\u00f3nimos y personas que han donado sus fondos con el fin de ser conservados para la posteridad y expuestos para el conocimiento de la poblaci\u00f3n.<br \/>\nPara este monogr\u00e1fico han cedido algunas de las im\u00e1genes que veis aqu\u00ed las siguientes personas: Pau Gim\u00e9nez, Manuel G\u00e1lvez, Fernando Ardid, Fernando Romanos e I\u00f1aki Suarez. A todos ellos muy agradecido.<br \/>\nATENCI\u00d3N: Si aparecieran muchos ejemplares que no se muestran aqu\u00ed siempre es posible preparar un segundo volumen o incluirlos en una nueva edici\u00f3n.<br \/>\nLas pegatinas han sido fechadas en el momento de ser conseguidas, as\u00ed que si localizas alg\u00fan error de dataci\u00f3n en las pegatinas te agradecer\u00edamos nos lo comunicases para corregirlo.<br \/>\nCENTRO DE RECUPERACI\u00d3N DE PEGATINAS<br \/>\nAPARTADO DE CORREOS N\u00ba 139<\/p>\n","protected":false},"excerpt":{"rendered":"<p>Esta revista est\u00e1 realizada con los fondos del Archivo Centro de Recuperaci\u00f3n de Pegatinas que es el nombre art\u00edstico del archivo construido desde hace treinta y cinco a\u00f1os por Chorche Paniello Puig. Somos totalmente conscientes de que no est\u00e1n todas las pegatinas que abogan por una nueva cultura del agua, as\u00ed que si tienes alguna [&hellip;]<\/p>\n","protected":false},"featured_media":10270,"comment_status":"open","ping_status":"closed","template":"","meta":{"_et_pb_use_builder":"","_et_pb_old_content":"","_et_gb_content_width":""},"product_brand":[],"product_cat":[359,350],"product_tag":[264],"class_list":{"0":"post-10269","1":"product","2":"type-product","3":"status-publish","4":"has-post-thumbnail","6":"product_cat-chorche-paniello","7":"product_cat-kiosco-de-libros","8":"product_tag-narrativa","9":"product_shipping_class-envio-estandar","11":"first","12":"instock","13":"taxable","14":"shipping-taxable","15":"purchasable","16":"product-type-simple"},"_links":{"self":[{"href":"https:\/\/v31.es\/booksonline\/wp-json\/wp\/v2\/product\/10269","targetHints":{"allow":["GET"]}}],"collection":[{"href":"https:\/\/v31.es\/booksonline\/wp-json\/wp\/v2\/product"}],"about":[{"href":"https:\/\/v31.es\/booksonline\/wp-json\/wp\/v2\/types\/product"}],"replies":[{"embeddable":true,"href":"https:\/\/v31.es\/booksonline\/wp-json\/wp\/v2\/comments?post=10269"}],"wp:featuredmedia":[{"embeddable":true,"href":"https:\/\/v31.es\/booksonline\/wp-json\/wp\/v2\/media\/10270"}],"wp:attachment":[{"href":"https:\/\/v31.es\/booksonline\/wp-json\/wp\/v2\/media?parent=10269"}],"wp:term":[{"taxonomy":"product_brand","embeddable":true,"href":"https:\/\/v31.es\/booksonline\/wp-json\/wp\/v2\/product_brand?post=10269"},{"taxonomy":"product_cat","embeddable":true,"href":"https:\/\/v31.es\/booksonline\/wp-json\/wp\/v2\/product_cat?post=10269"},{"taxonomy":"product_tag","embeddable":true,"href":"https:\/\/v31.es\/booksonline\/wp-json\/wp\/v2\/product_tag?post=10269"}],"curies":[{"name":"wp","href":"https:\/\/api.w.org\/{rel}","templated":true}]}}