{"id":10271,"date":"2022-04-25T10:41:15","date_gmt":"2022-04-25T08:41:15","guid":{"rendered":"https:\/\/v31.es\/booksonline\/?post_type=product&#038;p=10271"},"modified":"2024-06-03T11:20:10","modified_gmt":"2024-06-03T09:20:10","slug":"carlos-azagra-y-encarna-revuelto","status":"publish","type":"product","link":"https:\/\/v31.es\/booksonline\/producto\/carlos-azagra-y-encarna-revuelto\/","title":{"rendered":"Carlos Azagra y Encarna Revuelto"},"content":{"rendered":"<p>Empezar afirmando con rotundidad que esta publicaci\u00f3n no es un ejercicio de nostalgia, ya que por suerte, la pareja protagonista est\u00e1 m\u00e1s viva y activa que nunca. Prueba de ello, es su trabajo casi fren\u00e9tico con diversas editoriales aragonesas.<br \/>\nArag\u00f3n tiene una deuda pendiente con Carlos Azagra y esa deuda es su reconocimiento en vida a toda una trayectoria de lealtad y honestidad a las causas populares y de defensa del territorio.<br \/>\nMientras esperamos que alguna instituci\u00f3n se lo d\u00e9, aqu\u00ed, como parte del Pueblo, nos otorgamos la potestad de reconocerlo y es por eso, que este n\u00famero 2 es un monogr\u00e1fico que recoge su obra gr\u00e1fica generada en formato adhesivo, utensilio que tanto han usado los colectivos y las asociaciones para difundir sus causas y solicitar ayuda.<br \/>\nAdem\u00e1s, comunicar a la sociedad de que queda pendiente un trabajo exhaustivo para recopilar toda la obra generada relacionada con los pueblos y gentes de Arag\u00f3n que est\u00e1 en estos momentos totalmente diluida en multitud de publicaciones.<br \/>\nEn la construcci\u00f3n del cuaderno han participado personas que han tenido relaci\u00f3n con la pareja de artistas a lo largo de su vida en todas sus facetas y tiempos y que por su accesibilidad se ha podido contactar con ellas. Tambi\u00e9n se ha elegido a otras que por su relevancia ampl\u00edan y legitiman este trabajo.<br \/>\nComo la vida social de la pareja es muy activa, hubieran sido cientos las personas que hubieran querido colaborar aqu\u00ed dejando constancia de su amistad y aprecio pero como el espacio es el que es, se ha optado por dar voz a personas representativas de la escena cultural, social y musical puesto que estos son los colectivos a los que tantas veces se les ha dado visibilidad en las vi\u00f1etas dibujadas por nuestros protagonistas.<\/p>\n","protected":false},"excerpt":{"rendered":"<p>Empezar afirmando con rotundidad que esta publicaci\u00f3n no es un ejercicio de nostalgia, ya que por suerte, la pareja protagonista est\u00e1 m\u00e1s viva y activa que nunca. Prueba de ello, es su trabajo casi fren\u00e9tico con diversas editoriales aragonesas. Arag\u00f3n tiene una deuda pendiente con Carlos Azagra y esa deuda es su reconocimiento en vida [&hellip;]<\/p>\n","protected":false},"featured_media":10272,"comment_status":"open","ping_status":"closed","template":"","meta":{"_et_pb_use_builder":"","_et_pb_old_content":"","_et_gb_content_width":""},"product_brand":[],"product_cat":[359,350],"product_tag":[],"class_list":{"0":"post-10271","1":"product","2":"type-product","3":"status-publish","4":"has-post-thumbnail","6":"product_cat-chorche-paniello","7":"product_cat-kiosco-de-libros","8":"product_shipping_class-envio-estandar","10":"first","11":"instock","12":"taxable","13":"shipping-taxable","14":"purchasable","15":"product-type-simple"},"_links":{"self":[{"href":"https:\/\/v31.es\/booksonline\/wp-json\/wp\/v2\/product\/10271","targetHints":{"allow":["GET"]}}],"collection":[{"href":"https:\/\/v31.es\/booksonline\/wp-json\/wp\/v2\/product"}],"about":[{"href":"https:\/\/v31.es\/booksonline\/wp-json\/wp\/v2\/types\/product"}],"replies":[{"embeddable":true,"href":"https:\/\/v31.es\/booksonline\/wp-json\/wp\/v2\/comments?post=10271"}],"wp:featuredmedia":[{"embeddable":true,"href":"https:\/\/v31.es\/booksonline\/wp-json\/wp\/v2\/media\/10272"}],"wp:attachment":[{"href":"https:\/\/v31.es\/booksonline\/wp-json\/wp\/v2\/media?parent=10271"}],"wp:term":[{"taxonomy":"product_brand","embeddable":true,"href":"https:\/\/v31.es\/booksonline\/wp-json\/wp\/v2\/product_brand?post=10271"},{"taxonomy":"product_cat","embeddable":true,"href":"https:\/\/v31.es\/booksonline\/wp-json\/wp\/v2\/product_cat?post=10271"},{"taxonomy":"product_tag","embeddable":true,"href":"https:\/\/v31.es\/booksonline\/wp-json\/wp\/v2\/product_tag?post=10271"}],"curies":[{"name":"wp","href":"https:\/\/api.w.org\/{rel}","templated":true}]}}