{"id":10276,"date":"2022-05-31T09:21:07","date_gmt":"2022-05-31T07:21:07","guid":{"rendered":"https:\/\/v31.es\/booksonline\/?post_type=product&#038;p=10276"},"modified":"2024-06-03T11:17:25","modified_gmt":"2024-06-03T09:17:25","slug":"nadie-se-apeara-en","status":"publish","type":"product","link":"https:\/\/v31.es\/booksonline\/producto\/nadie-se-apeara-en\/","title":{"rendered":"Nadie se apear\u00e1 en&#8230;"},"content":{"rendered":"<p>Nadie se apear\u00e1 en Turu\u00f1ana, camino de Canfranc<\/p>\n<p>Siempre se ha negado que \u00ablas estaciones de castigo\u00bb existieran. Pero lo cierto es que Javier, tras un error cometido en su anterior destino ferroviario, por cuyas consecuencias perdieron la vida siete personas, es enviado a la fuerza a Turu\u00f1ana, and\u00e9n de un apartado paraje dif\u00edcilmente localizable, y que pertenece a la v\u00eda f\u00e9rrea de Zaragoza a Canfranc, en plena campi\u00f1a de Arag\u00f3n. Eran los \u00faltimos a\u00f1os de la dictadura cuando el nuevo jefe de estaci\u00f3n, su esposa y sus dos ni\u00f1os llegan a Turu\u00f1ana en una g\u00e9lida madrugada de enero, con la creencia de que van a un pueblo de dos mil habitantes. Pero pronto se dar\u00e1n cuenta del enga\u00f1o, de que Turu\u00f1ana est\u00e1 en medio de la nada, en medio de ning\u00fan sitio; que no es la estaci\u00f3n de nadie, y es solo un enlace de dos v\u00edas que se pierden por horizontes distintos y casi vac\u00edos. La angustia de los reci\u00e9n llegados todav\u00eda ser\u00e1 mayor cuando descubran que el resto de los ferroviarios all\u00ed condenados, junto con sus familias, llevan d\u00e9cadas aislados del mundo y ahogados en la locura.<\/p>\n<p>El relato en Turu\u00f1ana transcurre a la par que el tr\u00e1fico internacional ferroviario por Canfranc queda interrumpido definitivamente, tras haberse hundido un puente en el lado franc\u00e9s del trazado. El cierre provocar\u00e1 en todos los habitantes de este extra\u00f1o paraje, situado a m\u00e1s de cien kil\u00f3metros de la frontera, una incertidumbre antes impensable. All\u00e1 donde nada necesitaban, tendr\u00e1n que renunciar a todo, pues Turu\u00f1ana dejar\u00e1 de ser \u00fatil sin el trasiego de viajeros y mercanc\u00edas hacia el centro de Europa. Se ver\u00e1n obligados a abandonar sus destinos y sus casas, y a despedirse de sus sencillas vidas en esa estaci\u00f3n, pr\u00e1cticamente sumidas en el siglo XIX, para darse de bruces con las modernidades de 1970.<\/p>\n<p>Javier, el nuevo jefe, y Virginia, su mujer, as\u00ed como sus hijos, vivir\u00e1n con intensidad esos a\u00f1os en Turu\u00f1ana, expectantes ante las continuas extravagancias y delirios de sus vecinos. Estas escenas son narradas por el autor con una habilidad berlanganiana, y rinden, con m\u00e1s de un gui\u00f1o, un particular homenaje a los tambi\u00e9n cineastas Emir Kusturica y Jir\u00ed Menzel, en un c\u00f3ctel explosivo de humor (de humor inteligente, a raudales y sin destilar), esperpento, iron\u00eda, surrealismo, burla y ternura. La nueva familia ferroviaria tambi\u00e9n se sentir\u00e1 conmovida por la enorme belleza de los paisajes de ese somontano de Huesca, que se visten y desvisten profusamente con el paso de los solsticios y equinoccios.<\/p>\n<p>&nbsp;<\/p>\n","protected":false},"excerpt":{"rendered":"<p>Nadie se apear\u00e1 en Turu\u00f1ana, camino de Canfranc Siempre se ha negado que \u00ablas estaciones de castigo\u00bb existieran. Pero lo cierto es que Javier, tras un error cometido en su anterior destino ferroviario, por cuyas consecuencias perdieron la vida siete personas, es enviado a la fuerza a Turu\u00f1ana, and\u00e9n de un apartado paraje dif\u00edcilmente localizable, [&hellip;]<\/p>\n","protected":false},"featured_media":10277,"comment_status":"open","ping_status":"closed","template":"","meta":{"_et_pb_use_builder":"off","_et_pb_old_content":"\u201cNada es lo que parece, nada parece lo que es\u201d\r\n\r\n[learn_more caption=\"leer m\u00e1s\"]Nos pasamos la mayor parte de nuestra existencia sumidos en una profunda oscuridad, y no somos conscientes de que con un simple gesto, podemos pulsar el interruptor que llenar\u00eda nuestra vida de luz y felicidad. Pocas son las personas capaces de ver que malgastando nuestro tiempo en esa pelea constante con nosotros mismos y con los dem\u00e1s nunca llegaremos a encontrar lo que realmente buscamos, el amor. El amor llegar\u00e1 a ti si le abres la puerta, o al menos una ventana. El amor no es perfecto, pero es lo \u00fanico por lo que merece la pena sufrir, y sobre todo vivir.[\/learn_more]","_et_gb_content_width":""},"product_brand":[],"product_cat":[350,362],"product_tag":[214],"class_list":{"0":"post-10276","1":"product","2":"type-product","3":"status-publish","4":"has-post-thumbnail","6":"product_cat-kiosco-de-libros","7":"product_cat-ricardo-galtier-marti","8":"product_tag-crecimiento-personal","9":"product_shipping_class-envio-estandar","11":"first","12":"instock","13":"taxable","14":"shipping-taxable","15":"purchasable","16":"product-type-simple"},"_links":{"self":[{"href":"https:\/\/v31.es\/booksonline\/wp-json\/wp\/v2\/product\/10276","targetHints":{"allow":["GET"]}}],"collection":[{"href":"https:\/\/v31.es\/booksonline\/wp-json\/wp\/v2\/product"}],"about":[{"href":"https:\/\/v31.es\/booksonline\/wp-json\/wp\/v2\/types\/product"}],"replies":[{"embeddable":true,"href":"https:\/\/v31.es\/booksonline\/wp-json\/wp\/v2\/comments?post=10276"}],"wp:featuredmedia":[{"embeddable":true,"href":"https:\/\/v31.es\/booksonline\/wp-json\/wp\/v2\/media\/10277"}],"wp:attachment":[{"href":"https:\/\/v31.es\/booksonline\/wp-json\/wp\/v2\/media?parent=10276"}],"wp:term":[{"taxonomy":"product_brand","embeddable":true,"href":"https:\/\/v31.es\/booksonline\/wp-json\/wp\/v2\/product_brand?post=10276"},{"taxonomy":"product_cat","embeddable":true,"href":"https:\/\/v31.es\/booksonline\/wp-json\/wp\/v2\/product_cat?post=10276"},{"taxonomy":"product_tag","embeddable":true,"href":"https:\/\/v31.es\/booksonline\/wp-json\/wp\/v2\/product_tag?post=10276"}],"curies":[{"name":"wp","href":"https:\/\/api.w.org\/{rel}","templated":true}]}}