{"id":10302,"date":"2022-11-30T08:20:39","date_gmt":"2022-11-30T07:20:39","guid":{"rendered":"https:\/\/v31.es\/booksonline\/?post_type=product&#038;p=10302"},"modified":"2024-06-03T11:04:56","modified_gmt":"2024-06-03T09:04:56","slug":"historias-dantis-mas-de-biscarrues","status":"publish","type":"product","link":"https:\/\/v31.es\/booksonline\/producto\/historias-dantis-mas-de-biscarrues\/","title":{"rendered":"Falordias d&#8217;antis m\u00e1s de Biscarru\u00e9s"},"content":{"rendered":"<p>Recordar, contar, escribir<br \/>\nUna istoria siempre blinca cuando se chunta a chen y se repasa o correr d&#8217;a suya vida frente a una mirada que ye capaz de sentir.<br \/>\nAsinas naze iste libro d &#8216;as mans de Sandra Aragu\u00e1s que acotrazia ringleras a partir de varias trabadas con muitas mullers, y bel ombre, con edaz dende os 60 hasta m\u00e1s de 90 a\u00f1os, d&#8217;o nuestro monezipio en o que nos achuntamos Biscarru\u00e9s, Piamorrera, Er\u00e9s y A Presa d&#8217;o Galligo.<br \/>\nD&#8217; ista traza grazias a la empenta de !&#8217;Asociaci\u00f3n de Mujeres \u00abVirgen de Vallipuer-to\u00bb, o ziclo de l&#8217;a\u00f1o, d&#8217;a vida va pasando por istos capitulas con o ibierno y as tronadas, a primavera y as flores, o verano con a siega, a sanmigalada y as almendras y ascape a matazia d&#8217;o tozino paqueo ziclo torne a prenzipiar.<br \/>\nEn Biscarru\u00e9s se charran istorias de cuando una naranja yera un tresoro, d&#8217;os tre-ballas d&#8217;o monte, de chitanos, d&#8217;a Semana Santa y os suyos rezos, d&#8217;a escuela y os suyos carra\u00f1azos, d&#8217;a calor y as fiestas, con cuentez como o d&#8217;o zagardacho y otros poemas y cantas que dond\u00edan por a memoria d &#8216;a chen.<br \/>\nEn Piamorrera se troba a escuela a rebutir, as modistillas, os bailes, as judiadas y ixa traza tan aragonesa de vivir con grazia y umor socarr\u00f3n, a dura vida d&#8217;os a\u00f1os 1950-1960.<\/p>\n","protected":false},"excerpt":{"rendered":"<p>Recordar, contar, escribir Una istoria siempre blinca cuando se chunta a chen y se repasa o correr d&#8217;a suya vida frente a una mirada que ye capaz de sentir. Asinas naze iste libro d &#8216;as mans de Sandra Aragu\u00e1s que acotrazia ringleras a partir de varias trabadas con muitas mullers, y bel ombre, con edaz [&hellip;]<\/p>\n","protected":false},"featured_media":10305,"comment_status":"open","ping_status":"closed","template":"","meta":{"_et_pb_use_builder":"off","_et_pb_old_content":"\u201cNada es lo que parece, nada parece lo que es\u201d\r\n\r\n[learn_more caption=\"leer m\u00e1s\"]Nos pasamos la mayor parte de nuestra existencia sumidos en una profunda oscuridad, y no somos conscientes de que con un simple gesto, podemos pulsar el interruptor que llenar\u00eda nuestra vida de luz y felicidad. Pocas son las personas capaces de ver que malgastando nuestro tiempo en esa pelea constante con nosotros mismos y con los dem\u00e1s nunca llegaremos a encontrar lo que realmente buscamos, el amor. El amor llegar\u00e1 a ti si le abres la puerta, o al menos una ventana. El amor no es perfecto, pero es lo \u00fanico por lo que merece la pena sufrir, y sobre todo vivir.[\/learn_more]","_et_gb_content_width":""},"product_brand":[],"product_cat":[367,372,370,371,255,369],"product_tag":[373],"class_list":{"0":"post-10302","1":"product","2":"type-product","3":"status-publish","4":"has-post-thumbnail","6":"product_cat-beatriz-lacruz","7":"product_cat-efemera","8":"product_cat-lola-gimenez-banzo","9":"product_cat-rosa-mai","10":"product_cat-sandra-araguas","11":"product_cat-toni-de-la-rosa","12":"product_tag-cultura-y-tradicion","13":"product_shipping_class-envio-estandar","15":"first","16":"instock","17":"taxable","18":"shipping-taxable","19":"purchasable","20":"product-type-simple"},"_links":{"self":[{"href":"https:\/\/v31.es\/booksonline\/wp-json\/wp\/v2\/product\/10302","targetHints":{"allow":["GET"]}}],"collection":[{"href":"https:\/\/v31.es\/booksonline\/wp-json\/wp\/v2\/product"}],"about":[{"href":"https:\/\/v31.es\/booksonline\/wp-json\/wp\/v2\/types\/product"}],"replies":[{"embeddable":true,"href":"https:\/\/v31.es\/booksonline\/wp-json\/wp\/v2\/comments?post=10302"}],"wp:featuredmedia":[{"embeddable":true,"href":"https:\/\/v31.es\/booksonline\/wp-json\/wp\/v2\/media\/10305"}],"wp:attachment":[{"href":"https:\/\/v31.es\/booksonline\/wp-json\/wp\/v2\/media?parent=10302"}],"wp:term":[{"taxonomy":"product_brand","embeddable":true,"href":"https:\/\/v31.es\/booksonline\/wp-json\/wp\/v2\/product_brand?post=10302"},{"taxonomy":"product_cat","embeddable":true,"href":"https:\/\/v31.es\/booksonline\/wp-json\/wp\/v2\/product_cat?post=10302"},{"taxonomy":"product_tag","embeddable":true,"href":"https:\/\/v31.es\/booksonline\/wp-json\/wp\/v2\/product_tag?post=10302"}],"curies":[{"name":"wp","href":"https:\/\/api.w.org\/{rel}","templated":true}]}}