{"id":10316,"date":"2022-12-20T09:38:07","date_gmt":"2022-12-20T08:38:07","guid":{"rendered":"https:\/\/v31.es\/booksonline\/?post_type=product&#038;p=10316"},"modified":"2024-06-03T10:48:06","modified_gmt":"2024-06-03T08:48:06","slug":"asi-se-juega-en-biscarrues","status":"publish","type":"product","link":"https:\/\/v31.es\/booksonline\/producto\/asi-se-juega-en-biscarrues\/","title":{"rendered":"As\u00ed se juega en Biscarru\u00e9s"},"content":{"rendered":"<p>Hubo un tiempo en el que las calles de Biscarru\u00e9s sonaban acanciones infantiles, chocar de cuerdas y pisadas r\u00e1pidas, mientras nin\u00f1os y ni\u00f1as se persegu\u00edan, corr\u00edan, saltaban &#8230; jugaban.<\/p>\n<p>En cualquier lugar se improvisaba un tobog\u00e1n, las cuerdas de la matac\u00eda pod\u00edan convertirse en columpios y las paredes y vallas eran escaladas por h\u00e1biles y traviesos trepadores que prefer\u00edan entrar a los sitios por el lugar m\u00e1s dif\u00edcil, m\u00e1s divertido.<br \/>\nSe ten\u00eda mucho tiempo para jugar, aunque curiosamente no hab\u00eda tanto tiempo como juegos se jugaban, creaban, improvisaban o compart\u00edan. Se jugaba en los recreos, tambi\u00e9n en la plaza despu\u00e9s de salir de la escuela. No hab\u00eda deberes, en realidad se jugaba hasta que ven\u00eda la cabrer\u00eda y se hac\u00eda de noche.<br \/>\nLas vacaciones, los veranos, tambi\u00e9n aumentaban el n\u00famero de ni\u00f1os y de travesuras en el pueblo. Igual que ahora.<\/p>\n","protected":false},"excerpt":{"rendered":"<p>Hubo un tiempo en el que las calles de Biscarru\u00e9s sonaban acanciones infantiles, chocar de cuerdas y pisadas r\u00e1pidas, mientras nin\u00f1os y ni\u00f1as se persegu\u00edan, corr\u00edan, saltaban &#8230; jugaban. En cualquier lugar se improvisaba un tobog\u00e1n, las cuerdas de la matac\u00eda pod\u00edan convertirse en columpios y las paredes y vallas eran escaladas por h\u00e1biles y [&hellip;]<\/p>\n","protected":false},"featured_media":10318,"comment_status":"open","ping_status":"closed","template":"","meta":{"_et_pb_use_builder":"off","_et_pb_old_content":"\u201cNada es lo que parece, nada parece lo que es\u201d\r\n\r\n[learn_more caption=\"leer m\u00e1s\"]Nos pasamos la mayor parte de nuestra existencia sumidos en una profunda oscuridad, y no somos conscientes de que con un simple gesto, podemos pulsar el interruptor que llenar\u00eda nuestra vida de luz y felicidad. Pocas son las personas capaces de ver que malgastando nuestro tiempo en esa pelea constante con nosotros mismos y con los dem\u00e1s nunca llegaremos a encontrar lo que realmente buscamos, el amor. El amor llegar\u00e1 a ti si le abres la puerta, o al menos una ventana. El amor no es perfecto, pero es lo \u00fanico por lo que merece la pena sufrir, y sobre todo vivir.[\/learn_more]","_et_gb_content_width":""},"product_brand":[],"product_cat":[367,372,370,371,255,369],"product_tag":[373],"class_list":{"0":"post-10316","1":"product","2":"type-product","3":"status-publish","4":"has-post-thumbnail","6":"product_cat-beatriz-lacruz","7":"product_cat-efemera","8":"product_cat-lola-gimenez-banzo","9":"product_cat-rosa-mai","10":"product_cat-sandra-araguas","11":"product_cat-toni-de-la-rosa","12":"product_tag-cultura-y-tradicion","13":"product_shipping_class-envio-estandar","15":"first","16":"instock","17":"taxable","18":"shipping-taxable","19":"purchasable","20":"product-type-simple"},"_links":{"self":[{"href":"https:\/\/v31.es\/booksonline\/wp-json\/wp\/v2\/product\/10316","targetHints":{"allow":["GET"]}}],"collection":[{"href":"https:\/\/v31.es\/booksonline\/wp-json\/wp\/v2\/product"}],"about":[{"href":"https:\/\/v31.es\/booksonline\/wp-json\/wp\/v2\/types\/product"}],"replies":[{"embeddable":true,"href":"https:\/\/v31.es\/booksonline\/wp-json\/wp\/v2\/comments?post=10316"}],"wp:featuredmedia":[{"embeddable":true,"href":"https:\/\/v31.es\/booksonline\/wp-json\/wp\/v2\/media\/10318"}],"wp:attachment":[{"href":"https:\/\/v31.es\/booksonline\/wp-json\/wp\/v2\/media?parent=10316"}],"wp:term":[{"taxonomy":"product_brand","embeddable":true,"href":"https:\/\/v31.es\/booksonline\/wp-json\/wp\/v2\/product_brand?post=10316"},{"taxonomy":"product_cat","embeddable":true,"href":"https:\/\/v31.es\/booksonline\/wp-json\/wp\/v2\/product_cat?post=10316"},{"taxonomy":"product_tag","embeddable":true,"href":"https:\/\/v31.es\/booksonline\/wp-json\/wp\/v2\/product_tag?post=10316"}],"curies":[{"name":"wp","href":"https:\/\/api.w.org\/{rel}","templated":true}]}}