{"id":10319,"date":"2022-12-27T09:43:13","date_gmt":"2022-12-27T08:43:13","guid":{"rendered":"https:\/\/v31.es\/booksonline\/?post_type=product&#038;p=10319"},"modified":"2024-06-03T10:47:00","modified_gmt":"2024-06-03T08:47:00","slug":"biscarrues-su-presencia","status":"publish","type":"product","link":"https:\/\/v31.es\/booksonline\/producto\/biscarrues-su-presencia\/","title":{"rendered":"Biscarru\u00e9s su Presencia&#8230;"},"content":{"rendered":"<p>De algunos de los estudios que, con amor a esta tierra, tengo realizados, he reunido una serie de datos entresacados de documentos y publicaciones, con el pro-p\u00f3sito de que puedan servir para el mejor conocimiento de aquella por quienes hoy la est\u00e1n habitando, adheridos al mismo terru\u00f1o de sus antepasados y con ansia de saber lo que aquellos fueron capaces de hacer para que nosotros, ahora, sigamos rezando en el mismo templo, reposando en las casas heredadas o trabajando en los campos que, con su esfuerzo, un d\u00eda levantaron o allanaron para su descanso y sustento y el de sus sucesivas generaciones.<br \/>\nSe ha despertado, ciertamente, en los tiempos presentes, un creciente inter\u00e9s por el pasado, por la historia, por el conocimiento de los hilos que nos unen a los or\u00edgenes, por descifrar m\u00e1s los lazos que nos atan a los antecesores; y ello, de una parte, para satisfacci\u00f3n de la propia curiosidad sobre cuanto ha sucedido y, de otra, porque los individuos nos sentimos hoy, posiblemente, inseguros ante los problemas presentes y del futuro, ya sean sociales, econ\u00f3micos, ecol\u00f3gicos o morales. Este trabajo quiere responder, o al menos lo pretende, a las primeras inquietudes y aportar informaci\u00f3n a quienes deseen adentrarse en las ra\u00edces de este pueblo, una peque\u00f1a comunidad con vida reducida a un espacio limitado, sin grandes hechos, pero llena de sencillas acciones de mucha importancia para sus gentes, aunque quiz\u00e1 de escaso inter\u00e9s para el extra\u00f1o. He recopilado muchas de ellas y, seguramente, su relato parecer\u00e1 mon\u00f3tono y reiterativo, pero en \u00e9l encontrar\u00e1n, quienes los busquen, sus ancestros y podr\u00e1n seguir su historia y la de su propia familia y casa.<br \/>\nPrecisamente, la de una de ellas me ha motivado a m\u00ed para este prop\u00f3sito: un casal macizo, hecho para resistir el tiempo, con su trabajada fachada de piedra, sus recios muros, su balconada, su patio de suelo de cantos rodados, su profundo pozo, bodega, cuadra, la espaciosa sala, alcobas, oratorio y diversas estancias, el hogar con su chimenea, las grandes cadieras de madera de pino, los cuadros de santos, el mirador o solanar y el antiguo granero&#8230; Una casa austera y sobria, infanzona y se\u00f1orial. La casa hace al se\u00f1or, se dice por estas tierras, y siempre se reconoce por aqu\u00ed a las personas por el casal al que pertenecen, que lleva, en ocasiones, el nombre de unos due\u00f1os hace ya mucho tiempo desaparecidos.<\/p>\n","protected":false},"excerpt":{"rendered":"<p>De algunos de los estudios que, con amor a esta tierra, tengo realizados, he reunido una serie de datos entresacados de documentos y publicaciones, con el pro-p\u00f3sito de que puedan servir para el mejor conocimiento de aquella por quienes hoy la est\u00e1n habitando, adheridos al mismo terru\u00f1o de sus antepasados y con ansia de saber [&hellip;]<\/p>\n","protected":false},"featured_media":10320,"comment_status":"open","ping_status":"closed","template":"","meta":{"_et_pb_use_builder":"off","_et_pb_old_content":"\u201cNada es lo que parece, nada parece lo que es\u201d\r\n\r\n[learn_more caption=\"leer m\u00e1s\"]Nos pasamos la mayor parte de nuestra existencia sumidos en una profunda oscuridad, y no somos conscientes de que con un simple gesto, podemos pulsar el interruptor que llenar\u00eda nuestra vida de luz y felicidad. Pocas son las personas capaces de ver que malgastando nuestro tiempo en esa pelea constante con nosotros mismos y con los dem\u00e1s nunca llegaremos a encontrar lo que realmente buscamos, el amor. El amor llegar\u00e1 a ti si le abres la puerta, o al menos una ventana. El amor no es perfecto, pero es lo \u00fanico por lo que merece la pena sufrir, y sobre todo vivir.[\/learn_more]","_et_gb_content_width":""},"product_brand":[],"product_cat":[376,370,375],"product_tag":[373],"class_list":{"0":"post-10319","1":"product","2":"type-product","3":"status-publish","4":"has-post-thumbnail","6":"product_cat-ayuntamiento-de-biscarrues","7":"product_cat-lola-gimenez-banzo","8":"product_cat-santiago-broto-aparicio","9":"product_tag-cultura-y-tradicion","10":"product_shipping_class-envio-estandar","12":"first","13":"instock","14":"taxable","15":"shipping-taxable","16":"purchasable","17":"product-type-simple"},"_links":{"self":[{"href":"https:\/\/v31.es\/booksonline\/wp-json\/wp\/v2\/product\/10319","targetHints":{"allow":["GET"]}}],"collection":[{"href":"https:\/\/v31.es\/booksonline\/wp-json\/wp\/v2\/product"}],"about":[{"href":"https:\/\/v31.es\/booksonline\/wp-json\/wp\/v2\/types\/product"}],"replies":[{"embeddable":true,"href":"https:\/\/v31.es\/booksonline\/wp-json\/wp\/v2\/comments?post=10319"}],"wp:featuredmedia":[{"embeddable":true,"href":"https:\/\/v31.es\/booksonline\/wp-json\/wp\/v2\/media\/10320"}],"wp:attachment":[{"href":"https:\/\/v31.es\/booksonline\/wp-json\/wp\/v2\/media?parent=10319"}],"wp:term":[{"taxonomy":"product_brand","embeddable":true,"href":"https:\/\/v31.es\/booksonline\/wp-json\/wp\/v2\/product_brand?post=10319"},{"taxonomy":"product_cat","embeddable":true,"href":"https:\/\/v31.es\/booksonline\/wp-json\/wp\/v2\/product_cat?post=10319"},{"taxonomy":"product_tag","embeddable":true,"href":"https:\/\/v31.es\/booksonline\/wp-json\/wp\/v2\/product_tag?post=10319"}],"curies":[{"name":"wp","href":"https:\/\/api.w.org\/{rel}","templated":true}]}}