{"id":10321,"date":"2022-12-27T09:56:11","date_gmt":"2022-12-27T08:56:11","guid":{"rendered":"https:\/\/v31.es\/booksonline\/?post_type=product&#038;p=10321"},"modified":"2024-06-03T10:46:08","modified_gmt":"2024-06-03T08:46:08","slug":"sendero-botanico-de-la-galliguera","status":"publish","type":"product","link":"https:\/\/v31.es\/booksonline\/producto\/sendero-botanico-de-la-galliguera\/","title":{"rendered":"Sendero Bot\u00e1nico de la Galliguera"},"content":{"rendered":"<p>El s\u00edmil del agua como \u00abla sangre del paisaje\u00bb se visualiza con nitidez en el curso del R\u00edo G\u00e1llego cuando, dejando atr\u00e1s el Pirineo, atraviesa, entre Er\u00e9s y Biscarru\u00e9s, la comarca a la que da el nombre de La Galliguera. Serpenteando ya en su curso medio, el soto fluvial ofrece un muestrario natural\u00edstico que nos resulta sorprendente. Estamos en el \u00e1mbito del dominio mediterr\u00e1neo que, hace dos mil a\u00f1os, se\u00f1ore\u00f3 el bosque de la encina carrasca con su s\u00e9quito friolero de madro\u00f1o, aladierno, lentisco y arce de Montpellier. Pero hace ya muchos siglos que la intensa acci\u00f3n humana devor\u00f3 buena parte de ese bosque y extendi\u00f3 cultivos de cereal, almendro y olivos, m\u00e1s un pastoreo intenso por cabras y ovejas donde no alcanz\u00f3 el arado. Laderas suaves y ribazos se visten ahora m\u00e1s humildemente de un matorral ralo de romero, espliego, tomillo y cien plantas m\u00e1s que ostentan fugazmente sus flores entre Abril y Junio y se tornan gris\u00e1ceas el resto del a\u00f1o, en el doble rigor que el clima impone con las heladas de invierno y los intensos calores estivales. Cuando nos acercamos al r\u00edo, algunos quejigos anuncian ya la transici\u00f3n a un ambiente renovado y de s\u00fabito, nos topamos con el \u00abbosque en galer\u00eda\u00bb. Aqu\u00ed, la llanura de inundaci\u00f3n permite, con permiso de la topograf\u00eda, la eclosi\u00f3n de la foresta de chopos y a su sombra, sauces, aligustres, madro\u00f1os, durillos, sanguinos o cornejos crecen y se enmara\u00f1an. Varias madreselvas, la hiedra y la liana zarzaparrilla trepan por los troncos en busca de luz con sus tallos volubles. Donde el bosque se abre, prolifera un matorral denso de aneas, ca\u00f1as y juncos que hunden sus tallos en el fango gran parte del a\u00f1o. El agua y la vegetaci\u00f3n exuberante como una jungla, atraen una fauna variada en la que destaca la orn\u00edtica con aves acu\u00e1ticas como el \u00e1nade, el mirlo o el mart\u00edn pescador.<\/p>\n","protected":false},"excerpt":{"rendered":"<p>El s\u00edmil del agua como \u00abla sangre del paisaje\u00bb se visualiza con nitidez en el curso del R\u00edo G\u00e1llego cuando, dejando atr\u00e1s el Pirineo, atraviesa, entre Er\u00e9s y Biscarru\u00e9s, la comarca a la que da el nombre de La Galliguera. Serpenteando ya en su curso medio, el soto fluvial ofrece un muestrario natural\u00edstico que nos [&hellip;]<\/p>\n","protected":false},"featured_media":10322,"comment_status":"open","ping_status":"closed","template":"","meta":{"_et_pb_use_builder":"off","_et_pb_old_content":"\u201cNada es lo que parece, nada parece lo que es\u201d\r\n\r\n[learn_more caption=\"leer m\u00e1s\"]Nos pasamos la mayor parte de nuestra existencia sumidos en una profunda oscuridad, y no somos conscientes de que con un simple gesto, podemos pulsar el interruptor que llenar\u00eda nuestra vida de luz y felicidad. Pocas son las personas capaces de ver que malgastando nuestro tiempo en esa pelea constante con nosotros mismos y con los dem\u00e1s nunca llegaremos a encontrar lo que realmente buscamos, el amor. El amor llegar\u00e1 a ti si le abres la puerta, o al menos una ventana. El amor no es perfecto, pero es lo \u00fanico por lo que merece la pena sufrir, y sobre todo vivir.[\/learn_more]","_et_gb_content_width":""},"product_brand":[],"product_cat":[376,370,375],"product_tag":[373],"class_list":{"0":"post-10321","1":"product","2":"type-product","3":"status-publish","4":"has-post-thumbnail","6":"product_cat-ayuntamiento-de-biscarrues","7":"product_cat-lola-gimenez-banzo","8":"product_cat-santiago-broto-aparicio","9":"product_tag-cultura-y-tradicion","10":"product_shipping_class-envio-estandar","12":"first","13":"instock","14":"taxable","15":"shipping-taxable","16":"purchasable","17":"product-type-simple"},"_links":{"self":[{"href":"https:\/\/v31.es\/booksonline\/wp-json\/wp\/v2\/product\/10321","targetHints":{"allow":["GET"]}}],"collection":[{"href":"https:\/\/v31.es\/booksonline\/wp-json\/wp\/v2\/product"}],"about":[{"href":"https:\/\/v31.es\/booksonline\/wp-json\/wp\/v2\/types\/product"}],"replies":[{"embeddable":true,"href":"https:\/\/v31.es\/booksonline\/wp-json\/wp\/v2\/comments?post=10321"}],"wp:featuredmedia":[{"embeddable":true,"href":"https:\/\/v31.es\/booksonline\/wp-json\/wp\/v2\/media\/10322"}],"wp:attachment":[{"href":"https:\/\/v31.es\/booksonline\/wp-json\/wp\/v2\/media?parent=10321"}],"wp:term":[{"taxonomy":"product_brand","embeddable":true,"href":"https:\/\/v31.es\/booksonline\/wp-json\/wp\/v2\/product_brand?post=10321"},{"taxonomy":"product_cat","embeddable":true,"href":"https:\/\/v31.es\/booksonline\/wp-json\/wp\/v2\/product_cat?post=10321"},{"taxonomy":"product_tag","embeddable":true,"href":"https:\/\/v31.es\/booksonline\/wp-json\/wp\/v2\/product_tag?post=10321"}],"curies":[{"name":"wp","href":"https:\/\/api.w.org\/{rel}","templated":true}]}}