{"id":10331,"date":"2023-02-20T11:11:21","date_gmt":"2023-02-20T10:11:21","guid":{"rendered":"https:\/\/v31.es\/booksonline\/?post_type=product&#038;p=10331"},"modified":"2024-12-26T10:23:36","modified_gmt":"2024-12-26T09:23:36","slug":"la-fuerza-de-la-esmeralda","status":"publish","type":"product","link":"https:\/\/v31.es\/booksonline\/producto\/la-fuerza-de-la-esmeralda\/","title":{"rendered":"La Fuerza de la esmeralda"},"content":{"rendered":"<p>Una historia de amor truncada a poco de comenzar por prejuicios trasnochados que, indefectiblemente, no hacen sino herir. Una mujer que lucha, se embarca en proyectos y sale adelante. Una vida hasta cierto punto rocambolesca y siempre con el amor en primera l\u00ednea (amigos, hijos, recuerdos perennes\u2026). Alguien dijo en cierta ocasi\u00f3n que \u00ablos fuertes solo lloran una vez\u00bb.<br \/>\nAndrea cuenta en primera persona los pu\u00f1etazos y las caricias que le depar\u00f3 el destino. En todo momento, la alegr\u00eda de vivir se impone al rencor. Los azares toman baza y, al cabo de unos a\u00f1os, le devuelven la \u00abpiedra preciosa\u00bb que los miserables le robaron. En el par\u00e9ntesis entre el amor saboteado y el reencuentro, el mundo no se detiene y la voluntad y el coraje desbrozan el camino.<br \/>\nLa autora de la novela, a todas luces rom\u00e1ntica hasta el tu\u00e9tano, no puede evitar cerrar el c\u00edrculo con el broche del perd\u00f3n, el broche de una \u00abesmeralda\u00bb de color verde esperanza.<\/p>\n","protected":false},"excerpt":{"rendered":"<p>Una historia de amor truncada a poco de comenzar por prejuicios trasnochados que, indefectiblemente, no hacen sino herir. Una mujer que lucha, se embarca en proyectos y sale adelante. Una vida hasta cierto punto rocambolesca y siempre con el amor en primera l\u00ednea (amigos, hijos, recuerdos perennes\u2026). Alguien dijo en cierta ocasi\u00f3n que \u00ablos fuertes [&hellip;]<\/p>\n","protected":false},"featured_media":10332,"comment_status":"open","ping_status":"closed","template":"","meta":{"_et_pb_use_builder":"off","_et_pb_old_content":"\u201cNada es lo que parece, nada parece lo que es\u201d\r\n\r\n[learn_more caption=\"leer m\u00e1s\"]Nos pasamos la mayor parte de nuestra existencia sumidos en una profunda oscuridad, y no somos conscientes de que con un simple gesto, podemos pulsar el interruptor que llenar\u00eda nuestra vida de luz y felicidad. Pocas son las personas capaces de ver que malgastando nuestro tiempo en esa pelea constante con nosotros mismos y con los dem\u00e1s nunca llegaremos a encontrar lo que realmente buscamos, el amor. El amor llegar\u00e1 a ti si le abres la puerta, o al menos una ventana. El amor no es perfecto, pero es lo \u00fanico por lo que merece la pena sufrir, y sobre todo vivir.[\/learn_more]","_et_gb_content_width":""},"product_brand":[],"product_cat":[380],"product_tag":[36],"class_list":{"0":"post-10331","1":"product","2":"type-product","3":"status-publish","4":"has-post-thumbnail","6":"product_cat-rosario-mateos-martin","7":"product_tag-novela","8":"product_shipping_class-envio-estandar","10":"first","11":"instock","12":"taxable","13":"shipping-taxable","14":"purchasable","15":"product-type-simple"},"_links":{"self":[{"href":"https:\/\/v31.es\/booksonline\/wp-json\/wp\/v2\/product\/10331","targetHints":{"allow":["GET"]}}],"collection":[{"href":"https:\/\/v31.es\/booksonline\/wp-json\/wp\/v2\/product"}],"about":[{"href":"https:\/\/v31.es\/booksonline\/wp-json\/wp\/v2\/types\/product"}],"replies":[{"embeddable":true,"href":"https:\/\/v31.es\/booksonline\/wp-json\/wp\/v2\/comments?post=10331"}],"wp:featuredmedia":[{"embeddable":true,"href":"https:\/\/v31.es\/booksonline\/wp-json\/wp\/v2\/media\/10332"}],"wp:attachment":[{"href":"https:\/\/v31.es\/booksonline\/wp-json\/wp\/v2\/media?parent=10331"}],"wp:term":[{"taxonomy":"product_brand","embeddable":true,"href":"https:\/\/v31.es\/booksonline\/wp-json\/wp\/v2\/product_brand?post=10331"},{"taxonomy":"product_cat","embeddable":true,"href":"https:\/\/v31.es\/booksonline\/wp-json\/wp\/v2\/product_cat?post=10331"},{"taxonomy":"product_tag","embeddable":true,"href":"https:\/\/v31.es\/booksonline\/wp-json\/wp\/v2\/product_tag?post=10331"}],"curies":[{"name":"wp","href":"https:\/\/api.w.org\/{rel}","templated":true}]}}