{"id":10339,"date":"2023-03-21T11:27:13","date_gmt":"2023-03-21T10:27:13","guid":{"rendered":"https:\/\/v31.es\/booksonline\/?post_type=product&#038;p=10339"},"modified":"2023-03-21T11:45:41","modified_gmt":"2023-03-21T10:45:41","slug":"huesca-10-comarcas","status":"publish","type":"product","link":"https:\/\/v31.es\/booksonline\/producto\/huesca-10-comarcas\/","title":{"rendered":"Huesca, 10 comarcas&#8230;"},"content":{"rendered":"<p>Amplio e interesante recorrido por los monumentos art\u00edsticos de la provincia de Huesca.<\/p>\n<p>Una obra que ni aspira a entrar el la lista de los m\u00e1s vendidos, no a sentar precedentes en el g\u00e9nero de gu\u00edas de viaje, ni tampoco a convertirse en un recorrido erudito y aleccionador por la provincia de Huesca. Este libro es un sue\u00f1o compartido por cinco personas que aman, viven y sienten pasi\u00f3n por su provincia (y que ante todo buenos amigos) que ha acabado por cumplir. El sue\u00f1o compartido se ha hecho realidad.<\/p>\n<p>Las miradas curiosas de Paco, Jos\u00e9 Luis, Joaqu\u00edn, Jos\u00e9 Vicente y de Mariano y su exquisito gusto fotogr\u00e1fico dan como resultado un recorrido que huye de los principales reclamos tur\u00edsticos de la provincia y se fija en ermitas, pe\u00f1as, castillos, iglesias y otros rincones no tan conocidos, que hacen al Alto Arag\u00f3n un lugar muy ecl\u00e9ctico.<\/p>\n","protected":false},"excerpt":{"rendered":"<p>Amplio e interesante recorrido por los monumentos art\u00edsticos de la provincia de Huesca. Una obra que ni aspira a entrar el la lista de los m\u00e1s vendidos, no a sentar precedentes en el g\u00e9nero de gu\u00edas de viaje, ni tampoco a convertirse en un recorrido erudito y aleccionador por la provincia de Huesca. Este libro [&hellip;]<\/p>\n","protected":false},"featured_media":10340,"comment_status":"open","ping_status":"closed","template":"","meta":{"_et_pb_use_builder":"off","_et_pb_old_content":"\u201cNada es lo que parece, nada parece lo que es\u201d\r\n\r\n[learn_more caption=\"leer m\u00e1s\"]Nos pasamos la mayor parte de nuestra existencia sumidos en una profunda oscuridad, y no somos conscientes de que con un simple gesto, podemos pulsar el interruptor que llenar\u00eda nuestra vida de luz y felicidad. Pocas son las personas capaces de ver que malgastando nuestro tiempo en esa pelea constante con nosotros mismos y con los dem\u00e1s nunca llegaremos a encontrar lo que realmente buscamos, el amor. El amor llegar\u00e1 a ti si le abres la puerta, o al menos una ventana. El amor no es perfecto, pero es lo \u00fanico por lo que merece la pena sufrir, y sobre todo vivir.[\/learn_more]","_et_gb_content_width":""},"product_brand":[],"product_cat":[384],"product_tag":[214],"class_list":{"0":"post-10339","1":"product","2":"type-product","3":"status-publish","4":"has-post-thumbnail","6":"product_cat-grupo-artemon","7":"product_tag-crecimiento-personal","8":"product_shipping_class-envio-estandar","10":"first","11":"instock","12":"taxable","13":"shipping-taxable","14":"purchasable","15":"product-type-simple"},"_links":{"self":[{"href":"https:\/\/v31.es\/booksonline\/wp-json\/wp\/v2\/product\/10339","targetHints":{"allow":["GET"]}}],"collection":[{"href":"https:\/\/v31.es\/booksonline\/wp-json\/wp\/v2\/product"}],"about":[{"href":"https:\/\/v31.es\/booksonline\/wp-json\/wp\/v2\/types\/product"}],"replies":[{"embeddable":true,"href":"https:\/\/v31.es\/booksonline\/wp-json\/wp\/v2\/comments?post=10339"}],"wp:featuredmedia":[{"embeddable":true,"href":"https:\/\/v31.es\/booksonline\/wp-json\/wp\/v2\/media\/10340"}],"wp:attachment":[{"href":"https:\/\/v31.es\/booksonline\/wp-json\/wp\/v2\/media?parent=10339"}],"wp:term":[{"taxonomy":"product_brand","embeddable":true,"href":"https:\/\/v31.es\/booksonline\/wp-json\/wp\/v2\/product_brand?post=10339"},{"taxonomy":"product_cat","embeddable":true,"href":"https:\/\/v31.es\/booksonline\/wp-json\/wp\/v2\/product_cat?post=10339"},{"taxonomy":"product_tag","embeddable":true,"href":"https:\/\/v31.es\/booksonline\/wp-json\/wp\/v2\/product_tag?post=10339"}],"curies":[{"name":"wp","href":"https:\/\/api.w.org\/{rel}","templated":true}]}}