{"id":10346,"date":"2023-04-21T10:06:05","date_gmt":"2023-04-21T08:06:05","guid":{"rendered":"https:\/\/v31.es\/booksonline\/?post_type=product&#038;p=10346"},"modified":"2025-04-20T11:51:50","modified_gmt":"2025-04-20T09:51:50","slug":"36-canales-de-cine","status":"publish","type":"product","link":"https:\/\/v31.es\/booksonline\/producto\/36-canales-de-cine\/","title":{"rendered":"36 Canales de cine&#8230;"},"content":{"rendered":"<p>Soy un enamorado del cine y me apasiona el Dise\u00f1o Humano.<\/p>\n<p>Esto ha convertido la b\u00fasqueda de la conexi\u00f3n entre las pel\u00edculas y los canales en una aventura excitante, muchas veces sorprendente y otras muchas flipante.<\/p>\n<p>Considero que el Dise\u00f1o Humano es una c\u00e9lula luminosa en constante mutaci\u00f3n que suma colores y m\u00e1s colores a su infinita paleta de informaci\u00f3n.<\/p>\n<p>Y qu\u00e9 puedo decirte del s\u00e9ptimo arte y sus historias de amor, drama y tragedia, de las crudas realidades envueltas en hechos ver\u00eddicos, del surrealismo m\u00e1s extravagante capaz de colapsar los sentidos.<\/p>\n<p>Qui\u00e9n no ha volado en sue\u00f1os sobre el cielo de Metr\u00f3polis como Superm\u00e1n o luchado en pleno Coliseo como Bruce Lee, qui\u00e9n no ha llorado a moco tendido escuchando a Noa leyendo su diario, o viendo partir a Sam alej\u00e1ndose de su amada Molly.<\/p>\n<p>Qui\u00e9n no se ha partido de risa en Las Vegas con Bradley y sus amigos, o qui\u00e9n en las fr\u00edas noches de invierno no hubiera vendido su alma a Peter para viajar de la mano de Campanilla al Pa\u00eds de Nunca Jam\u00e1s.<\/p>\n<p>El cine es magia contenida en un largo o corto metraje, un patio de butacas donde el alma vuela en libertad, un espejo que refleja la historia de la humanidad, el lugar so\u00f1ado donde cualquier fantas\u00eda puede convertirse en realidad.<\/p>\n<p>Sin m\u00e1s pre\u00e1mbulos, ponte c\u00f3mod@, prepara un buen bol de palomitas, deja alg\u00fan hueco para la risa y apaga el ruido de tu mente, \u00a1Perd\u00f3n! el sonido de tu m\u00f3vil.<\/p>\n<p>Que comience la acci\u00f3n.<\/p>\n<p>&nbsp;<\/p>\n","protected":false},"excerpt":{"rendered":"<p>Soy un enamorado del cine y me apasiona el Dise\u00f1o Humano. Esto ha convertido la b\u00fasqueda de la conexi\u00f3n entre las pel\u00edculas y los canales en una aventura excitante, muchas veces sorprendente y otras muchas flipante. Considero que el Dise\u00f1o Humano es una c\u00e9lula luminosa en constante mutaci\u00f3n que suma colores y m\u00e1s colores a [&hellip;]<\/p>\n","protected":false},"featured_media":10347,"comment_status":"open","ping_status":"closed","template":"","meta":{"_et_pb_use_builder":"off","_et_pb_old_content":"\u201cNada es lo que parece, nada parece lo que es\u201d\r\n\r\n[learn_more caption=\"leer m\u00e1s\"]Nos pasamos la mayor parte de nuestra existencia sumidos en una profunda oscuridad, y no somos conscientes de que con un simple gesto, podemos pulsar el interruptor que llenar\u00eda nuestra vida de luz y felicidad. Pocas son las personas capaces de ver que malgastando nuestro tiempo en esa pelea constante con nosotros mismos y con los dem\u00e1s nunca llegaremos a encontrar lo que realmente buscamos, el amor. El amor llegar\u00e1 a ti si le abres la puerta, o al menos una ventana. El amor no es perfecto, pero es lo \u00fanico por lo que merece la pena sufrir, y sobre todo vivir.[\/learn_more]","_et_gb_content_width":""},"product_brand":[],"product_cat":[218,381],"product_tag":[214],"class_list":{"0":"post-10346","1":"product","2":"type-product","3":"status-publish","4":"has-post-thumbnail","6":"product_cat-booksonline","7":"product_cat-victor-gonzalez-lopez-antar","8":"product_tag-crecimiento-personal","9":"product_shipping_class-envio-estandar","11":"first","12":"instock","13":"taxable","14":"shipping-taxable","15":"purchasable","16":"product-type-simple"},"_links":{"self":[{"href":"https:\/\/v31.es\/booksonline\/wp-json\/wp\/v2\/product\/10346","targetHints":{"allow":["GET"]}}],"collection":[{"href":"https:\/\/v31.es\/booksonline\/wp-json\/wp\/v2\/product"}],"about":[{"href":"https:\/\/v31.es\/booksonline\/wp-json\/wp\/v2\/types\/product"}],"replies":[{"embeddable":true,"href":"https:\/\/v31.es\/booksonline\/wp-json\/wp\/v2\/comments?post=10346"}],"wp:featuredmedia":[{"embeddable":true,"href":"https:\/\/v31.es\/booksonline\/wp-json\/wp\/v2\/media\/10347"}],"wp:attachment":[{"href":"https:\/\/v31.es\/booksonline\/wp-json\/wp\/v2\/media?parent=10346"}],"wp:term":[{"taxonomy":"product_brand","embeddable":true,"href":"https:\/\/v31.es\/booksonline\/wp-json\/wp\/v2\/product_brand?post=10346"},{"taxonomy":"product_cat","embeddable":true,"href":"https:\/\/v31.es\/booksonline\/wp-json\/wp\/v2\/product_cat?post=10346"},{"taxonomy":"product_tag","embeddable":true,"href":"https:\/\/v31.es\/booksonline\/wp-json\/wp\/v2\/product_tag?post=10346"}],"curies":[{"name":"wp","href":"https:\/\/api.w.org\/{rel}","templated":true}]}}