{"id":10352,"date":"2023-04-25T10:55:39","date_gmt":"2023-04-25T08:55:39","guid":{"rendered":"https:\/\/v31.es\/booksonline\/?post_type=product&#038;p=10352"},"modified":"2024-06-03T10:41:47","modified_gmt":"2024-06-03T08:41:47","slug":"c-j-rose","status":"publish","type":"product","link":"https:\/\/v31.es\/booksonline\/producto\/c-j-rose\/","title":{"rendered":"C.J. Rose&#8230;"},"content":{"rendered":"<p>La importancia de la confianza en uno mismo y de encontrar tu lugar en el mundo. C. J. Rose es una chica con una vida aburrida y normal en la gran ciudad tras la muerte de sus padres en extra\u00f1as circunstancias. La reciente muerte de su abuela har\u00e1 que tenga que volver a sus or\u00edgenes, a su antigua casa familiar en un pueblo peque\u00f1o y peculiar de los Pirineos, y que se descubra poco a poco a s\u00ed misma a medida que se vayan cruzando en su camino un sinf\u00edn de personajes y situaciones apasionantes. Aunque ella todav\u00eda no lo sepa, la lucha entre el bien y el mal volver\u00e1 a desatarse. \u00bfY t\u00fa, de qu\u00e9 lado estar\u00e1s al final de esta saga?<\/p>\n","protected":false},"excerpt":{"rendered":"<p>La importancia de la confianza en uno mismo y de encontrar tu lugar en el mundo. C. J. Rose es una chica con una vida aburrida y normal en la gran ciudad tras la muerte de sus padres en extra\u00f1as circunstancias. La reciente muerte de su abuela har\u00e1 que tenga que volver a sus or\u00edgenes, [&hellip;]<\/p>\n","protected":false},"featured_media":10353,"comment_status":"open","ping_status":"closed","template":"","meta":{"_et_pb_use_builder":"off","_et_pb_old_content":"\u201cNada es lo que parece, nada parece lo que es\u201d\r\n\r\n[learn_more caption=\"leer m\u00e1s\"]Nos pasamos la mayor parte de nuestra existencia sumidos en una profunda oscuridad, y no somos conscientes de que con un simple gesto, podemos pulsar el interruptor que llenar\u00eda nuestra vida de luz y felicidad. Pocas son las personas capaces de ver que malgastando nuestro tiempo en esa pelea constante con nosotros mismos y con los dem\u00e1s nunca llegaremos a encontrar lo que realmente buscamos, el amor. El amor llegar\u00e1 a ti si le abres la puerta, o al menos una ventana. El amor no es perfecto, pero es lo \u00fanico por lo que merece la pena sufrir, y sobre todo vivir.[\/learn_more]","_et_gb_content_width":""},"product_brand":[],"product_cat":[385,350],"product_tag":[256],"class_list":{"0":"post-10352","1":"product","2":"type-product","3":"status-publish","4":"has-post-thumbnail","6":"product_cat-jc-olivares-clusa","7":"product_cat-kiosco-de-libros","8":"product_tag-juvenil","9":"product_shipping_class-envio-estandar","11":"first","12":"instock","13":"taxable","14":"shipping-taxable","15":"purchasable","16":"product-type-simple"},"_links":{"self":[{"href":"https:\/\/v31.es\/booksonline\/wp-json\/wp\/v2\/product\/10352","targetHints":{"allow":["GET"]}}],"collection":[{"href":"https:\/\/v31.es\/booksonline\/wp-json\/wp\/v2\/product"}],"about":[{"href":"https:\/\/v31.es\/booksonline\/wp-json\/wp\/v2\/types\/product"}],"replies":[{"embeddable":true,"href":"https:\/\/v31.es\/booksonline\/wp-json\/wp\/v2\/comments?post=10352"}],"wp:featuredmedia":[{"embeddable":true,"href":"https:\/\/v31.es\/booksonline\/wp-json\/wp\/v2\/media\/10353"}],"wp:attachment":[{"href":"https:\/\/v31.es\/booksonline\/wp-json\/wp\/v2\/media?parent=10352"}],"wp:term":[{"taxonomy":"product_brand","embeddable":true,"href":"https:\/\/v31.es\/booksonline\/wp-json\/wp\/v2\/product_brand?post=10352"},{"taxonomy":"product_cat","embeddable":true,"href":"https:\/\/v31.es\/booksonline\/wp-json\/wp\/v2\/product_cat?post=10352"},{"taxonomy":"product_tag","embeddable":true,"href":"https:\/\/v31.es\/booksonline\/wp-json\/wp\/v2\/product_tag?post=10352"}],"curies":[{"name":"wp","href":"https:\/\/api.w.org\/{rel}","templated":true}]}}