{"id":10404,"date":"2023-06-05T07:15:19","date_gmt":"2023-06-05T05:15:19","guid":{"rendered":"https:\/\/v31.es\/booksonline\/?post_type=product&#038;p=10404"},"modified":"2024-06-03T10:41:08","modified_gmt":"2024-06-03T08:41:08","slug":"los-mentideros","status":"publish","type":"product","link":"https:\/\/v31.es\/booksonline\/producto\/los-mentideros\/","title":{"rendered":"Los Mentideros&#8230;."},"content":{"rendered":"<p><strong>Los Mentideros del destino<\/strong><\/p>\n<p>Rese\u00f1a. El uno por el otro.<\/p>\n<p>Zaragoza 1156. Marcelino Saputo asiste al entierro de un fiemero; un recogedor de esti\u00e9rcol, limpiador de letrinas y pozos negros.<\/p>\n<p>\u00bfSer\u00e1 un buscavidas? \u00bfSer\u00e1 noble y caballero? En el velatorio se revelar\u00e1 la verdadera identidad del muerto. Y podr\u00e1 averiguar Saputo, y usted lo mismo\u2026 \u00bfQui\u00e9n es Nicetas? Un pirata, un embaucador o un se\u00f1or correspondido en un suntuoso sepelio.<\/p>\n<p>Humor y aventuras, en una novela ambientada en el medievo.<\/p>\n<p>&nbsp;<\/p>\n","protected":false},"excerpt":{"rendered":"<p>Los Mentideros del destino Rese\u00f1a. El uno por el otro. Zaragoza 1156. Marcelino Saputo asiste al entierro de un fiemero; un recogedor de esti\u00e9rcol, limpiador de letrinas y pozos negros. \u00bfSer\u00e1 un buscavidas? \u00bfSer\u00e1 noble y caballero? En el velatorio se revelar\u00e1 la verdadera identidad del muerto. Y podr\u00e1 averiguar Saputo, y usted lo mismo\u2026 [&hellip;]<\/p>\n","protected":false},"featured_media":10405,"comment_status":"open","ping_status":"closed","template":"","meta":{"_et_pb_use_builder":"off","_et_pb_old_content":"\u201cNada es lo que parece, nada parece lo que es\u201d\r\n\r\n[learn_more caption=\"leer m\u00e1s\"]Nos pasamos la mayor parte de nuestra existencia sumidos en una profunda oscuridad, y no somos conscientes de que con un simple gesto, podemos pulsar el interruptor que llenar\u00eda nuestra vida de luz y felicidad. Pocas son las personas capaces de ver que malgastando nuestro tiempo en esa pelea constante con nosotros mismos y con los dem\u00e1s nunca llegaremos a encontrar lo que realmente buscamos, el amor. El amor llegar\u00e1 a ti si le abres la puerta, o al menos una ventana. El amor no es perfecto, pero es lo \u00fanico por lo que merece la pena sufrir, y sobre todo vivir.[\/learn_more]","_et_gb_content_width":""},"product_brand":[],"product_cat":[222,386],"product_tag":[387],"class_list":{"0":"post-10404","1":"product","2":"type-product","3":"status-publish","4":"has-post-thumbnail","6":"product_cat-editorial-anteo","7":"product_cat-javier-avila","8":"product_tag-novela-teatral","9":"product_shipping_class-envio-estandar","11":"first","12":"instock","13":"taxable","14":"shipping-taxable","15":"purchasable","16":"product-type-simple"},"_links":{"self":[{"href":"https:\/\/v31.es\/booksonline\/wp-json\/wp\/v2\/product\/10404","targetHints":{"allow":["GET"]}}],"collection":[{"href":"https:\/\/v31.es\/booksonline\/wp-json\/wp\/v2\/product"}],"about":[{"href":"https:\/\/v31.es\/booksonline\/wp-json\/wp\/v2\/types\/product"}],"replies":[{"embeddable":true,"href":"https:\/\/v31.es\/booksonline\/wp-json\/wp\/v2\/comments?post=10404"}],"wp:featuredmedia":[{"embeddable":true,"href":"https:\/\/v31.es\/booksonline\/wp-json\/wp\/v2\/media\/10405"}],"wp:attachment":[{"href":"https:\/\/v31.es\/booksonline\/wp-json\/wp\/v2\/media?parent=10404"}],"wp:term":[{"taxonomy":"product_brand","embeddable":true,"href":"https:\/\/v31.es\/booksonline\/wp-json\/wp\/v2\/product_brand?post=10404"},{"taxonomy":"product_cat","embeddable":true,"href":"https:\/\/v31.es\/booksonline\/wp-json\/wp\/v2\/product_cat?post=10404"},{"taxonomy":"product_tag","embeddable":true,"href":"https:\/\/v31.es\/booksonline\/wp-json\/wp\/v2\/product_tag?post=10404"}],"curies":[{"name":"wp","href":"https:\/\/api.w.org\/{rel}","templated":true}]}}