{"id":10449,"date":"2023-06-06T10:39:35","date_gmt":"2023-06-06T08:39:35","guid":{"rendered":"https:\/\/v31.es\/booksonline\/?post_type=product&#038;p=10449"},"modified":"2024-06-03T10:38:24","modified_gmt":"2024-06-03T08:38:24","slug":"el-amor-no-pincha","status":"publish","type":"product","link":"https:\/\/v31.es\/booksonline\/producto\/el-amor-no-pincha\/","title":{"rendered":"El Amor no pincha"},"content":{"rendered":"<p>\u00abEl amor no pincha\u00bb significa que el amor no duele. Esta es una historia de amigos que pinchan y de amigos que pueden llegar a asfixiar. En este cuento, P\u00faas y su amiga M\u00eda, a trav\u00e9s de su amistad y de la relaci\u00f3n entre un roble y una hiedra, nos hacen reflexionar sobre la importancia de querernos, &#8230;<\/p>\n","protected":false},"excerpt":{"rendered":"<p>\u00abEl amor no pincha\u00bb significa que el amor no duele. Esta es una historia de amigos que pinchan y de amigos que pueden llegar a asfixiar. En este cuento, P\u00faas y su amiga M\u00eda, a trav\u00e9s de su amistad y de la relaci\u00f3n entre un roble y una hiedra, nos hacen reflexionar sobre la importancia [&hellip;]<\/p>\n","protected":false},"featured_media":10450,"comment_status":"open","ping_status":"closed","template":"","meta":{"_et_pb_use_builder":"off","_et_pb_old_content":"\u201cNada es lo que parece, nada parece lo que es\u201d\r\n\r\n[learn_more caption=\"leer m\u00e1s\"]Nos pasamos la mayor parte de nuestra existencia sumidos en una profunda oscuridad, y no somos conscientes de que con un simple gesto, podemos pulsar el interruptor que llenar\u00eda nuestra vida de luz y felicidad. Pocas son las personas capaces de ver que malgastando nuestro tiempo en esa pelea constante con nosotros mismos y con los dem\u00e1s nunca llegaremos a encontrar lo que realmente buscamos, el amor. El amor llegar\u00e1 a ti si le abres la puerta, o al menos una ventana. El amor no es perfecto, pero es lo \u00fanico por lo que merece la pena sufrir, y sobre todo vivir.[\/learn_more]","_et_gb_content_width":""},"product_brand":[],"product_cat":[389,350],"product_tag":[250],"class_list":{"0":"post-10449","1":"product","2":"type-product","3":"status-publish","4":"has-post-thumbnail","6":"product_cat-ana-pallaruelo","7":"product_cat-kiosco-de-libros","8":"product_tag-infantil","9":"product_shipping_class-envio-estandar","11":"first","12":"instock","13":"taxable","14":"shipping-taxable","15":"purchasable","16":"product-type-simple"},"_links":{"self":[{"href":"https:\/\/v31.es\/booksonline\/wp-json\/wp\/v2\/product\/10449","targetHints":{"allow":["GET"]}}],"collection":[{"href":"https:\/\/v31.es\/booksonline\/wp-json\/wp\/v2\/product"}],"about":[{"href":"https:\/\/v31.es\/booksonline\/wp-json\/wp\/v2\/types\/product"}],"replies":[{"embeddable":true,"href":"https:\/\/v31.es\/booksonline\/wp-json\/wp\/v2\/comments?post=10449"}],"wp:featuredmedia":[{"embeddable":true,"href":"https:\/\/v31.es\/booksonline\/wp-json\/wp\/v2\/media\/10450"}],"wp:attachment":[{"href":"https:\/\/v31.es\/booksonline\/wp-json\/wp\/v2\/media?parent=10449"}],"wp:term":[{"taxonomy":"product_brand","embeddable":true,"href":"https:\/\/v31.es\/booksonline\/wp-json\/wp\/v2\/product_brand?post=10449"},{"taxonomy":"product_cat","embeddable":true,"href":"https:\/\/v31.es\/booksonline\/wp-json\/wp\/v2\/product_cat?post=10449"},{"taxonomy":"product_tag","embeddable":true,"href":"https:\/\/v31.es\/booksonline\/wp-json\/wp\/v2\/product_tag?post=10449"}],"curies":[{"name":"wp","href":"https:\/\/api.w.org\/{rel}","templated":true}]}}