{"id":10461,"date":"2023-06-21T11:00:28","date_gmt":"2023-06-21T09:00:28","guid":{"rendered":"https:\/\/v31.es\/booksonline\/?post_type=product&#038;p=10461"},"modified":"2025-02-11T08:53:18","modified_gmt":"2025-02-11T07:53:18","slug":"dentro-de-una-ola","status":"publish","type":"product","link":"https:\/\/v31.es\/booksonline\/producto\/dentro-de-una-ola\/","title":{"rendered":"Dentro de una ola"},"content":{"rendered":"<p>Las emociones aflictivas son parte inevitable de alg\u00fan momento de nuestra vida.<br \/>\nEn este cuento, el protagonista es llevado por su ser m\u00e1s querido hasta un lugar tranquilo a la orilla del mar, para aquietar su mente<br \/>\ny encontrar la calma que tanto necesita.<br \/>\nEn un estado de paz y tranquilidad puede sentir que su potencial es infinito.<br \/>\nTodos los problemas pueden verse como oportunidades de aprendizaje y crecimiento. Es mejor afrontar las situaciones dif\u00edciles que huir de ellas.<br \/>\nCuestionar nuestros pensamientos, prestar atenci\u00f3n a las cosas bellas que nos rodean o crear un espacio interior de calma y serenidad son<br \/>\nherramientas que, utilizadas en el d\u00eda a d\u00eda, nos ayudar\u00e1n<\/p>\n","protected":false},"excerpt":{"rendered":"<p>Las emociones aflictivas son parte inevitable de alg\u00fan momento de nuestra vida. En este cuento, el protagonista es llevado por su ser m\u00e1s querido hasta un lugar tranquilo a la orilla del mar, para aquietar su mente y encontrar la calma que tanto necesita. En un estado de paz y tranquilidad puede sentir que su [&hellip;]<\/p>\n","protected":false},"featured_media":10462,"comment_status":"open","ping_status":"closed","template":"","meta":{"_et_pb_use_builder":"","_et_pb_old_content":"","_et_gb_content_width":""},"product_brand":[],"product_cat":[218,280,283],"product_tag":[250],"class_list":{"0":"post-10461","1":"product","2":"type-product","3":"status-publish","4":"has-post-thumbnail","6":"product_cat-booksonline","7":"product_cat-maria-tallon","8":"product_cat-silvia-romeral-andres","9":"product_tag-infantil","10":"product_shipping_class-envio-estandar","12":"first","13":"instock","14":"taxable","15":"shipping-taxable","16":"purchasable","17":"product-type-simple"},"_links":{"self":[{"href":"https:\/\/v31.es\/booksonline\/wp-json\/wp\/v2\/product\/10461","targetHints":{"allow":["GET"]}}],"collection":[{"href":"https:\/\/v31.es\/booksonline\/wp-json\/wp\/v2\/product"}],"about":[{"href":"https:\/\/v31.es\/booksonline\/wp-json\/wp\/v2\/types\/product"}],"replies":[{"embeddable":true,"href":"https:\/\/v31.es\/booksonline\/wp-json\/wp\/v2\/comments?post=10461"}],"wp:featuredmedia":[{"embeddable":true,"href":"https:\/\/v31.es\/booksonline\/wp-json\/wp\/v2\/media\/10462"}],"wp:attachment":[{"href":"https:\/\/v31.es\/booksonline\/wp-json\/wp\/v2\/media?parent=10461"}],"wp:term":[{"taxonomy":"product_brand","embeddable":true,"href":"https:\/\/v31.es\/booksonline\/wp-json\/wp\/v2\/product_brand?post=10461"},{"taxonomy":"product_cat","embeddable":true,"href":"https:\/\/v31.es\/booksonline\/wp-json\/wp\/v2\/product_cat?post=10461"},{"taxonomy":"product_tag","embeddable":true,"href":"https:\/\/v31.es\/booksonline\/wp-json\/wp\/v2\/product_tag?post=10461"}],"curies":[{"name":"wp","href":"https:\/\/api.w.org\/{rel}","templated":true}]}}