{"id":10481,"date":"2023-12-21T06:43:28","date_gmt":"2023-12-21T05:43:28","guid":{"rendered":"https:\/\/v31.es\/booksonline\/?post_type=product&#038;p=10481"},"modified":"2024-06-03T10:36:23","modified_gmt":"2024-06-03T08:36:23","slug":"la-rosa-de-monzon","status":"publish","type":"product","link":"https:\/\/v31.es\/booksonline\/producto\/la-rosa-de-monzon\/","title":{"rendered":"La Rosa de Monz\u00f3n"},"content":{"rendered":"<p>M\u00aa Dolores Rosado Llamas, 2011, 188 pp.<\/p>\n<p>III Premio de Novela Hist\u00f3rica Comarca del Cinca Medio 2010<\/p>\n<p>&nbsp;<\/p>\n<p>La rosa de Monz\u00f3n ha sido la novela ganadora del Premio de Novela Hist\u00f3rica Comarca del Cinca Medio 2011. Escrita por Mar\u00eda Dolores Rosado Llamas, esta novela est\u00e1 ambientada en el Arag\u00f3n de comienzos del siglo XVII y narra la historia de amor entre Malik Mesa, un morisco de Albalate de Cinca, y do\u00f1a B\u00e1rbara de Ribera, una dama de Monz\u00f3n.<\/p>\n<p>Sus vidas y la de sus contempor\u00e1neos se ver\u00e1n conmocionadas por el dram\u00e1tico acontecimiento que supuso la expulsi\u00f3n de los moriscos en 1610 y su posterior exilio en T\u00fanez.<\/p>\n<p>&nbsp;<\/p>\n","protected":false},"excerpt":{"rendered":"<p>M\u00aa Dolores Rosado Llamas, 2011, 188 pp. III Premio de Novela Hist\u00f3rica Comarca del Cinca Medio 2010 &nbsp; La rosa de Monz\u00f3n ha sido la novela ganadora del Premio de Novela Hist\u00f3rica Comarca del Cinca Medio 2011. Escrita por Mar\u00eda Dolores Rosado Llamas, esta novela est\u00e1 ambientada en el Arag\u00f3n de comienzos del siglo XVII [&hellip;]<\/p>\n","protected":false},"featured_media":10482,"comment_status":"open","ping_status":"closed","template":"","meta":{"_et_pb_use_builder":"off","_et_pb_old_content":"\u201cNada es lo que parece, nada parece lo que es\u201d\r\n\r\n[learn_more caption=\"leer m\u00e1s\"]Nos pasamos la mayor parte de nuestra existencia sumidos en una profunda oscuridad, y no somos conscientes de que con un simple gesto, podemos pulsar el interruptor que llenar\u00eda nuestra vida de luz y felicidad. Pocas son las personas capaces de ver que malgastando nuestro tiempo en esa pelea constante con nosotros mismos y con los dem\u00e1s nunca llegaremos a encontrar lo que realmente buscamos, el amor. El amor llegar\u00e1 a ti si le abres la puerta, o al menos una ventana. El amor no es perfecto, pero es lo \u00fanico por lo que merece la pena sufrir, y sobre todo vivir.[\/learn_more]","_et_gb_content_width":""},"product_brand":[],"product_cat":[390,391],"product_tag":[392,358],"class_list":{"0":"post-10481","1":"product","2":"type-product","3":"status-publish","4":"has-post-thumbnail","6":"product_cat-cehimo","7":"product_cat-ma-dolores-rosado-llamas","8":"product_tag-colecciones","9":"product_tag-novela-historica","10":"product_shipping_class-envio-estandar","12":"first","13":"instock","14":"taxable","15":"shipping-taxable","16":"purchasable","17":"product-type-simple"},"_links":{"self":[{"href":"https:\/\/v31.es\/booksonline\/wp-json\/wp\/v2\/product\/10481","targetHints":{"allow":["GET"]}}],"collection":[{"href":"https:\/\/v31.es\/booksonline\/wp-json\/wp\/v2\/product"}],"about":[{"href":"https:\/\/v31.es\/booksonline\/wp-json\/wp\/v2\/types\/product"}],"replies":[{"embeddable":true,"href":"https:\/\/v31.es\/booksonline\/wp-json\/wp\/v2\/comments?post=10481"}],"wp:featuredmedia":[{"embeddable":true,"href":"https:\/\/v31.es\/booksonline\/wp-json\/wp\/v2\/media\/10482"}],"wp:attachment":[{"href":"https:\/\/v31.es\/booksonline\/wp-json\/wp\/v2\/media?parent=10481"}],"wp:term":[{"taxonomy":"product_brand","embeddable":true,"href":"https:\/\/v31.es\/booksonline\/wp-json\/wp\/v2\/product_brand?post=10481"},{"taxonomy":"product_cat","embeddable":true,"href":"https:\/\/v31.es\/booksonline\/wp-json\/wp\/v2\/product_cat?post=10481"},{"taxonomy":"product_tag","embeddable":true,"href":"https:\/\/v31.es\/booksonline\/wp-json\/wp\/v2\/product_tag?post=10481"}],"curies":[{"name":"wp","href":"https:\/\/api.w.org\/{rel}","templated":true}]}}