{"id":10483,"date":"2023-12-21T06:55:24","date_gmt":"2023-12-21T05:55:24","guid":{"rendered":"https:\/\/v31.es\/booksonline\/?post_type=product&#038;p=10483"},"modified":"2024-06-03T10:35:32","modified_gmt":"2024-06-03T08:35:32","slug":"sin-noticias-de-la-otra","status":"publish","type":"product","link":"https:\/\/v31.es\/booksonline\/producto\/sin-noticias-de-la-otra\/","title":{"rendered":"Sin Noticias de la otra&#8230;"},"content":{"rendered":"<p>Dar\u00edo Espa\u00f1ol Solana, 2009, 260 pp.<\/p>\n<p>Acc\u00e9sit I Premio de Novela Hist\u00f3rica Comarca del Cinca Medio<\/p>\n<p>&nbsp;<\/p>\n<p>\u00bfQu\u00e9 se esconde tras las cristalinas orillas de un r\u00edo milenario? \u00bfPor qu\u00e9 susurra el agua a su paso por sus pozas y remansos? La b\u00fasqueda de un diario perdido en los albores del tiempo llevar\u00e1 al historiador Pelegr\u00edn G\u00f3mez de Lizalde, de la mano de su contertulio Miguel Ferrer, a indagar en la memoria de aqu\u00e9llos que vivieron la Guerra de la Independencia espa\u00f1ola en primera persona. \u201cSin noticias de la otra orilla\u201d es un relato conmovedor y desgarrado, lleno de acci\u00f3n, suspense y luchas soterradas por la ambici\u00f3n de los hombres y por el devenir incierto de una sociedad confundida. Una historia contada tras d\u00e9cadas de olvido, que no dejar\u00e1 indiferente a nadie&#8230;<\/p>\n","protected":false},"excerpt":{"rendered":"<p>Dar\u00edo Espa\u00f1ol Solana, 2009, 260 pp. Acc\u00e9sit I Premio de Novela Hist\u00f3rica Comarca del Cinca Medio &nbsp; \u00bfQu\u00e9 se esconde tras las cristalinas orillas de un r\u00edo milenario? \u00bfPor qu\u00e9 susurra el agua a su paso por sus pozas y remansos? La b\u00fasqueda de un diario perdido en los albores del tiempo llevar\u00e1 al historiador [&hellip;]<\/p>\n","protected":false},"featured_media":10484,"comment_status":"open","ping_status":"closed","template":"","meta":{"_et_pb_use_builder":"off","_et_pb_old_content":"\u201cNada es lo que parece, nada parece lo que es\u201d\r\n\r\n[learn_more caption=\"leer m\u00e1s\"]Nos pasamos la mayor parte de nuestra existencia sumidos en una profunda oscuridad, y no somos conscientes de que con un simple gesto, podemos pulsar el interruptor que llenar\u00eda nuestra vida de luz y felicidad. Pocas son las personas capaces de ver que malgastando nuestro tiempo en esa pelea constante con nosotros mismos y con los dem\u00e1s nunca llegaremos a encontrar lo que realmente buscamos, el amor. El amor llegar\u00e1 a ti si le abres la puerta, o al menos una ventana. El amor no es perfecto, pero es lo \u00fanico por lo que merece la pena sufrir, y sobre todo vivir.[\/learn_more]","_et_gb_content_width":""},"product_brand":[],"product_cat":[390,271],"product_tag":[392,358],"class_list":{"0":"post-10483","1":"product","2":"type-product","3":"status-publish","4":"has-post-thumbnail","6":"product_cat-cehimo","7":"product_cat-dario-espanol","8":"product_tag-colecciones","9":"product_tag-novela-historica","10":"product_shipping_class-envio-estandar","12":"first","13":"instock","14":"taxable","15":"shipping-taxable","16":"purchasable","17":"product-type-simple"},"_links":{"self":[{"href":"https:\/\/v31.es\/booksonline\/wp-json\/wp\/v2\/product\/10483","targetHints":{"allow":["GET"]}}],"collection":[{"href":"https:\/\/v31.es\/booksonline\/wp-json\/wp\/v2\/product"}],"about":[{"href":"https:\/\/v31.es\/booksonline\/wp-json\/wp\/v2\/types\/product"}],"replies":[{"embeddable":true,"href":"https:\/\/v31.es\/booksonline\/wp-json\/wp\/v2\/comments?post=10483"}],"wp:featuredmedia":[{"embeddable":true,"href":"https:\/\/v31.es\/booksonline\/wp-json\/wp\/v2\/media\/10484"}],"wp:attachment":[{"href":"https:\/\/v31.es\/booksonline\/wp-json\/wp\/v2\/media?parent=10483"}],"wp:term":[{"taxonomy":"product_brand","embeddable":true,"href":"https:\/\/v31.es\/booksonline\/wp-json\/wp\/v2\/product_brand?post=10483"},{"taxonomy":"product_cat","embeddable":true,"href":"https:\/\/v31.es\/booksonline\/wp-json\/wp\/v2\/product_cat?post=10483"},{"taxonomy":"product_tag","embeddable":true,"href":"https:\/\/v31.es\/booksonline\/wp-json\/wp\/v2\/product_tag?post=10483"}],"curies":[{"name":"wp","href":"https:\/\/api.w.org\/{rel}","templated":true}]}}