{"id":10485,"date":"2023-12-21T07:04:58","date_gmt":"2023-12-21T06:04:58","guid":{"rendered":"https:\/\/v31.es\/booksonline\/?post_type=product&#038;p=10485"},"modified":"2024-06-03T10:34:38","modified_gmt":"2024-06-03T08:34:38","slug":"las-caras-de-la-guerra","status":"publish","type":"product","link":"https:\/\/v31.es\/booksonline\/producto\/las-caras-de-la-guerra\/","title":{"rendered":"Las Caras de la Guerra"},"content":{"rendered":"<p>Julio Jos\u00e9 Falces Borja, 2009, 216 pp. 2008<\/p>\n<p>1\u00ba Premio de Novela Hist\u00f3rica Comarca del Cinca Medio<\/p>\n<p>&nbsp;<\/p>\n<p>Mayo de 1808, un joven montisonense, llega a Zaragoza para iniciar sus estudios en la Escuela de Agricultura, vi\u00e9ndose arrastrado por la revuelta contra los invasores napole\u00f3nicos. Mientras tanto, en Monz\u00f3n, su padre, un acomodado propietario de ideales progresistas, se debate entre su afinidad con las reformas de la Revoluci\u00f3n Francesa y su compromiso patri\u00f3tico. Ambos personajes, son el hilo conductor de una trama que recoge el devenir de la lucha contra los franceses en tierras de Arag\u00f3n y de manera preferente en la comarca del Cinca Medio. Por la novela desfilan personajes hist\u00f3ricos como Goya, Mor de Fuentes, la condesa de Bureta, el bar\u00f3n de Eroles o Espoz y Mina, pero la mayor\u00eda casi desconocidos fueron los protagonistas de la Guerra de la Independencia y tambi\u00e9n de esta historia.<\/p>\n","protected":false},"excerpt":{"rendered":"<p>Julio Jos\u00e9 Falces Borja, 2009, 216 pp. 2008 1\u00ba Premio de Novela Hist\u00f3rica Comarca del Cinca Medio &nbsp; Mayo de 1808, un joven montisonense, llega a Zaragoza para iniciar sus estudios en la Escuela de Agricultura, vi\u00e9ndose arrastrado por la revuelta contra los invasores napole\u00f3nicos. Mientras tanto, en Monz\u00f3n, su padre, un acomodado propietario de [&hellip;]<\/p>\n","protected":false},"featured_media":10486,"comment_status":"open","ping_status":"closed","template":"","meta":{"_et_pb_use_builder":"off","_et_pb_old_content":"\u201cNada es lo que parece, nada parece lo que es\u201d\r\n\r\n[learn_more caption=\"leer m\u00e1s\"]Nos pasamos la mayor parte de nuestra existencia sumidos en una profunda oscuridad, y no somos conscientes de que con un simple gesto, podemos pulsar el interruptor que llenar\u00eda nuestra vida de luz y felicidad. Pocas son las personas capaces de ver que malgastando nuestro tiempo en esa pelea constante con nosotros mismos y con los dem\u00e1s nunca llegaremos a encontrar lo que realmente buscamos, el amor. El amor llegar\u00e1 a ti si le abres la puerta, o al menos una ventana. El amor no es perfecto, pero es lo \u00fanico por lo que merece la pena sufrir, y sobre todo vivir.[\/learn_more]","_et_gb_content_width":""},"product_brand":[],"product_cat":[390,393],"product_tag":[392,358],"class_list":{"0":"post-10485","1":"product","2":"type-product","3":"status-publish","4":"has-post-thumbnail","6":"product_cat-cehimo","7":"product_cat-julio-jose-falces-borja","8":"product_tag-colecciones","9":"product_tag-novela-historica","10":"product_shipping_class-envio-estandar","12":"first","13":"instock","14":"taxable","15":"shipping-taxable","16":"purchasable","17":"product-type-simple"},"_links":{"self":[{"href":"https:\/\/v31.es\/booksonline\/wp-json\/wp\/v2\/product\/10485","targetHints":{"allow":["GET"]}}],"collection":[{"href":"https:\/\/v31.es\/booksonline\/wp-json\/wp\/v2\/product"}],"about":[{"href":"https:\/\/v31.es\/booksonline\/wp-json\/wp\/v2\/types\/product"}],"replies":[{"embeddable":true,"href":"https:\/\/v31.es\/booksonline\/wp-json\/wp\/v2\/comments?post=10485"}],"wp:featuredmedia":[{"embeddable":true,"href":"https:\/\/v31.es\/booksonline\/wp-json\/wp\/v2\/media\/10486"}],"wp:attachment":[{"href":"https:\/\/v31.es\/booksonline\/wp-json\/wp\/v2\/media?parent=10485"}],"wp:term":[{"taxonomy":"product_brand","embeddable":true,"href":"https:\/\/v31.es\/booksonline\/wp-json\/wp\/v2\/product_brand?post=10485"},{"taxonomy":"product_cat","embeddable":true,"href":"https:\/\/v31.es\/booksonline\/wp-json\/wp\/v2\/product_cat?post=10485"},{"taxonomy":"product_tag","embeddable":true,"href":"https:\/\/v31.es\/booksonline\/wp-json\/wp\/v2\/product_tag?post=10485"}],"curies":[{"name":"wp","href":"https:\/\/api.w.org\/{rel}","templated":true}]}}