{"id":10487,"date":"2023-12-21T07:10:38","date_gmt":"2023-12-21T06:10:38","guid":{"rendered":"https:\/\/v31.es\/booksonline\/?post_type=product&#038;p=10487"},"modified":"2024-06-03T10:33:32","modified_gmt":"2024-06-03T08:33:32","slug":"la-busqueda","status":"publish","type":"product","link":"https:\/\/v31.es\/booksonline\/producto\/la-busqueda\/","title":{"rendered":"La B\u00fasqueda"},"content":{"rendered":"<p><b>La b\u00fasqueda es una novela autobiogr\u00e1fica que narra las vicisitudes por las que asa el protagonista en el periodo de la posguerra civil espa\u00f1ol. Una infancia y juventud que, atraves\u00e9 de narraciones y conversaciones con familiares y conocidos, le disponen a investigar, ya adulto, la agitada vida de un libertario a quien considera el autor de un crimen, poco esclarecido, cometido en Binaced en el a\u00f1o 1915.<\/b><\/p>\n","protected":false},"excerpt":{"rendered":"<p>La b\u00fasqueda es una novela autobiogr\u00e1fica que narra las vicisitudes por las que asa el protagonista en el periodo de la posguerra civil espa\u00f1ol. Una infancia y juventud que, atraves\u00e9 de narraciones y conversaciones con familiares y conocidos, le disponen a investigar, ya adulto, la agitada vida de un libertario a quien considera el autor [&hellip;]<\/p>\n","protected":false},"featured_media":10488,"comment_status":"open","ping_status":"closed","template":"","meta":{"_et_pb_use_builder":"off","_et_pb_old_content":"\u201cNada es lo que parece, nada parece lo que es\u201d\r\n\r\n[learn_more caption=\"leer m\u00e1s\"]Nos pasamos la mayor parte de nuestra existencia sumidos en una profunda oscuridad, y no somos conscientes de que con un simple gesto, podemos pulsar el interruptor que llenar\u00eda nuestra vida de luz y felicidad. Pocas son las personas capaces de ver que malgastando nuestro tiempo en esa pelea constante con nosotros mismos y con los dem\u00e1s nunca llegaremos a encontrar lo que realmente buscamos, el amor. El amor llegar\u00e1 a ti si le abres la puerta, o al menos una ventana. El amor no es perfecto, pero es lo \u00fanico por lo que merece la pena sufrir, y sobre todo vivir.[\/learn_more]","_et_gb_content_width":""},"product_brand":[],"product_cat":[390,394],"product_tag":[392,358],"class_list":{"0":"post-10487","1":"product","2":"type-product","3":"status-publish","4":"has-post-thumbnail","6":"product_cat-cehimo","7":"product_cat-joaquin-sanz","8":"product_tag-colecciones","9":"product_tag-novela-historica","10":"product_shipping_class-envio-estandar","12":"first","13":"instock","14":"taxable","15":"shipping-taxable","16":"purchasable","17":"product-type-simple"},"_links":{"self":[{"href":"https:\/\/v31.es\/booksonline\/wp-json\/wp\/v2\/product\/10487","targetHints":{"allow":["GET"]}}],"collection":[{"href":"https:\/\/v31.es\/booksonline\/wp-json\/wp\/v2\/product"}],"about":[{"href":"https:\/\/v31.es\/booksonline\/wp-json\/wp\/v2\/types\/product"}],"replies":[{"embeddable":true,"href":"https:\/\/v31.es\/booksonline\/wp-json\/wp\/v2\/comments?post=10487"}],"wp:featuredmedia":[{"embeddable":true,"href":"https:\/\/v31.es\/booksonline\/wp-json\/wp\/v2\/media\/10488"}],"wp:attachment":[{"href":"https:\/\/v31.es\/booksonline\/wp-json\/wp\/v2\/media?parent=10487"}],"wp:term":[{"taxonomy":"product_brand","embeddable":true,"href":"https:\/\/v31.es\/booksonline\/wp-json\/wp\/v2\/product_brand?post=10487"},{"taxonomy":"product_cat","embeddable":true,"href":"https:\/\/v31.es\/booksonline\/wp-json\/wp\/v2\/product_cat?post=10487"},{"taxonomy":"product_tag","embeddable":true,"href":"https:\/\/v31.es\/booksonline\/wp-json\/wp\/v2\/product_tag?post=10487"}],"curies":[{"name":"wp","href":"https:\/\/api.w.org\/{rel}","templated":true}]}}