{"id":10489,"date":"2023-12-21T07:23:45","date_gmt":"2023-12-21T06:23:45","guid":{"rendered":"https:\/\/v31.es\/booksonline\/?post_type=product&#038;p=10489"},"modified":"2024-06-03T10:32:43","modified_gmt":"2024-06-03T08:32:43","slug":"la-busqueda-copia","status":"publish","type":"product","link":"https:\/\/v31.es\/booksonline\/producto\/la-busqueda-copia\/","title":{"rendered":"Venganza de Sangre"},"content":{"rendered":"<p>Sebasti\u00e1n Roa Mesado, 2010, 846 pp.<\/p>\n<p>II Premio de Novela Hist\u00f3rica Comarca del Cinca Medio 2009<\/p>\n<p>&nbsp;<\/p>\n<p>En los d\u00edas finales del dominio templario, el rey Jaime II de Arag\u00f3n maniobra en la compleja red de influencias pol\u00edticas de una Europa convulsa y sacudida por las guerras. La rivalidad con Francia y la casa de Anjou, la presencia de Castilla y las rep\u00fablicas italianas, los designios de la Santa Sede, la destrucci\u00f3n de la Orden del Temple, el dominio de las islas mediterr\u00e1neas. Al mismo tiempo, un joven so\u00f1ador se bate con el mundo y consigo mismo mientras navega entre el af\u00e1n de venganza y la b\u00fasqueda de su propia felicidad. En Venganza de sangre, la mezquindad amable de la vida cortesana se confunde con el horror del campo de batalla; la pasi\u00f3n violenta se mezcla con el amor incondicional. El lector viajar\u00e1 por los dominios de los reyes de Arag\u00f3n, por Francia, recorrer\u00e1 el Mediterr\u00e1neo occidental, y buscar\u00e1 asilo en las brumosas islas brit\u00e1nicas.<\/p>\n","protected":false},"excerpt":{"rendered":"<p>Sebasti\u00e1n Roa Mesado, 2010, 846 pp. II Premio de Novela Hist\u00f3rica Comarca del Cinca Medio 2009 &nbsp; En los d\u00edas finales del dominio templario, el rey Jaime II de Arag\u00f3n maniobra en la compleja red de influencias pol\u00edticas de una Europa convulsa y sacudida por las guerras. La rivalidad con Francia y la casa de [&hellip;]<\/p>\n","protected":false},"featured_media":10491,"comment_status":"open","ping_status":"closed","template":"","meta":{"_et_pb_use_builder":"off","_et_pb_old_content":"\u201cNada es lo que parece, nada parece lo que es\u201d\r\n\r\n[learn_more caption=\"leer m\u00e1s\"]Nos pasamos la mayor parte de nuestra existencia sumidos en una profunda oscuridad, y no somos conscientes de que con un simple gesto, podemos pulsar el interruptor que llenar\u00eda nuestra vida de luz y felicidad. Pocas son las personas capaces de ver que malgastando nuestro tiempo en esa pelea constante con nosotros mismos y con los dem\u00e1s nunca llegaremos a encontrar lo que realmente buscamos, el amor. El amor llegar\u00e1 a ti si le abres la puerta, o al menos una ventana. El amor no es perfecto, pero es lo \u00fanico por lo que merece la pena sufrir, y sobre todo vivir.[\/learn_more]","_et_gb_content_width":""},"product_brand":[],"product_cat":[390,395],"product_tag":[392,358],"class_list":{"0":"post-10489","1":"product","2":"type-product","3":"status-publish","4":"has-post-thumbnail","6":"product_cat-cehimo","7":"product_cat-sebastian-roa-mesado","8":"product_tag-colecciones","9":"product_tag-novela-historica","10":"product_shipping_class-envio-estandar","12":"first","13":"instock","14":"taxable","15":"shipping-taxable","16":"purchasable","17":"product-type-simple"},"_links":{"self":[{"href":"https:\/\/v31.es\/booksonline\/wp-json\/wp\/v2\/product\/10489","targetHints":{"allow":["GET"]}}],"collection":[{"href":"https:\/\/v31.es\/booksonline\/wp-json\/wp\/v2\/product"}],"about":[{"href":"https:\/\/v31.es\/booksonline\/wp-json\/wp\/v2\/types\/product"}],"replies":[{"embeddable":true,"href":"https:\/\/v31.es\/booksonline\/wp-json\/wp\/v2\/comments?post=10489"}],"wp:featuredmedia":[{"embeddable":true,"href":"https:\/\/v31.es\/booksonline\/wp-json\/wp\/v2\/media\/10491"}],"wp:attachment":[{"href":"https:\/\/v31.es\/booksonline\/wp-json\/wp\/v2\/media?parent=10489"}],"wp:term":[{"taxonomy":"product_brand","embeddable":true,"href":"https:\/\/v31.es\/booksonline\/wp-json\/wp\/v2\/product_brand?post=10489"},{"taxonomy":"product_cat","embeddable":true,"href":"https:\/\/v31.es\/booksonline\/wp-json\/wp\/v2\/product_cat?post=10489"},{"taxonomy":"product_tag","embeddable":true,"href":"https:\/\/v31.es\/booksonline\/wp-json\/wp\/v2\/product_tag?post=10489"}],"curies":[{"name":"wp","href":"https:\/\/api.w.org\/{rel}","templated":true}]}}