{"id":10494,"date":"2023-12-21T07:37:12","date_gmt":"2023-12-21T06:37:12","guid":{"rendered":"https:\/\/v31.es\/booksonline\/?post_type=product&#038;p=10494"},"modified":"2024-06-03T10:27:01","modified_gmt":"2024-06-03T08:27:01","slug":"antologia-poetica","status":"publish","type":"product","link":"https:\/\/v31.es\/booksonline\/producto\/antologia-poetica\/","title":{"rendered":"Antolog\u00eda Po\u00e9tica"},"content":{"rendered":"<p>Francisco Castill\u00f3n Cortada, 2013.<\/p>\n<p>El autor ofrece una Antolog\u00eda po\u00e9tica compuesta por ilustres rapsodas que han cantado a Nuestra Se\u00f1ora de la Alegr\u00eda. Son piezas de alto valor art\u00edstico, que fueron premiadas en diferentes concursos. Variadas composiciones dentro de la metodolog\u00eda de la Po\u00e9tica: romances, d\u00e9cimas, gozos, sonetos, c\u00e1nticos, jotas&#8230;Tambi\u00e9n se ofrece una breve historia del santuario de Nuestra Se\u00f1ora de la Alegr\u00eda de Monz\u00f3n.<\/p>\n","protected":false},"excerpt":{"rendered":"<p>Francisco Castill\u00f3n Cortada, 2013. El autor ofrece una Antolog\u00eda po\u00e9tica compuesta por ilustres rapsodas que han cantado a Nuestra Se\u00f1ora de la Alegr\u00eda. Son piezas de alto valor art\u00edstico, que fueron premiadas en diferentes concursos. Variadas composiciones dentro de la metodolog\u00eda de la Po\u00e9tica: romances, d\u00e9cimas, gozos, sonetos, c\u00e1nticos, jotas&#8230;Tambi\u00e9n se ofrece una breve historia [&hellip;]<\/p>\n","protected":false},"featured_media":10495,"comment_status":"open","ping_status":"closed","template":"","meta":{"_et_pb_use_builder":"off","_et_pb_old_content":"\u201cNada es lo que parece, nada parece lo que es\u201d\r\n\r\n[learn_more caption=\"leer m\u00e1s\"]Nos pasamos la mayor parte de nuestra existencia sumidos en una profunda oscuridad, y no somos conscientes de que con un simple gesto, podemos pulsar el interruptor que llenar\u00eda nuestra vida de luz y felicidad. Pocas son las personas capaces de ver que malgastando nuestro tiempo en esa pelea constante con nosotros mismos y con los dem\u00e1s nunca llegaremos a encontrar lo que realmente buscamos, el amor. El amor llegar\u00e1 a ti si le abres la puerta, o al menos una ventana. El amor no es perfecto, pero es lo \u00fanico por lo que merece la pena sufrir, y sobre todo vivir.[\/learn_more]","_et_gb_content_width":""},"product_brand":[],"product_cat":[390,268],"product_tag":[392,227],"class_list":{"0":"post-10494","1":"product","2":"type-product","3":"status-publish","4":"has-post-thumbnail","6":"product_cat-cehimo","7":"product_cat-francisco-castillon-cortada","8":"product_tag-colecciones","9":"product_tag-poesia","10":"product_shipping_class-envio-estandar","12":"first","13":"instock","14":"taxable","15":"shipping-taxable","16":"purchasable","17":"product-type-simple"},"_links":{"self":[{"href":"https:\/\/v31.es\/booksonline\/wp-json\/wp\/v2\/product\/10494","targetHints":{"allow":["GET"]}}],"collection":[{"href":"https:\/\/v31.es\/booksonline\/wp-json\/wp\/v2\/product"}],"about":[{"href":"https:\/\/v31.es\/booksonline\/wp-json\/wp\/v2\/types\/product"}],"replies":[{"embeddable":true,"href":"https:\/\/v31.es\/booksonline\/wp-json\/wp\/v2\/comments?post=10494"}],"wp:featuredmedia":[{"embeddable":true,"href":"https:\/\/v31.es\/booksonline\/wp-json\/wp\/v2\/media\/10495"}],"wp:attachment":[{"href":"https:\/\/v31.es\/booksonline\/wp-json\/wp\/v2\/media?parent=10494"}],"wp:term":[{"taxonomy":"product_brand","embeddable":true,"href":"https:\/\/v31.es\/booksonline\/wp-json\/wp\/v2\/product_brand?post=10494"},{"taxonomy":"product_cat","embeddable":true,"href":"https:\/\/v31.es\/booksonline\/wp-json\/wp\/v2\/product_cat?post=10494"},{"taxonomy":"product_tag","embeddable":true,"href":"https:\/\/v31.es\/booksonline\/wp-json\/wp\/v2\/product_tag?post=10494"}],"curies":[{"name":"wp","href":"https:\/\/api.w.org\/{rel}","templated":true}]}}