{"id":10514,"date":"2024-01-03T10:51:33","date_gmt":"2024-01-03T09:51:33","guid":{"rendered":"https:\/\/v31.es\/booksonline\/?post_type=product&#038;p=10514"},"modified":"2024-06-03T10:23:15","modified_gmt":"2024-06-03T08:23:15","slug":"el-entorno-natural","status":"publish","type":"product","link":"https:\/\/v31.es\/booksonline\/producto\/el-entorno-natural\/","title":{"rendered":"El Entorno Natural"},"content":{"rendered":"<p><strong>EL ENTORNO NATURAL DEL CINCA MEDIO<\/strong><\/p>\n<p>Jos\u00e9 Dami\u00e1n Moreno Rodr\u00edguez, Antonio Isla .<\/p>\n<p>La obra da a conocer los principales aspectos medioambientales de la comarca del Cinca Medio, los problemas m\u00e1s graves con que se encuentra este medio ambiente e incentivar la curiosidad de los m\u00e1s j\u00f3venes hacia la naturaleza que nos rodea mostrando la riqueza faun\u00edstica y de vegetaci\u00f3n de la comarca con aspectos tan interesantes como el anillamiento cient\u00edfico de aves o la recuperaci\u00f3n de especies catalogadas<\/p>\n<p>Se incluyen asimismo un glosario y actividades para realizar en clase o en el campo.<\/p>\n","protected":false},"excerpt":{"rendered":"<p>EL ENTORNO NATURAL DEL CINCA MEDIO Jos\u00e9 Dami\u00e1n Moreno Rodr\u00edguez, Antonio Isla . La obra da a conocer los principales aspectos medioambientales de la comarca del Cinca Medio, los problemas m\u00e1s graves con que se encuentra este medio ambiente e incentivar la curiosidad de los m\u00e1s j\u00f3venes hacia la naturaleza que nos rodea mostrando la [&hellip;]<\/p>\n","protected":false},"featured_media":10515,"comment_status":"open","ping_status":"closed","template":"","meta":{"_et_pb_use_builder":"off","_et_pb_old_content":"\u201cNada es lo que parece, nada parece lo que es\u201d\r\n\r\n[learn_more caption=\"leer m\u00e1s\"]Nos pasamos la mayor parte de nuestra existencia sumidos en una profunda oscuridad, y no somos conscientes de que con un simple gesto, podemos pulsar el interruptor que llenar\u00eda nuestra vida de luz y felicidad. Pocas son las personas capaces de ver que malgastando nuestro tiempo en esa pelea constante con nosotros mismos y con los dem\u00e1s nunca llegaremos a encontrar lo que realmente buscamos, el amor. El amor llegar\u00e1 a ti si le abres la puerta, o al menos una ventana. El amor no es perfecto, pero es lo \u00fanico por lo que merece la pena sufrir, y sobre todo vivir.[\/learn_more]","_et_gb_content_width":""},"product_brand":[],"product_cat":[390,398,270,269],"product_tag":[392,399],"class_list":{"0":"post-10514","1":"product","2":"type-product","3":"status-publish","4":"has-post-thumbnail","6":"product_cat-cehimo","7":"product_cat-javier-cambra-mur","8":"product_cat-jose-damian-moreno-rodriguez","9":"product_cat-jose-vicente-ferrandez-palacio","10":"product_tag-colecciones","11":"product_tag-comic","12":"product_shipping_class-envio-estandar","14":"first","15":"instock","16":"taxable","17":"shipping-taxable","18":"purchasable","19":"product-type-simple"},"_links":{"self":[{"href":"https:\/\/v31.es\/booksonline\/wp-json\/wp\/v2\/product\/10514","targetHints":{"allow":["GET"]}}],"collection":[{"href":"https:\/\/v31.es\/booksonline\/wp-json\/wp\/v2\/product"}],"about":[{"href":"https:\/\/v31.es\/booksonline\/wp-json\/wp\/v2\/types\/product"}],"replies":[{"embeddable":true,"href":"https:\/\/v31.es\/booksonline\/wp-json\/wp\/v2\/comments?post=10514"}],"wp:featuredmedia":[{"embeddable":true,"href":"https:\/\/v31.es\/booksonline\/wp-json\/wp\/v2\/media\/10515"}],"wp:attachment":[{"href":"https:\/\/v31.es\/booksonline\/wp-json\/wp\/v2\/media?parent=10514"}],"wp:term":[{"taxonomy":"product_brand","embeddable":true,"href":"https:\/\/v31.es\/booksonline\/wp-json\/wp\/v2\/product_brand?post=10514"},{"taxonomy":"product_cat","embeddable":true,"href":"https:\/\/v31.es\/booksonline\/wp-json\/wp\/v2\/product_cat?post=10514"},{"taxonomy":"product_tag","embeddable":true,"href":"https:\/\/v31.es\/booksonline\/wp-json\/wp\/v2\/product_tag?post=10514"}],"curies":[{"name":"wp","href":"https:\/\/api.w.org\/{rel}","templated":true}]}}