{"id":10518,"date":"2024-01-03T11:04:46","date_gmt":"2024-01-03T10:04:46","guid":{"rendered":"https:\/\/v31.es\/booksonline\/?post_type=product&#038;p=10518"},"modified":"2024-06-03T10:21:58","modified_gmt":"2024-06-03T08:21:58","slug":"los-templarios-de-monzon","status":"publish","type":"product","link":"https:\/\/v31.es\/booksonline\/producto\/los-templarios-de-monzon\/","title":{"rendered":"Los templarios de Monz\u00f3n"},"content":{"rendered":"<p>Gui\u00f3n de Mar\u00eda \u00c1ngeles Mur Pa\u00fal, y dibujo de Mar\u00e7al Abella Bresc\u00f3. Describe de forma amena y gr\u00e1fica, pero con todo el rigor esta \u00e9poca tan importante para la historia de Monz\u00f3n: la encomiendo Templaria de Monz\u00f3n una de las m\u00e1s importante de Espa\u00f1a. Tal como escriben los autores en el prologo:<\/p>\n<p>\u00abEste c\u00f3mic dedicado a \u201cLos templarios de Monz\u00f3n\u201d pretende derribar la barrera insalvable del tiempo que separa nuestra \u00e9poca del periodo medieval en que la Orden del Temple tuvo su preponderante protagonismo. Para lograr este prop\u00f3sito hemos procurado focalizar la acci\u00f3n, fundamentalmente, en el territorio de Monz\u00f3n, aunque sin desligarla de los nexos vinculantes con la historia general de la Orden\u00bb<\/p>\n","protected":false},"excerpt":{"rendered":"<p>Gui\u00f3n de Mar\u00eda \u00c1ngeles Mur Pa\u00fal, y dibujo de Mar\u00e7al Abella Bresc\u00f3. Describe de forma amena y gr\u00e1fica, pero con todo el rigor esta \u00e9poca tan importante para la historia de Monz\u00f3n: la encomiendo Templaria de Monz\u00f3n una de las m\u00e1s importante de Espa\u00f1a. Tal como escriben los autores en el prologo: \u00abEste c\u00f3mic dedicado [&hellip;]<\/p>\n","protected":false},"featured_media":10519,"comment_status":"open","ping_status":"closed","template":"","meta":{"_et_pb_use_builder":"off","_et_pb_old_content":"\u201cNada es lo que parece, nada parece lo que es\u201d\r\n\r\n[learn_more caption=\"leer m\u00e1s\"]Nos pasamos la mayor parte de nuestra existencia sumidos en una profunda oscuridad, y no somos conscientes de que con un simple gesto, podemos pulsar el interruptor que llenar\u00eda nuestra vida de luz y felicidad. Pocas son las personas capaces de ver que malgastando nuestro tiempo en esa pelea constante con nosotros mismos y con los dem\u00e1s nunca llegaremos a encontrar lo que realmente buscamos, el amor. El amor llegar\u00e1 a ti si le abres la puerta, o al menos una ventana. El amor no es perfecto, pero es lo \u00fanico por lo que merece la pena sufrir, y sobre todo vivir.[\/learn_more]","_et_gb_content_width":""},"product_brand":[],"product_cat":[390,401,402],"product_tag":[392,399],"class_list":{"0":"post-10518","1":"product","2":"type-product","3":"status-publish","4":"has-post-thumbnail","6":"product_cat-cehimo","7":"product_cat-marcal-abella-bresco","8":"product_cat-maria-angeles-mur-paul","9":"product_tag-colecciones","10":"product_tag-comic","11":"product_shipping_class-envio-estandar","13":"first","14":"instock","15":"taxable","16":"shipping-taxable","17":"purchasable","18":"product-type-simple"},"_links":{"self":[{"href":"https:\/\/v31.es\/booksonline\/wp-json\/wp\/v2\/product\/10518","targetHints":{"allow":["GET"]}}],"collection":[{"href":"https:\/\/v31.es\/booksonline\/wp-json\/wp\/v2\/product"}],"about":[{"href":"https:\/\/v31.es\/booksonline\/wp-json\/wp\/v2\/types\/product"}],"replies":[{"embeddable":true,"href":"https:\/\/v31.es\/booksonline\/wp-json\/wp\/v2\/comments?post=10518"}],"wp:featuredmedia":[{"embeddable":true,"href":"https:\/\/v31.es\/booksonline\/wp-json\/wp\/v2\/media\/10519"}],"wp:attachment":[{"href":"https:\/\/v31.es\/booksonline\/wp-json\/wp\/v2\/media?parent=10518"}],"wp:term":[{"taxonomy":"product_brand","embeddable":true,"href":"https:\/\/v31.es\/booksonline\/wp-json\/wp\/v2\/product_brand?post=10518"},{"taxonomy":"product_cat","embeddable":true,"href":"https:\/\/v31.es\/booksonline\/wp-json\/wp\/v2\/product_cat?post=10518"},{"taxonomy":"product_tag","embeddable":true,"href":"https:\/\/v31.es\/booksonline\/wp-json\/wp\/v2\/product_tag?post=10518"}],"curies":[{"name":"wp","href":"https:\/\/api.w.org\/{rel}","templated":true}]}}