{"id":10530,"date":"2024-02-13T07:04:57","date_gmt":"2024-02-13T06:04:57","guid":{"rendered":"https:\/\/v31.es\/booksonline\/?post_type=product&#038;p=10530"},"modified":"2024-06-03T10:18:35","modified_gmt":"2024-06-03T08:18:35","slug":"historias-para-dormir","status":"publish","type":"product","link":"https:\/\/v31.es\/booksonline\/producto\/historias-para-dormir\/","title":{"rendered":"Historias para dormir&#8230;"},"content":{"rendered":"<p>Historias para dormir despierto es una recopilaci\u00f3n de relatos y vivencias de la tradici\u00f3n oral de la Comarca del Cinca Medio. de las que no sabemos a ciencia cierta si son fruto de la imaginaci\u00f3n o tienen parte de verdad.<br \/>\nLa Comarca del Cinca Medio es una tierra de fronteras y acogida. repleta de historia y cultura en torno a un r\u00edo m\u00e1gico y poderoso como es el Cinca.<\/p>\n","protected":false},"excerpt":{"rendered":"<p>Historias para dormir despierto es una recopilaci\u00f3n de relatos y vivencias de la tradici\u00f3n oral de la Comarca del Cinca Medio. de las que no sabemos a ciencia cierta si son fruto de la imaginaci\u00f3n o tienen parte de verdad. La Comarca del Cinca Medio es una tierra de fronteras y acogida. repleta de historia [&hellip;]<\/p>\n","protected":false},"featured_media":10531,"comment_status":"open","ping_status":"closed","template":"","meta":{"_et_pb_use_builder":"off","_et_pb_old_content":"\u201cNada es lo que parece, nada parece lo que es\u201d\r\n\r\n[learn_more caption=\"leer m\u00e1s\"]Nos pasamos la mayor parte de nuestra existencia sumidos en una profunda oscuridad, y no somos conscientes de que con un simple gesto, podemos pulsar el interruptor que llenar\u00eda nuestra vida de luz y felicidad. Pocas son las personas capaces de ver que malgastando nuestro tiempo en esa pelea constante con nosotros mismos y con los dem\u00e1s nunca llegaremos a encontrar lo que realmente buscamos, el amor. El amor llegar\u00e1 a ti si le abres la puerta, o al menos una ventana. El amor no es perfecto, pero es lo \u00fanico por lo que merece la pena sufrir, y sobre todo vivir.[\/learn_more]","_et_gb_content_width":""},"product_brand":[],"product_cat":[404,390,403],"product_tag":[392,345],"class_list":{"0":"post-10530","1":"product","2":"type-product","3":"status-publish","4":"has-post-thumbnail","6":"product_cat-ana-carillas-sanz","7":"product_cat-cehimo","8":"product_cat-pilar-espanol-rosell","9":"product_tag-colecciones","10":"product_tag-memoria-historica","11":"product_shipping_class-envio-estandar","13":"first","14":"instock","15":"taxable","16":"shipping-taxable","17":"purchasable","18":"product-type-simple"},"_links":{"self":[{"href":"https:\/\/v31.es\/booksonline\/wp-json\/wp\/v2\/product\/10530","targetHints":{"allow":["GET"]}}],"collection":[{"href":"https:\/\/v31.es\/booksonline\/wp-json\/wp\/v2\/product"}],"about":[{"href":"https:\/\/v31.es\/booksonline\/wp-json\/wp\/v2\/types\/product"}],"replies":[{"embeddable":true,"href":"https:\/\/v31.es\/booksonline\/wp-json\/wp\/v2\/comments?post=10530"}],"wp:featuredmedia":[{"embeddable":true,"href":"https:\/\/v31.es\/booksonline\/wp-json\/wp\/v2\/media\/10531"}],"wp:attachment":[{"href":"https:\/\/v31.es\/booksonline\/wp-json\/wp\/v2\/media?parent=10530"}],"wp:term":[{"taxonomy":"product_brand","embeddable":true,"href":"https:\/\/v31.es\/booksonline\/wp-json\/wp\/v2\/product_brand?post=10530"},{"taxonomy":"product_cat","embeddable":true,"href":"https:\/\/v31.es\/booksonline\/wp-json\/wp\/v2\/product_cat?post=10530"},{"taxonomy":"product_tag","embeddable":true,"href":"https:\/\/v31.es\/booksonline\/wp-json\/wp\/v2\/product_tag?post=10530"}],"curies":[{"name":"wp","href":"https:\/\/api.w.org\/{rel}","templated":true}]}}