{"id":10532,"date":"2024-02-13T07:19:45","date_gmt":"2024-02-13T06:19:45","guid":{"rendered":"https:\/\/v31.es\/booksonline\/?post_type=product&#038;p=10532"},"modified":"2024-06-03T10:17:41","modified_gmt":"2024-06-03T08:17:41","slug":"patrimonio-e-historia","status":"publish","type":"product","link":"https:\/\/v31.es\/booksonline\/producto\/patrimonio-e-historia\/","title":{"rendered":"Patrimonio e Historia&#8230;"},"content":{"rendered":"<p>Con este ejemplar abrir\u00e1s una puerta al pasado de la ciudad de Monz\u00f3n. No es un pasado sobre la prehistoria, la romanizaci\u00f3n ni los d\u00edas del Temple, es un pasado mucho m\u00e1s reciente pero no por ello menos importante.<\/p>\n<p>Este libro quiere servir de homenaje a todas esas personas que cambiaron la historia de Monz\u00f3n para siempre. Desde la empresa que eligi\u00f3 Monz\u00f3n para su implantaci\u00f3n, pasando por los t\u00e9cnicos que desarrollaron los proyectos industriales y de viviendas, los cons-tructores de las mismas y por supuesto, todas las personas que han pasado parte de su vida en el denominado Poblado de Monsanto.<\/p>\n","protected":false},"excerpt":{"rendered":"<p>Con este ejemplar abrir\u00e1s una puerta al pasado de la ciudad de Monz\u00f3n. No es un pasado sobre la prehistoria, la romanizaci\u00f3n ni los d\u00edas del Temple, es un pasado mucho m\u00e1s reciente pero no por ello menos importante. Este libro quiere servir de homenaje a todas esas personas que cambiaron la historia de Monz\u00f3n [&hellip;]<\/p>\n","protected":false},"featured_media":10533,"comment_status":"open","ping_status":"closed","template":"","meta":{"_et_pb_use_builder":"off","_et_pb_old_content":"\u201cNada es lo que parece, nada parece lo que es\u201d\r\n\r\n[learn_more caption=\"leer m\u00e1s\"]Nos pasamos la mayor parte de nuestra existencia sumidos en una profunda oscuridad, y no somos conscientes de que con un simple gesto, podemos pulsar el interruptor que llenar\u00eda nuestra vida de luz y felicidad. Pocas son las personas capaces de ver que malgastando nuestro tiempo en esa pelea constante con nosotros mismos y con los dem\u00e1s nunca llegaremos a encontrar lo que realmente buscamos, el amor. El amor llegar\u00e1 a ti si le abres la puerta, o al menos una ventana. El amor no es perfecto, pero es lo \u00fanico por lo que merece la pena sufrir, y sobre todo vivir.[\/learn_more]","_et_gb_content_width":""},"product_brand":[],"product_cat":[390,405],"product_tag":[392,345],"class_list":{"0":"post-10532","1":"product","2":"type-product","3":"status-publish","4":"has-post-thumbnail","6":"product_cat-cehimo","7":"product_cat-clara-mur-pallas","8":"product_tag-colecciones","9":"product_tag-memoria-historica","10":"product_shipping_class-envio-estandar","12":"first","13":"instock","14":"taxable","15":"shipping-taxable","16":"purchasable","17":"product-type-simple"},"_links":{"self":[{"href":"https:\/\/v31.es\/booksonline\/wp-json\/wp\/v2\/product\/10532","targetHints":{"allow":["GET"]}}],"collection":[{"href":"https:\/\/v31.es\/booksonline\/wp-json\/wp\/v2\/product"}],"about":[{"href":"https:\/\/v31.es\/booksonline\/wp-json\/wp\/v2\/types\/product"}],"replies":[{"embeddable":true,"href":"https:\/\/v31.es\/booksonline\/wp-json\/wp\/v2\/comments?post=10532"}],"wp:featuredmedia":[{"embeddable":true,"href":"https:\/\/v31.es\/booksonline\/wp-json\/wp\/v2\/media\/10533"}],"wp:attachment":[{"href":"https:\/\/v31.es\/booksonline\/wp-json\/wp\/v2\/media?parent=10532"}],"wp:term":[{"taxonomy":"product_brand","embeddable":true,"href":"https:\/\/v31.es\/booksonline\/wp-json\/wp\/v2\/product_brand?post=10532"},{"taxonomy":"product_cat","embeddable":true,"href":"https:\/\/v31.es\/booksonline\/wp-json\/wp\/v2\/product_cat?post=10532"},{"taxonomy":"product_tag","embeddable":true,"href":"https:\/\/v31.es\/booksonline\/wp-json\/wp\/v2\/product_tag?post=10532"}],"curies":[{"name":"wp","href":"https:\/\/api.w.org\/{rel}","templated":true}]}}