{"id":10544,"date":"2024-02-13T09:25:50","date_gmt":"2024-02-13T08:25:50","guid":{"rendered":"https:\/\/v31.es\/booksonline\/?post_type=product&#038;p=10544"},"modified":"2024-06-03T10:13:26","modified_gmt":"2024-06-03T08:13:26","slug":"tolous-06","status":"publish","type":"product","link":"https:\/\/v31.es\/booksonline\/producto\/tolous-06\/","title":{"rendered":"TOLOUS 06"},"content":{"rendered":"<p><strong>COLECCI\u00d3N TOLOUS<\/strong><\/p>\n<p>Esta colecci\u00f3n lleva el nombre de la mansi\u00f3n romana Tolous que la mayor\u00eda de los autores sit\u00faan en la zona de Alegr\u00eda de Monz\u00f3n. Presenta trabajos monogr\u00e1ficos con los temas m\u00e1s variados dentro de nuestras \u00e1reas de actuaci\u00f3n, as\u00ed como biograf\u00edas de personajes ilustres de Monz\u00f3n y Comarca.<\/p>\n<p><strong>VIDA Y OBRA DE JOS\u00c9 MOR DE FUENTES. <\/strong>1994<\/p>\n<p>III Beca de investigaci\u00f3n \u201cCiudad de Monz\u00f3n\u201d<\/p>\n<p>El autor realiza una exhaustiva b\u00fasqueda de datos biogr\u00e1ficos sobre Mor de Fuentes recorriendo archivos p\u00fablicos y privados, bibliotecas, museos, dependencias militares y casas particulares, lo que le permite mostrarnos las caracter\u00edsticas del ser humano y, a partir de ah\u00ed, c\u00f3mo sus vivencias condicionaron la obra del poeta.<\/p>\n","protected":false},"excerpt":{"rendered":"<p>COLECCI\u00d3N TOLOUS Esta colecci\u00f3n lleva el nombre de la mansi\u00f3n romana Tolous que la mayor\u00eda de los autores sit\u00faan en la zona de Alegr\u00eda de Monz\u00f3n. Presenta trabajos monogr\u00e1ficos con los temas m\u00e1s variados dentro de nuestras \u00e1reas de actuaci\u00f3n, as\u00ed como biograf\u00edas de personajes ilustres de Monz\u00f3n y Comarca. VIDA Y OBRA DE JOS\u00c9 [&hellip;]<\/p>\n","protected":false},"featured_media":10545,"comment_status":"open","ping_status":"closed","template":"","meta":{"_et_pb_use_builder":"off","_et_pb_old_content":"\u201cNada es lo que parece, nada parece lo que es\u201d\r\n\r\n[learn_more caption=\"leer m\u00e1s\"]Nos pasamos la mayor parte de nuestra existencia sumidos en una profunda oscuridad, y no somos conscientes de que con un simple gesto, podemos pulsar el interruptor que llenar\u00eda nuestra vida de luz y felicidad. Pocas son las personas capaces de ver que malgastando nuestro tiempo en esa pelea constante con nosotros mismos y con los dem\u00e1s nunca llegaremos a encontrar lo que realmente buscamos, el amor. El amor llegar\u00e1 a ti si le abres la puerta, o al menos una ventana. El amor no es perfecto, pero es lo \u00fanico por lo que merece la pena sufrir, y sobre todo vivir.[\/learn_more]","_et_gb_content_width":""},"product_brand":[],"product_cat":[390,413],"product_tag":[392,411],"class_list":{"0":"post-10544","1":"product","2":"type-product","3":"status-publish","4":"has-post-thumbnail","6":"product_cat-cehimo","7":"product_cat-jesus-caseda-teresa","8":"product_tag-colecciones","9":"product_tag-tolous","10":"product_shipping_class-envio-estandar","12":"first","13":"outofstock","14":"taxable","15":"shipping-taxable","16":"purchasable","17":"product-type-simple"},"_links":{"self":[{"href":"https:\/\/v31.es\/booksonline\/wp-json\/wp\/v2\/product\/10544","targetHints":{"allow":["GET"]}}],"collection":[{"href":"https:\/\/v31.es\/booksonline\/wp-json\/wp\/v2\/product"}],"about":[{"href":"https:\/\/v31.es\/booksonline\/wp-json\/wp\/v2\/types\/product"}],"replies":[{"embeddable":true,"href":"https:\/\/v31.es\/booksonline\/wp-json\/wp\/v2\/comments?post=10544"}],"wp:featuredmedia":[{"embeddable":true,"href":"https:\/\/v31.es\/booksonline\/wp-json\/wp\/v2\/media\/10545"}],"wp:attachment":[{"href":"https:\/\/v31.es\/booksonline\/wp-json\/wp\/v2\/media?parent=10544"}],"wp:term":[{"taxonomy":"product_brand","embeddable":true,"href":"https:\/\/v31.es\/booksonline\/wp-json\/wp\/v2\/product_brand?post=10544"},{"taxonomy":"product_cat","embeddable":true,"href":"https:\/\/v31.es\/booksonline\/wp-json\/wp\/v2\/product_cat?post=10544"},{"taxonomy":"product_tag","embeddable":true,"href":"https:\/\/v31.es\/booksonline\/wp-json\/wp\/v2\/product_tag?post=10544"}],"curies":[{"name":"wp","href":"https:\/\/api.w.org\/{rel}","templated":true}]}}