{"id":10555,"date":"2024-04-12T10:55:05","date_gmt":"2024-04-12T08:55:05","guid":{"rendered":"https:\/\/v31.es\/booksonline\/?post_type=product&#038;p=10555"},"modified":"2025-08-21T10:57:53","modified_gmt":"2025-08-21T08:57:53","slug":"manu-y-los-buitres","status":"publish","type":"product","link":"https:\/\/v31.es\/booksonline\/producto\/manu-y-los-buitres\/","title":{"rendered":"Manu y los buitres"},"content":{"rendered":"<p>El trabajo del Fondo Amigos del Buitre y, en particular, el de su carism\u00e1tico presidente, Manuel Aguilera, han dado forma a este libro. No obstante, el reconocimiento que encierra va m\u00e1s all\u00e1 de esos protagonistas y alcanza a todos los hombres y mujeres que bregan cada d\u00eda en la batalla por la conservaci\u00f3n de la naturaleza, por el mimo al medio ambiente, por el necesario equilibrio entre las innumerables manifestaciones de la vida. Reconocimiento al que acompa\u00f1an dos deseos: no reblen\u2026 y que la fuerza y la suerte les acompa\u00f1en.<\/p>\n","protected":false},"excerpt":{"rendered":"<p>El trabajo del Fondo Amigos del Buitre y, en particular, el de su carism\u00e1tico presidente, Manuel Aguilera, han dado forma a este libro. No obstante, el reconocimiento que encierra va m\u00e1s all\u00e1 de esos protagonistas y alcanza a todos los hombres y mujeres que bregan cada d\u00eda en la batalla por la conservaci\u00f3n de la [&hellip;]<\/p>\n","protected":false},"featured_media":10559,"comment_status":"open","ping_status":"closed","template":"","meta":{"_et_pb_use_builder":"off","_et_pb_old_content":"\u201cNada es lo que parece, nada parece lo que es\u201d\r\n\r\n[learn_more caption=\"leer m\u00e1s\"]Nos pasamos la mayor parte de nuestra existencia sumidos en una profunda oscuridad, y no somos conscientes de que con un simple gesto, podemos pulsar el interruptor que llenar\u00eda nuestra vida de luz y felicidad. Pocas son las personas capaces de ver que malgastando nuestro tiempo en esa pelea constante con nosotros mismos y con los dem\u00e1s nunca llegaremos a encontrar lo que realmente buscamos, el amor. El amor llegar\u00e1 a ti si le abres la puerta, o al menos una ventana. El amor no es perfecto, pero es lo \u00fanico por lo que merece la pena sufrir, y sobre todo vivir.[\/learn_more]","_et_gb_content_width":""},"product_brand":[],"product_cat":[218,312,416],"product_tag":[418,417],"class_list":{"0":"post-10555","1":"product","2":"type-product","3":"status-publish","4":"has-post-thumbnail","6":"product_cat-booksonline","7":"product_cat-f-j-porquet","8":"product_cat-fondo-amigos-del-buitre","9":"product_tag-cultura","10":"product_tag-naturaleza","11":"product_shipping_class-envio-estandar","13":"first","14":"instock","15":"taxable","16":"shipping-taxable","17":"purchasable","18":"product-type-simple"},"_links":{"self":[{"href":"https:\/\/v31.es\/booksonline\/wp-json\/wp\/v2\/product\/10555","targetHints":{"allow":["GET"]}}],"collection":[{"href":"https:\/\/v31.es\/booksonline\/wp-json\/wp\/v2\/product"}],"about":[{"href":"https:\/\/v31.es\/booksonline\/wp-json\/wp\/v2\/types\/product"}],"replies":[{"embeddable":true,"href":"https:\/\/v31.es\/booksonline\/wp-json\/wp\/v2\/comments?post=10555"}],"wp:featuredmedia":[{"embeddable":true,"href":"https:\/\/v31.es\/booksonline\/wp-json\/wp\/v2\/media\/10559"}],"wp:attachment":[{"href":"https:\/\/v31.es\/booksonline\/wp-json\/wp\/v2\/media?parent=10555"}],"wp:term":[{"taxonomy":"product_brand","embeddable":true,"href":"https:\/\/v31.es\/booksonline\/wp-json\/wp\/v2\/product_brand?post=10555"},{"taxonomy":"product_cat","embeddable":true,"href":"https:\/\/v31.es\/booksonline\/wp-json\/wp\/v2\/product_cat?post=10555"},{"taxonomy":"product_tag","embeddable":true,"href":"https:\/\/v31.es\/booksonline\/wp-json\/wp\/v2\/product_tag?post=10555"}],"curies":[{"name":"wp","href":"https:\/\/api.w.org\/{rel}","templated":true}]}}