{"id":10561,"date":"2024-04-18T11:57:00","date_gmt":"2024-04-18T09:57:00","guid":{"rendered":"https:\/\/v31.es\/booksonline\/?post_type=product&#038;p=10561"},"modified":"2026-04-21T10:21:03","modified_gmt":"2026-04-21T08:21:03","slug":"alexa-y-matt-1","status":"publish","type":"product","link":"https:\/\/v31.es\/booksonline\/producto\/alexa-y-matt-1\/","title":{"rendered":"ALEXA Y MATT 1"},"content":{"rendered":"<p>Alexa es una periodista muy curiosa, decidida a escalar en su profesi\u00f3n y para ello necesita un art\u00edculo de esc\u00e1ndalo. En su investigaci\u00f3n se adentra en un mundo desconocido para ella, hasta el momento.<br \/>\n\u00bfHas o\u00eddo hablar de B.D.S.M.?<br \/>\n\u00bfConoces los Clubs Swingers?<br \/>\nEn medio de toda esta investigaci\u00f3n aparece Matt, un escort con mucha experiencia en estos campos y que la ayudar\u00e1 a descubrir el verdadero placer del sexo.<br \/>\nLo que comienza como un juego, a trav\u00e9s de mails, acaba por convertirse en un deseo tan real, que los lleva a encontrarse cara a cara, momento en el que la diversi\u00f3n finaliza. O no.<\/p>\n<p>https:\/\/www.sophiehotbooks.es\/<\/p>\n<p>&nbsp;<\/p>\n","protected":false},"excerpt":{"rendered":"<p>Alexa es una periodista muy curiosa, decidida a escalar en su profesi\u00f3n y para ello necesita un art\u00edculo de esc\u00e1ndalo. En su investigaci\u00f3n se adentra en un mundo desconocido para ella, hasta el momento. \u00bfHas o\u00eddo hablar de B.D.S.M.? \u00bfConoces los Clubs Swingers? En medio de toda esta investigaci\u00f3n aparece Matt, un escort con mucha [&hellip;]<\/p>\n","protected":false},"featured_media":10562,"comment_status":"open","ping_status":"closed","template":"","meta":{"_et_pb_use_builder":"off","_et_pb_old_content":"\u201cNada es lo que parece, nada parece lo que es\u201d\r\n\r\n[learn_more caption=\"leer m\u00e1s\"]Nos pasamos la mayor parte de nuestra existencia sumidos en una profunda oscuridad, y no somos conscientes de que con un simple gesto, podemos pulsar el interruptor que llenar\u00eda nuestra vida de luz y felicidad. Pocas son las personas capaces de ver que malgastando nuestro tiempo en esa pelea constante con nosotros mismos y con los dem\u00e1s nunca llegaremos a encontrar lo que realmente buscamos, el amor. El amor llegar\u00e1 a ti si le abres la puerta, o al menos una ventana. El amor no es perfecto, pero es lo \u00fanico por lo que merece la pena sufrir, y sobre todo vivir.[\/learn_more]","_et_gb_content_width":""},"product_brand":[],"product_cat":[419],"product_tag":[420],"class_list":{"0":"post-10561","1":"product","2":"type-product","3":"status-publish","4":"has-post-thumbnail","6":"product_cat-sophie-gari","7":"product_tag-erotico","8":"product_shipping_class-envio-estandar","10":"first","11":"instock","12":"taxable","13":"shipping-taxable","14":"purchasable","15":"product-type-simple"},"_links":{"self":[{"href":"https:\/\/v31.es\/booksonline\/wp-json\/wp\/v2\/product\/10561","targetHints":{"allow":["GET"]}}],"collection":[{"href":"https:\/\/v31.es\/booksonline\/wp-json\/wp\/v2\/product"}],"about":[{"href":"https:\/\/v31.es\/booksonline\/wp-json\/wp\/v2\/types\/product"}],"replies":[{"embeddable":true,"href":"https:\/\/v31.es\/booksonline\/wp-json\/wp\/v2\/comments?post=10561"}],"wp:featuredmedia":[{"embeddable":true,"href":"https:\/\/v31.es\/booksonline\/wp-json\/wp\/v2\/media\/10562"}],"wp:attachment":[{"href":"https:\/\/v31.es\/booksonline\/wp-json\/wp\/v2\/media?parent=10561"}],"wp:term":[{"taxonomy":"product_brand","embeddable":true,"href":"https:\/\/v31.es\/booksonline\/wp-json\/wp\/v2\/product_brand?post=10561"},{"taxonomy":"product_cat","embeddable":true,"href":"https:\/\/v31.es\/booksonline\/wp-json\/wp\/v2\/product_cat?post=10561"},{"taxonomy":"product_tag","embeddable":true,"href":"https:\/\/v31.es\/booksonline\/wp-json\/wp\/v2\/product_tag?post=10561"}],"curies":[{"name":"wp","href":"https:\/\/api.w.org\/{rel}","templated":true}]}}