{"id":10564,"date":"2024-05-07T09:24:30","date_gmt":"2024-05-07T07:24:30","guid":{"rendered":"https:\/\/v31.es\/booksonline\/?post_type=product&#038;p=10564"},"modified":"2026-04-21T10:20:29","modified_gmt":"2026-04-21T08:20:29","slug":"zaida-y-max-2","status":"publish","type":"product","link":"https:\/\/v31.es\/booksonline\/producto\/zaida-y-max-2\/","title":{"rendered":"ZAIDA Y MAX 2"},"content":{"rendered":"<p>Dos personas que luchan por sobrevivir en un\u00a0mundo lleno de prejuicios y normas materialistas se\u00a0enfrentan a un pasado muy doloroso. Dos historias<br \/>\ndiferentes se unen en el futuro para compartir cicatrices\u00a0no tan distintas.<br \/>\nAmbos personajes experimentan lo desafiante\u00a0que puede llegar a ser la vida, por motivos diferentes,\u00a0con un resultado de crueldad similar, que les hace\u00a0enfrentarse a la vida con decisiones muy dispares,\u00a0gui\u00e1ndolos al mismo destino.<br \/>\n\u00bfSer\u00e1n capaces de superar las heridas del\u00a0pasado?<br \/>\nEllos lo intentan cada d\u00eda, hacen lo posible por\u00a0crear nuevos sue\u00f1os, dan rienda suelta a sus fantas\u00edas\u00a0m\u00e1s ocultas y se enfrentan a sus propios miedos.<br \/>\nAmor, mentiras, pasi\u00f3n, secretos, sexo, amistad,\u00a0miedo. Todo vale para enfrentarse a la realidad, esa que\u00a0cada uno percibe de forma diferente.<br \/>\n\u00bfEst\u00e1s preparado para re\u00edr, sufrir y sentir al\u00a0m\u00e1ximo cualquier situaci\u00f3n, por intensa que sea?<br \/>\nRel\u00e1jate y disfruta del trayecto, porque la pasi\u00f3n\u00a0que se esconde en esta historia es sumamente excitante\u00a0y sensual, tanto que no querr\u00e1s que termine.<\/p>\n<p>https:\/\/www.sophiehotbooks.es\/<\/p>\n<p>&nbsp;<\/p>\n","protected":false},"excerpt":{"rendered":"<p>Dos personas que luchan por sobrevivir en un\u00a0mundo lleno de prejuicios y normas materialistas se\u00a0enfrentan a un pasado muy doloroso. Dos historias diferentes se unen en el futuro para compartir cicatrices\u00a0no tan distintas. Ambos personajes experimentan lo desafiante\u00a0que puede llegar a ser la vida, por motivos diferentes,\u00a0con un resultado de crueldad similar, que les hace\u00a0enfrentarse [&hellip;]<\/p>\n","protected":false},"featured_media":10565,"comment_status":"open","ping_status":"closed","template":"","meta":{"_et_pb_use_builder":"off","_et_pb_old_content":"\u201cNada es lo que parece, nada parece lo que es\u201d\r\n\r\n[learn_more caption=\"leer m\u00e1s\"]Nos pasamos la mayor parte de nuestra existencia sumidos en una profunda oscuridad, y no somos conscientes de que con un simple gesto, podemos pulsar el interruptor que llenar\u00eda nuestra vida de luz y felicidad. Pocas son las personas capaces de ver que malgastando nuestro tiempo en esa pelea constante con nosotros mismos y con los dem\u00e1s nunca llegaremos a encontrar lo que realmente buscamos, el amor. El amor llegar\u00e1 a ti si le abres la puerta, o al menos una ventana. El amor no es perfecto, pero es lo \u00fanico por lo que merece la pena sufrir, y sobre todo vivir.[\/learn_more]","_et_gb_content_width":""},"product_brand":[],"product_cat":[419],"product_tag":[420],"class_list":{"0":"post-10564","1":"product","2":"type-product","3":"status-publish","4":"has-post-thumbnail","6":"product_cat-sophie-gari","7":"product_tag-erotico","8":"product_shipping_class-envio-estandar","10":"first","11":"instock","12":"taxable","13":"shipping-taxable","14":"purchasable","15":"product-type-simple"},"_links":{"self":[{"href":"https:\/\/v31.es\/booksonline\/wp-json\/wp\/v2\/product\/10564","targetHints":{"allow":["GET"]}}],"collection":[{"href":"https:\/\/v31.es\/booksonline\/wp-json\/wp\/v2\/product"}],"about":[{"href":"https:\/\/v31.es\/booksonline\/wp-json\/wp\/v2\/types\/product"}],"replies":[{"embeddable":true,"href":"https:\/\/v31.es\/booksonline\/wp-json\/wp\/v2\/comments?post=10564"}],"wp:featuredmedia":[{"embeddable":true,"href":"https:\/\/v31.es\/booksonline\/wp-json\/wp\/v2\/media\/10565"}],"wp:attachment":[{"href":"https:\/\/v31.es\/booksonline\/wp-json\/wp\/v2\/media?parent=10564"}],"wp:term":[{"taxonomy":"product_brand","embeddable":true,"href":"https:\/\/v31.es\/booksonline\/wp-json\/wp\/v2\/product_brand?post=10564"},{"taxonomy":"product_cat","embeddable":true,"href":"https:\/\/v31.es\/booksonline\/wp-json\/wp\/v2\/product_cat?post=10564"},{"taxonomy":"product_tag","embeddable":true,"href":"https:\/\/v31.es\/booksonline\/wp-json\/wp\/v2\/product_tag?post=10564"}],"curies":[{"name":"wp","href":"https:\/\/api.w.org\/{rel}","templated":true}]}}