{"id":10588,"date":"2024-08-07T09:38:16","date_gmt":"2024-08-07T07:38:16","guid":{"rendered":"https:\/\/v31.es\/booksonline\/?post_type=product&#038;p=10588"},"modified":"2026-04-21T10:19:52","modified_gmt":"2026-04-21T08:19:52","slug":"cynthia-y-maxi","status":"publish","type":"product","link":"https:\/\/v31.es\/booksonline\/producto\/cynthia-y-maxi\/","title":{"rendered":"Cynthia y Maxi 3"},"content":{"rendered":"<p>Maxi es un joven impulsivo, al que no le da miedo enfrentarse con una sociedad repleta de prejuicios.<br \/>\nLlevado por sus deseos, vive el sexo sin l\u00edmites y como algo natural, sobre todo cuando se entera de la profesi\u00f3n secreta de su padre. Cynthia es una persona que lucha por encontrar su lugar en un mundo que no la entiende, pero gracias a Mario y sus amigos, re\u00fane las fuerzas suficientes, para no desistir en el triunfo de su mayor sue\u00f1o.<br \/>\nUna historia donde el placer es m\u00e1s que un juego liberal, es el punto de uni\u00f3n entre personas que buscan amistad, amor y comprensi\u00f3n<\/p>\n<p>https:\/\/www.sophiehotbooks.es\/<\/p>\n<p>&nbsp;<\/p>\n","protected":false},"excerpt":{"rendered":"<p>Maxi es un joven impulsivo, al que no le da miedo enfrentarse con una sociedad repleta de prejuicios. Llevado por sus deseos, vive el sexo sin l\u00edmites y como algo natural, sobre todo cuando se entera de la profesi\u00f3n secreta de su padre. Cynthia es una persona que lucha por encontrar su lugar en un [&hellip;]<\/p>\n","protected":false},"featured_media":10653,"comment_status":"open","ping_status":"closed","template":"","meta":{"_et_pb_use_builder":"off","_et_pb_old_content":"\u201cNada es lo que parece, nada parece lo que es\u201d\r\n\r\n[learn_more caption=\"leer m\u00e1s\"]Nos pasamos la mayor parte de nuestra existencia sumidos en una profunda oscuridad, y no somos conscientes de que con un simple gesto, podemos pulsar el interruptor que llenar\u00eda nuestra vida de luz y felicidad. Pocas son las personas capaces de ver que malgastando nuestro tiempo en esa pelea constante con nosotros mismos y con los dem\u00e1s nunca llegaremos a encontrar lo que realmente buscamos, el amor. El amor llegar\u00e1 a ti si le abres la puerta, o al menos una ventana. El amor no es perfecto, pero es lo \u00fanico por lo que merece la pena sufrir, y sobre todo vivir.[\/learn_more]","_et_gb_content_width":""},"product_brand":[],"product_cat":[419],"product_tag":[420],"class_list":{"0":"post-10588","1":"product","2":"type-product","3":"status-publish","4":"has-post-thumbnail","6":"product_cat-sophie-gari","7":"product_tag-erotico","8":"product_shipping_class-envio-estandar","10":"first","11":"instock","12":"taxable","13":"shipping-taxable","14":"purchasable","15":"product-type-simple"},"_links":{"self":[{"href":"https:\/\/v31.es\/booksonline\/wp-json\/wp\/v2\/product\/10588","targetHints":{"allow":["GET"]}}],"collection":[{"href":"https:\/\/v31.es\/booksonline\/wp-json\/wp\/v2\/product"}],"about":[{"href":"https:\/\/v31.es\/booksonline\/wp-json\/wp\/v2\/types\/product"}],"replies":[{"embeddable":true,"href":"https:\/\/v31.es\/booksonline\/wp-json\/wp\/v2\/comments?post=10588"}],"wp:featuredmedia":[{"embeddable":true,"href":"https:\/\/v31.es\/booksonline\/wp-json\/wp\/v2\/media\/10653"}],"wp:attachment":[{"href":"https:\/\/v31.es\/booksonline\/wp-json\/wp\/v2\/media?parent=10588"}],"wp:term":[{"taxonomy":"product_brand","embeddable":true,"href":"https:\/\/v31.es\/booksonline\/wp-json\/wp\/v2\/product_brand?post=10588"},{"taxonomy":"product_cat","embeddable":true,"href":"https:\/\/v31.es\/booksonline\/wp-json\/wp\/v2\/product_cat?post=10588"},{"taxonomy":"product_tag","embeddable":true,"href":"https:\/\/v31.es\/booksonline\/wp-json\/wp\/v2\/product_tag?post=10588"}],"curies":[{"name":"wp","href":"https:\/\/api.w.org\/{rel}","templated":true}]}}