{"id":10595,"date":"2024-09-30T09:17:21","date_gmt":"2024-09-30T07:17:21","guid":{"rendered":"https:\/\/v31.es\/booksonline\/?post_type=product&#038;p=10595"},"modified":"2026-02-11T20:12:49","modified_gmt":"2026-02-11T19:12:49","slug":"montana-adentro","status":"publish","type":"product","link":"https:\/\/v31.es\/booksonline\/producto\/montana-adentro\/","title":{"rendered":"Monta\u00f1a Adentro"},"content":{"rendered":"<p>A caballo entre dos siglos, el micr\u00f3fono, la pluma y la c\u00e1mara fotogr\u00e1fica del periodista Francisco Jos\u00e9 Porquet (Monz\u00f3n, 1957) han dado voz e imagen al amplio tejido social, pol\u00edtico, deportivo y cultural del Cinca Medio. R\u00edo arriba, la tentaci\u00f3n de echarse al monte ha sido para el autor una necesidad tan metaf\u00f3rica como real, promesa de aire fresco y rutas cubiertas a golpe de calcet\u00edn o de pedal.<br \/>\nMonta\u00f1a adentro agrupa 59 t\u00edtulos \u00abrescatados para la ocasi\u00f3n\u00bb. Cuesta poner puertas al campo, pues las piezas y despieces period\u00edsticos se extienden como si fueran un conjunto de cimas y antecimas de una misma cadena. En ese cordal, por cada relato late el asombro de estar vivo, igual que por cada vivencia bombea la pasi\u00f3n de escribir.<br \/>\nPorquet hace del Pirineo aragon\u00e9s y sus estribaciones un Macondo particular que trasciende fronteras, no solo geogr\u00e1ficas. Cruza la aduana entre la cr\u00f3nica y la ficci\u00f3n, lo escuchado y lo vivido, el realismo y la magia. Los textos brindan aventuras de todos los niveles. No es necesario advertir que no se trata de una gu\u00eda de monta\u00f1a, pero algo tiene de cuaderno de viajes y mucho hay de manual de supervivencia.<\/p>\n","protected":false},"excerpt":{"rendered":"<p>A caballo entre dos siglos, el micr\u00f3fono, la pluma y la c\u00e1mara fotogr\u00e1fica del periodista Francisco Jos\u00e9 Porquet (Monz\u00f3n, 1957) han dado voz e imagen al amplio tejido social, pol\u00edtico, deportivo y cultural del Cinca Medio. R\u00edo arriba, la tentaci\u00f3n de echarse al monte ha sido para el autor una necesidad tan metaf\u00f3rica como real, [&hellip;]<\/p>\n","protected":false},"featured_media":10596,"comment_status":"open","ping_status":"closed","template":"","meta":{"_et_pb_use_builder":"off","_et_pb_old_content":"\u201cNada es lo que parece, nada parece lo que es\u201d\r\n\r\n[learn_more caption=\"leer m\u00e1s\"]Nos pasamos la mayor parte de nuestra existencia sumidos en una profunda oscuridad, y no somos conscientes de que con un simple gesto, podemos pulsar el interruptor que llenar\u00eda nuestra vida de luz y felicidad. Pocas son las personas capaces de ver que malgastando nuestro tiempo en esa pelea constante con nosotros mismos y con los dem\u00e1s nunca llegaremos a encontrar lo que realmente buscamos, el amor. El amor llegar\u00e1 a ti si le abres la puerta, o al menos una ventana. El amor no es perfecto, pero es lo \u00fanico por lo que merece la pena sufrir, y sobre todo vivir.[\/learn_more]","_et_gb_content_width":""},"product_brand":[],"product_cat":[218,312],"product_tag":[426],"class_list":{"0":"post-10595","1":"product","2":"type-product","3":"status-publish","4":"has-post-thumbnail","6":"product_cat-booksonline","7":"product_cat-f-j-porquet","8":"product_tag-relatos","9":"product_shipping_class-envio-estandar","11":"first","12":"instock","13":"taxable","14":"shipping-taxable","15":"purchasable","16":"product-type-simple"},"_links":{"self":[{"href":"https:\/\/v31.es\/booksonline\/wp-json\/wp\/v2\/product\/10595","targetHints":{"allow":["GET"]}}],"collection":[{"href":"https:\/\/v31.es\/booksonline\/wp-json\/wp\/v2\/product"}],"about":[{"href":"https:\/\/v31.es\/booksonline\/wp-json\/wp\/v2\/types\/product"}],"replies":[{"embeddable":true,"href":"https:\/\/v31.es\/booksonline\/wp-json\/wp\/v2\/comments?post=10595"}],"wp:featuredmedia":[{"embeddable":true,"href":"https:\/\/v31.es\/booksonline\/wp-json\/wp\/v2\/media\/10596"}],"wp:attachment":[{"href":"https:\/\/v31.es\/booksonline\/wp-json\/wp\/v2\/media?parent=10595"}],"wp:term":[{"taxonomy":"product_brand","embeddable":true,"href":"https:\/\/v31.es\/booksonline\/wp-json\/wp\/v2\/product_brand?post=10595"},{"taxonomy":"product_cat","embeddable":true,"href":"https:\/\/v31.es\/booksonline\/wp-json\/wp\/v2\/product_cat?post=10595"},{"taxonomy":"product_tag","embeddable":true,"href":"https:\/\/v31.es\/booksonline\/wp-json\/wp\/v2\/product_tag?post=10595"}],"curies":[{"name":"wp","href":"https:\/\/api.w.org\/{rel}","templated":true}]}}