{"id":10600,"date":"2024-10-21T11:36:51","date_gmt":"2024-10-21T09:36:51","guid":{"rendered":"https:\/\/v31.es\/booksonline\/?post_type=product&#038;p=10600"},"modified":"2025-02-24T12:07:29","modified_gmt":"2025-02-24T11:07:29","slug":"jose-luis-somada","status":"publish","type":"product","link":"https:\/\/v31.es\/booksonline\/producto\/jose-luis-somada\/","title":{"rendered":"Jos\u00e9 Luis Somada"},"content":{"rendered":"<p>Cuando Jos\u00e9 Luis selecciona la fotograf\u00eda que cierra el libro, se\u00f1ala a los cr\u00edos y dice: \u201cSon lo m\u00e1s hermoso de la trayectoria vital\u201d<\/p>\n<p>Jos\u00e9 Luis Somada naci\u00f3 en Sieso de Huesca, en la comarca de La Hoya. De joven trabaj\u00f3 de palista y, a la vez, ech\u00f3 los herrajes de una granja de vacas que al cabo<br \/>\nde treinta a\u00f1os y tras muchos esfuerzos superaba de largo el centenar de cabezas. En el albor de los noventa, la sociedad que constituy\u00f3 con Herminia Ballest\u00edn alumbr\u00f3 la queser\u00eda Villa Villera, de reconocido prestigio en el mercado aragon\u00e9s. La lucha tuvo recompensa.<\/p>\n<p>Sieso pertenece al municipio de Casbas de Huesca y le separan 25 kil\u00f3metros de la capital provincial. Al norte, como tel\u00f3n de fondo, la sierra de Guara. La iglesia parroquial, con or\u00edgenes en el siglo XII, est\u00e1 dedicada a San Mart\u00edn. Junto al cementerio se levanta la ermita de la Virgen de los Olivares, restaurada a primeros de siglo con una aportaci\u00f3n de la DPH y donativos de los vecinos.<\/p>\n","protected":false},"excerpt":{"rendered":"<p>Cuando Jos\u00e9 Luis selecciona la fotograf\u00eda que cierra el libro, se\u00f1ala a los cr\u00edos y dice: \u201cSon lo m\u00e1s hermoso de la trayectoria vital\u201d Jos\u00e9 Luis Somada naci\u00f3 en Sieso de Huesca, en la comarca de La Hoya. De joven trabaj\u00f3 de palista y, a la vez, ech\u00f3 los herrajes de una granja de vacas [&hellip;]<\/p>\n","protected":false},"featured_media":10601,"comment_status":"open","ping_status":"closed","template":"","meta":{"_et_pb_use_builder":"off","_et_pb_old_content":"\u201cNada es lo que parece, nada parece lo que es\u201d\r\n\r\n[learn_more caption=\"leer m\u00e1s\"]Nos pasamos la mayor parte de nuestra existencia sumidos en una profunda oscuridad, y no somos conscientes de que con un simple gesto, podemos pulsar el interruptor que llenar\u00eda nuestra vida de luz y felicidad. Pocas son las personas capaces de ver que malgastando nuestro tiempo en esa pelea constante con nosotros mismos y con los dem\u00e1s nunca llegaremos a encontrar lo que realmente buscamos, el amor. El amor llegar\u00e1 a ti si le abres la puerta, o al menos una ventana. El amor no es perfecto, pero es lo \u00fanico por lo que merece la pena sufrir, y sobre todo vivir.[\/learn_more]","_et_gb_content_width":""},"product_brand":[],"product_cat":[218,312],"product_tag":[426],"class_list":{"0":"post-10600","1":"product","2":"type-product","3":"status-publish","4":"has-post-thumbnail","6":"product_cat-booksonline","7":"product_cat-f-j-porquet","8":"product_tag-relatos","9":"product_shipping_class-envio-estandar","11":"first","12":"instock","13":"taxable","14":"shipping-taxable","15":"purchasable","16":"product-type-simple"},"_links":{"self":[{"href":"https:\/\/v31.es\/booksonline\/wp-json\/wp\/v2\/product\/10600","targetHints":{"allow":["GET"]}}],"collection":[{"href":"https:\/\/v31.es\/booksonline\/wp-json\/wp\/v2\/product"}],"about":[{"href":"https:\/\/v31.es\/booksonline\/wp-json\/wp\/v2\/types\/product"}],"replies":[{"embeddable":true,"href":"https:\/\/v31.es\/booksonline\/wp-json\/wp\/v2\/comments?post=10600"}],"wp:featuredmedia":[{"embeddable":true,"href":"https:\/\/v31.es\/booksonline\/wp-json\/wp\/v2\/media\/10601"}],"wp:attachment":[{"href":"https:\/\/v31.es\/booksonline\/wp-json\/wp\/v2\/media?parent=10600"}],"wp:term":[{"taxonomy":"product_brand","embeddable":true,"href":"https:\/\/v31.es\/booksonline\/wp-json\/wp\/v2\/product_brand?post=10600"},{"taxonomy":"product_cat","embeddable":true,"href":"https:\/\/v31.es\/booksonline\/wp-json\/wp\/v2\/product_cat?post=10600"},{"taxonomy":"product_tag","embeddable":true,"href":"https:\/\/v31.es\/booksonline\/wp-json\/wp\/v2\/product_tag?post=10600"}],"curies":[{"name":"wp","href":"https:\/\/api.w.org\/{rel}","templated":true}]}}