{"id":10622,"date":"2024-12-26T08:52:17","date_gmt":"2024-12-26T07:52:17","guid":{"rendered":"https:\/\/v31.es\/booksonline\/?post_type=product&#038;p=10622"},"modified":"2024-12-26T09:00:00","modified_gmt":"2024-12-26T08:00:00","slug":"el-plagio","status":"publish","type":"product","link":"https:\/\/v31.es\/booksonline\/producto\/el-plagio\/","title":{"rendered":"El Plagio"},"content":{"rendered":"<p>Una historia de amistad con el tel\u00f3n de fondo de la devoci\u00f3n por la literatura.<br \/>\nUna mujer inquieta y llena de ideas y un escritor en el ocaso de su carrera.<br \/>\nLibros que triunfan y pasiones que se apagan. \u00bfQu\u00e9 esconde la trama: un plagio, un malentendido o una sorpresa?<br \/>\nEn realidad, poco importa porque en el remate triunfan la redenci\u00f3n y la reconciliaci\u00f3n, estadios del alma siempre \u00abinmaculados\u00bb.<\/p>\n","protected":false},"excerpt":{"rendered":"<p>Una historia de amistad con el tel\u00f3n de fondo de la devoci\u00f3n por la literatura. Una mujer inquieta y llena de ideas y un escritor en el ocaso de su carrera. Libros que triunfan y pasiones que se apagan. \u00bfQu\u00e9 esconde la trama: un plagio, un malentendido o una sorpresa? En realidad, poco importa porque [&hellip;]<\/p>\n","protected":false},"featured_media":10623,"comment_status":"open","ping_status":"closed","template":"","meta":{"_et_pb_use_builder":"off","_et_pb_old_content":"\u201cNada es lo que parece, nada parece lo que es\u201d\r\n\r\n[learn_more caption=\"leer m\u00e1s\"]Nos pasamos la mayor parte de nuestra existencia sumidos en una profunda oscuridad, y no somos conscientes de que con un simple gesto, podemos pulsar el interruptor que llenar\u00eda nuestra vida de luz y felicidad. Pocas son las personas capaces de ver que malgastando nuestro tiempo en esa pelea constante con nosotros mismos y con los dem\u00e1s nunca llegaremos a encontrar lo que realmente buscamos, el amor. El amor llegar\u00e1 a ti si le abres la puerta, o al menos una ventana. El amor no es perfecto, pero es lo \u00fanico por lo que merece la pena sufrir, y sobre todo vivir.[\/learn_more]","_et_gb_content_width":""},"product_brand":[],"product_cat":[380],"product_tag":[36],"class_list":{"0":"post-10622","1":"product","2":"type-product","3":"status-publish","4":"has-post-thumbnail","6":"product_cat-rosario-mateos-martin","7":"product_tag-novela","8":"product_shipping_class-envio-estandar","10":"first","11":"instock","12":"taxable","13":"shipping-taxable","14":"purchasable","15":"product-type-simple"},"_links":{"self":[{"href":"https:\/\/v31.es\/booksonline\/wp-json\/wp\/v2\/product\/10622","targetHints":{"allow":["GET"]}}],"collection":[{"href":"https:\/\/v31.es\/booksonline\/wp-json\/wp\/v2\/product"}],"about":[{"href":"https:\/\/v31.es\/booksonline\/wp-json\/wp\/v2\/types\/product"}],"replies":[{"embeddable":true,"href":"https:\/\/v31.es\/booksonline\/wp-json\/wp\/v2\/comments?post=10622"}],"wp:featuredmedia":[{"embeddable":true,"href":"https:\/\/v31.es\/booksonline\/wp-json\/wp\/v2\/media\/10623"}],"wp:attachment":[{"href":"https:\/\/v31.es\/booksonline\/wp-json\/wp\/v2\/media?parent=10622"}],"wp:term":[{"taxonomy":"product_brand","embeddable":true,"href":"https:\/\/v31.es\/booksonline\/wp-json\/wp\/v2\/product_brand?post=10622"},{"taxonomy":"product_cat","embeddable":true,"href":"https:\/\/v31.es\/booksonline\/wp-json\/wp\/v2\/product_cat?post=10622"},{"taxonomy":"product_tag","embeddable":true,"href":"https:\/\/v31.es\/booksonline\/wp-json\/wp\/v2\/product_tag?post=10622"}],"curies":[{"name":"wp","href":"https:\/\/api.w.org\/{rel}","templated":true}]}}