{"id":10669,"date":"2025-02-24T11:51:20","date_gmt":"2025-02-24T10:51:20","guid":{"rendered":"https:\/\/v31.es\/booksonline\/?post_type=product&#038;p=10669"},"modified":"2026-03-05T17:28:31","modified_gmt":"2026-03-05T16:28:31","slug":"bajo-la-niebla","status":"publish","type":"product","link":"https:\/\/v31.es\/booksonline\/producto\/bajo-la-niebla\/","title":{"rendered":"Bajo la Niebla"},"content":{"rendered":"<p>Un hombre llega a una comisar\u00eda con una sensaci\u00f3n de desesperaci\u00f3n y confusi\u00f3n, denuncia su propio crimen, pero al despertar en una habitaci\u00f3n desconocida, descubre que ha perdido toda memoria de qui\u00e9n es. Ning\u00fan recuerdo, ninguna pista sobre su identidad. Mientras los m\u00e9dicos tratan de ayudarlo, \u00e9l se enfrenta a una realidad a\u00fan m\u00e1s desconcertante: no fue \u00e9l quien muri\u00f3, sino que est\u00e1 atrapado en un enigma que desaf\u00eda la l\u00f3gica y la raz\u00f3n. \u00bfC\u00f3mo lleg\u00f3 all\u00ed? \u00bfQu\u00e9 le ocurri\u00f3 realmente? A medida que se adentra en una b\u00fasqueda para descubrir la verdad, se ve envuelto en un misterio que pone en juego no solo su vida, sino su propia existencia. Un juego de verdades y mentiras donde el instinto de supervivencia jugara un papel fundamental. Deber\u00e1 tomar decisiones donde pondr\u00e1 en juego su familia y su propia vida.<\/p>\n<p>&nbsp;<\/p>\n<p><strong><em>El autor donara para la lucha contra el cancer 1 euro por cada libro vendido<\/em><\/strong><\/p>\n","protected":false},"excerpt":{"rendered":"<p>Un hombre llega a una comisar\u00eda con una sensaci\u00f3n de desesperaci\u00f3n y confusi\u00f3n, denuncia su propio crimen, pero al despertar en una habitaci\u00f3n desconocida, descubre que ha perdido toda memoria de qui\u00e9n es. Ning\u00fan recuerdo, ninguna pista sobre su identidad. Mientras los m\u00e9dicos tratan de ayudarlo, \u00e9l se enfrenta a una realidad a\u00fan m\u00e1s desconcertante: [&hellip;]<\/p>\n","protected":false},"featured_media":10744,"comment_status":"open","ping_status":"closed","template":"","meta":{"_et_pb_use_builder":"off","_et_pb_old_content":"\u201cNada es lo que parece, nada parece lo que es\u201d\r\n\r\n[learn_more caption=\"leer m\u00e1s\"]Nos pasamos la mayor parte de nuestra existencia sumidos en una profunda oscuridad, y no somos conscientes de que con un simple gesto, podemos pulsar el interruptor que llenar\u00eda nuestra vida de luz y felicidad. Pocas son las personas capaces de ver que malgastando nuestro tiempo en esa pelea constante con nosotros mismos y con los dem\u00e1s nunca llegaremos a encontrar lo que realmente buscamos, el amor. El amor llegar\u00e1 a ti si le abres la puerta, o al menos una ventana. El amor no es perfecto, pero es lo \u00fanico por lo que merece la pena sufrir, y sobre todo vivir.[\/learn_more]","_et_gb_content_width":""},"product_brand":[],"product_cat":[427,218],"product_tag":[36],"class_list":{"0":"post-10669","1":"product","2":"type-product","3":"status-publish","4":"has-post-thumbnail","6":"product_cat-antonio-fernandez-costa","7":"product_cat-booksonline","8":"product_tag-novela","9":"product_shipping_class-envio-estandar","11":"first","12":"instock","13":"taxable","14":"shipping-taxable","15":"purchasable","16":"product-type-simple"},"_links":{"self":[{"href":"https:\/\/v31.es\/booksonline\/wp-json\/wp\/v2\/product\/10669","targetHints":{"allow":["GET"]}}],"collection":[{"href":"https:\/\/v31.es\/booksonline\/wp-json\/wp\/v2\/product"}],"about":[{"href":"https:\/\/v31.es\/booksonline\/wp-json\/wp\/v2\/types\/product"}],"replies":[{"embeddable":true,"href":"https:\/\/v31.es\/booksonline\/wp-json\/wp\/v2\/comments?post=10669"}],"wp:featuredmedia":[{"embeddable":true,"href":"https:\/\/v31.es\/booksonline\/wp-json\/wp\/v2\/media\/10744"}],"wp:attachment":[{"href":"https:\/\/v31.es\/booksonline\/wp-json\/wp\/v2\/media?parent=10669"}],"wp:term":[{"taxonomy":"product_brand","embeddable":true,"href":"https:\/\/v31.es\/booksonline\/wp-json\/wp\/v2\/product_brand?post=10669"},{"taxonomy":"product_cat","embeddable":true,"href":"https:\/\/v31.es\/booksonline\/wp-json\/wp\/v2\/product_cat?post=10669"},{"taxonomy":"product_tag","embeddable":true,"href":"https:\/\/v31.es\/booksonline\/wp-json\/wp\/v2\/product_tag?post=10669"}],"curies":[{"name":"wp","href":"https:\/\/api.w.org\/{rel}","templated":true}]}}