{"id":10689,"date":"2025-03-12T09:31:10","date_gmt":"2025-03-12T08:31:10","guid":{"rendered":"https:\/\/v31.es\/booksonline\/?post_type=product&#038;p=10689"},"modified":"2025-03-12T09:50:36","modified_gmt":"2025-03-12T08:50:36","slug":"poemas-con-encanto","status":"publish","type":"product","link":"https:\/\/v31.es\/booksonline\/producto\/poemas-con-encanto\/","title":{"rendered":"Poemas con encanto."},"content":{"rendered":"<p><strong>Poemas con encanto. Me enamor\u00e9 del viento.<\/strong><\/p>\n<p>He decidido compartir parte de mis poemas con personas que les guste la lectura,<br \/>\nsituaciones p\u00edcaras y alegres, vivencias con sentimientos encontrados.<br \/>\nAmor, desamor, alegr\u00eda y tristezas, historias y situaciones cotidianas de una vida sencilla.<br \/>\nPoes\u00eda con sentimiento y chispa de fantas\u00eda.<\/p>\n<p>&nbsp;<\/p>\n<p>&nbsp;<\/p>\n","protected":false},"excerpt":{"rendered":"<p>Poemas con encanto. Me enamor\u00e9 del viento. He decidido compartir parte de mis poemas con personas que les guste la lectura, situaciones p\u00edcaras y alegres, vivencias con sentimientos encontrados. Amor, desamor, alegr\u00eda y tristezas, historias y situaciones cotidianas de una vida sencilla. Poes\u00eda con sentimiento y chispa de fantas\u00eda. &nbsp; &nbsp;<\/p>\n","protected":false},"featured_media":10690,"comment_status":"open","ping_status":"closed","template":"","meta":{"_et_pb_use_builder":"off","_et_pb_old_content":"\u201cNada es lo que parece, nada parece lo que es\u201d\r\n\r\n[learn_more caption=\"leer m\u00e1s\"]Nos pasamos la mayor parte de nuestra existencia sumidos en una profunda oscuridad, y no somos conscientes de que con un simple gesto, podemos pulsar el interruptor que llenar\u00eda nuestra vida de luz y felicidad. Pocas son las personas capaces de ver que malgastando nuestro tiempo en esa pelea constante con nosotros mismos y con los dem\u00e1s nunca llegaremos a encontrar lo que realmente buscamos, el amor. El amor llegar\u00e1 a ti si le abres la puerta, o al menos una ventana. El amor no es perfecto, pero es lo \u00fanico por lo que merece la pena sufrir, y sobre todo vivir.[\/learn_more]","_et_gb_content_width":""},"product_brand":[],"product_cat":[428],"product_tag":[227],"class_list":{"0":"post-10689","1":"product","2":"type-product","3":"status-publish","4":"has-post-thumbnail","6":"product_cat-maria-ordonez-sanchez","7":"product_tag-poesia","8":"product_shipping_class-envio-estandar","10":"first","11":"instock","12":"taxable","13":"shipping-taxable","14":"purchasable","15":"product-type-simple"},"_links":{"self":[{"href":"https:\/\/v31.es\/booksonline\/wp-json\/wp\/v2\/product\/10689","targetHints":{"allow":["GET"]}}],"collection":[{"href":"https:\/\/v31.es\/booksonline\/wp-json\/wp\/v2\/product"}],"about":[{"href":"https:\/\/v31.es\/booksonline\/wp-json\/wp\/v2\/types\/product"}],"replies":[{"embeddable":true,"href":"https:\/\/v31.es\/booksonline\/wp-json\/wp\/v2\/comments?post=10689"}],"wp:featuredmedia":[{"embeddable":true,"href":"https:\/\/v31.es\/booksonline\/wp-json\/wp\/v2\/media\/10690"}],"wp:attachment":[{"href":"https:\/\/v31.es\/booksonline\/wp-json\/wp\/v2\/media?parent=10689"}],"wp:term":[{"taxonomy":"product_brand","embeddable":true,"href":"https:\/\/v31.es\/booksonline\/wp-json\/wp\/v2\/product_brand?post=10689"},{"taxonomy":"product_cat","embeddable":true,"href":"https:\/\/v31.es\/booksonline\/wp-json\/wp\/v2\/product_cat?post=10689"},{"taxonomy":"product_tag","embeddable":true,"href":"https:\/\/v31.es\/booksonline\/wp-json\/wp\/v2\/product_tag?post=10689"}],"curies":[{"name":"wp","href":"https:\/\/api.w.org\/{rel}","templated":true}]}}