{"id":10699,"date":"2025-04-03T11:28:37","date_gmt":"2025-04-03T09:28:37","guid":{"rendered":"https:\/\/v31.es\/booksonline\/?post_type=product&#038;p=10699"},"modified":"2025-04-03T11:33:12","modified_gmt":"2025-04-03T09:33:12","slug":"tolous-11","status":"publish","type":"product","link":"https:\/\/v31.es\/booksonline\/producto\/tolous-11\/","title":{"rendered":"TOLOUS 11"},"content":{"rendered":"<p><strong>COLECCI\u00d3N TOLOUS<\/strong><\/p>\n<p>Esta colecci\u00f3n lleva el nombre de la mansi\u00f3n romana Tolous que la mayor\u00eda de los autores sit\u00faan en la zona de Alegr\u00eda de Monz\u00f3n. Presenta trabajos monogr\u00e1ficos con los temas m\u00e1s variados dentro de nuestras \u00e1reas de actuaci\u00f3n, as\u00ed como biograf\u00edas de personajes ilustres de Monz\u00f3n y Comarca.<\/p>\n<p><strong>INDUMENTARIA TRADICIONAL EN EL CINCA MEDIO. Prendas, usos y costumbres<\/strong><\/p>\n<p>X Beca de investigaci\u00f3n \u201cJoaqu\u00edn y Mariano de Pano\u201d<\/p>\n<p>Estudio sobre las prendas y trajes propios de la sociedad tradicional utilizados durante los siglos XIII y XIX por las clases populares, como parte de la identidad y cultura de un pueblo y elemento importante dentro del patrimonio cultural del mismo.<\/p>\n","protected":false},"excerpt":{"rendered":"<p>COLECCI\u00d3N TOLOUS Esta colecci\u00f3n lleva el nombre de la mansi\u00f3n romana Tolous que la mayor\u00eda de los autores sit\u00faan en la zona de Alegr\u00eda de Monz\u00f3n. Presenta trabajos monogr\u00e1ficos con los temas m\u00e1s variados dentro de nuestras \u00e1reas de actuaci\u00f3n, as\u00ed como biograf\u00edas de personajes ilustres de Monz\u00f3n y Comarca. INDUMENTARIA TRADICIONAL EN EL CINCA [&hellip;]<\/p>\n","protected":false},"featured_media":10700,"comment_status":"open","ping_status":"closed","template":"","meta":{"_et_pb_use_builder":"off","_et_pb_old_content":"\u201cNada es lo que parece, nada parece lo que es\u201d\r\n\r\n[learn_more caption=\"leer m\u00e1s\"]Nos pasamos la mayor parte de nuestra existencia sumidos en una profunda oscuridad, y no somos conscientes de que con un simple gesto, podemos pulsar el interruptor que llenar\u00eda nuestra vida de luz y felicidad. Pocas son las personas capaces de ver que malgastando nuestro tiempo en esa pelea constante con nosotros mismos y con los dem\u00e1s nunca llegaremos a encontrar lo que realmente buscamos, el amor. El amor llegar\u00e1 a ti si le abres la puerta, o al menos una ventana. El amor no es perfecto, pero es lo \u00fanico por lo que merece la pena sufrir, y sobre todo vivir.[\/learn_more]","_et_gb_content_width":""},"product_brand":[],"product_cat":[390,430],"product_tag":[392,411],"class_list":{"0":"post-10699","1":"product","2":"type-product","3":"status-publish","4":"has-post-thumbnail","6":"product_cat-cehimo","7":"product_cat-patricia-espanol-espurz","8":"product_tag-colecciones","9":"product_tag-tolous","10":"product_shipping_class-envio-estandar","12":"first","13":"outofstock","14":"taxable","15":"shipping-taxable","16":"purchasable","17":"product-type-simple"},"_links":{"self":[{"href":"https:\/\/v31.es\/booksonline\/wp-json\/wp\/v2\/product\/10699","targetHints":{"allow":["GET"]}}],"collection":[{"href":"https:\/\/v31.es\/booksonline\/wp-json\/wp\/v2\/product"}],"about":[{"href":"https:\/\/v31.es\/booksonline\/wp-json\/wp\/v2\/types\/product"}],"replies":[{"embeddable":true,"href":"https:\/\/v31.es\/booksonline\/wp-json\/wp\/v2\/comments?post=10699"}],"wp:featuredmedia":[{"embeddable":true,"href":"https:\/\/v31.es\/booksonline\/wp-json\/wp\/v2\/media\/10700"}],"wp:attachment":[{"href":"https:\/\/v31.es\/booksonline\/wp-json\/wp\/v2\/media?parent=10699"}],"wp:term":[{"taxonomy":"product_brand","embeddable":true,"href":"https:\/\/v31.es\/booksonline\/wp-json\/wp\/v2\/product_brand?post=10699"},{"taxonomy":"product_cat","embeddable":true,"href":"https:\/\/v31.es\/booksonline\/wp-json\/wp\/v2\/product_cat?post=10699"},{"taxonomy":"product_tag","embeddable":true,"href":"https:\/\/v31.es\/booksonline\/wp-json\/wp\/v2\/product_tag?post=10699"}],"curies":[{"name":"wp","href":"https:\/\/api.w.org\/{rel}","templated":true}]}}