{"id":10715,"date":"2025-04-04T07:29:40","date_gmt":"2025-04-04T05:29:40","guid":{"rendered":"https:\/\/v31.es\/booksonline\/?post_type=product&#038;p=10715"},"modified":"2025-04-04T07:34:18","modified_gmt":"2025-04-04T05:34:18","slug":"tolous-18","status":"publish","type":"product","link":"https:\/\/v31.es\/booksonline\/producto\/tolous-18\/","title":{"rendered":"TOLOUS 18"},"content":{"rendered":"<p><strong>COLECCI\u00d3N TOLOUS<\/strong><\/p>\n<p>Esta colecci\u00f3n lleva el nombre de la mansi\u00f3n romana Tolous que la mayor\u00eda de los autores sit\u00faan en la zona de Alegr\u00eda de Monz\u00f3n. Presenta trabajos monogr\u00e1ficos con los temas m\u00e1s variados dentro de nuestras \u00e1reas de actuaci\u00f3n, as\u00ed como biograf\u00edas de personajes ilustres de Monz\u00f3n y Comarca.<\/p>\n<p><strong>LA GENDARMER\u00cdA IMPERIAL EN LA COMARCA DEL CINCA MEDIO (1810-1814).<\/strong><\/p>\n<p><strong>UN ESTUDIO INTRODUCTORIO A LA GENDARMER\u00cdA IMPERIAL DE ESPA\u00d1A TRAV\u00c9S DEL AN\u00c1LISIS SOCIAL.<\/strong><\/p>\n<p>El trabajo desarrolla cuatro objetivos: el estudio de la Gendarmer\u00eda Imperial de Espa\u00f1a, avanzar en el conocimiento de la historia local de los pueblos del Cinca Medio y el Somontano durante la Guerra de la Independencia, aportar una perspectiva de an\u00e1lisis militar-social y un an\u00e1lisis personal de los integrantes de la gendarmer\u00eda destinados en Monz\u00f3n.<\/p>\n","protected":false},"excerpt":{"rendered":"<p>COLECCI\u00d3N TOLOUS Esta colecci\u00f3n lleva el nombre de la mansi\u00f3n romana Tolous que la mayor\u00eda de los autores sit\u00faan en la zona de Alegr\u00eda de Monz\u00f3n. Presenta trabajos monogr\u00e1ficos con los temas m\u00e1s variados dentro de nuestras \u00e1reas de actuaci\u00f3n, as\u00ed como biograf\u00edas de personajes ilustres de Monz\u00f3n y Comarca. LA GENDARMER\u00cdA IMPERIAL EN LA [&hellip;]<\/p>\n","protected":false},"featured_media":10716,"comment_status":"open","ping_status":"closed","template":"","meta":{"_et_pb_use_builder":"off","_et_pb_old_content":"\u201cNada es lo que parece, nada parece lo que es\u201d\r\n\r\n[learn_more caption=\"leer m\u00e1s\"]Nos pasamos la mayor parte de nuestra existencia sumidos en una profunda oscuridad, y no somos conscientes de que con un simple gesto, podemos pulsar el interruptor que llenar\u00eda nuestra vida de luz y felicidad. Pocas son las personas capaces de ver que malgastando nuestro tiempo en esa pelea constante con nosotros mismos y con los dem\u00e1s nunca llegaremos a encontrar lo que realmente buscamos, el amor. El amor llegar\u00e1 a ti si le abres la puerta, o al menos una ventana. El amor no es perfecto, pero es lo \u00fanico por lo que merece la pena sufrir, y sobre todo vivir.[\/learn_more]","_et_gb_content_width":""},"product_brand":[],"product_cat":[390,438],"product_tag":[392,411],"class_list":{"0":"post-10715","1":"product","2":"type-product","3":"status-publish","4":"has-post-thumbnail","6":"product_cat-cehimo","7":"product_cat-koldo-sebastian-garcia","8":"product_tag-colecciones","9":"product_tag-tolous","10":"product_shipping_class-envio-estandar","12":"first","13":"instock","14":"taxable","15":"shipping-taxable","16":"purchasable","17":"product-type-simple"},"_links":{"self":[{"href":"https:\/\/v31.es\/booksonline\/wp-json\/wp\/v2\/product\/10715","targetHints":{"allow":["GET"]}}],"collection":[{"href":"https:\/\/v31.es\/booksonline\/wp-json\/wp\/v2\/product"}],"about":[{"href":"https:\/\/v31.es\/booksonline\/wp-json\/wp\/v2\/types\/product"}],"replies":[{"embeddable":true,"href":"https:\/\/v31.es\/booksonline\/wp-json\/wp\/v2\/comments?post=10715"}],"wp:featuredmedia":[{"embeddable":true,"href":"https:\/\/v31.es\/booksonline\/wp-json\/wp\/v2\/media\/10716"}],"wp:attachment":[{"href":"https:\/\/v31.es\/booksonline\/wp-json\/wp\/v2\/media?parent=10715"}],"wp:term":[{"taxonomy":"product_brand","embeddable":true,"href":"https:\/\/v31.es\/booksonline\/wp-json\/wp\/v2\/product_brand?post=10715"},{"taxonomy":"product_cat","embeddable":true,"href":"https:\/\/v31.es\/booksonline\/wp-json\/wp\/v2\/product_cat?post=10715"},{"taxonomy":"product_tag","embeddable":true,"href":"https:\/\/v31.es\/booksonline\/wp-json\/wp\/v2\/product_tag?post=10715"}],"curies":[{"name":"wp","href":"https:\/\/api.w.org\/{rel}","templated":true}]}}