{"id":10723,"date":"2025-04-04T11:23:33","date_gmt":"2025-04-04T09:23:33","guid":{"rendered":"https:\/\/v31.es\/booksonline\/?post_type=product&#038;p=10723"},"modified":"2025-06-19T17:30:11","modified_gmt":"2025-06-19T15:30:11","slug":"cuadernos-01","status":"publish","type":"product","link":"https:\/\/v31.es\/booksonline\/producto\/cuadernos-01\/","title":{"rendered":"Cuadernos 01"},"content":{"rendered":"<p><strong>COLECCI\u00d3N CUADERNOS<\/strong><\/p>\n<p>Del Centro de Estudios de la Historia de Monz\u00f3n\u00a0 &#8211; N\u00famero 01, Diciembre 1983<\/p>\n<p>\u2022 CEHIMO, una forma de cuidar lo nuestro<br \/>\n\u2022 En corto<br \/>\n\u2022 El Castillo de Monz\u00f3n. S\u00f3lo un Plan General lo salvar\u00e1<br \/>\n\u2022 CEHIMO: Datos b\u00e1sicos<br \/>\n\u2022 Conservar para el progreso<br \/>\n\u2022 Cat\u00e1logo monumental de Monz\u00f3n (J.A. Til Olivera)<br \/>\n\u2022 De la Edad de Piedra a la Edad del Hierro (I) (J. Montaner Buil)<\/p>\n<p>&nbsp;<\/p>\n<p>&nbsp;<\/p>\n","protected":false},"excerpt":{"rendered":"<p>COLECCI\u00d3N CUADERNOS Del Centro de Estudios de la Historia de Monz\u00f3n\u00a0 &#8211; N\u00famero 01, Diciembre 1983 \u2022 CEHIMO, una forma de cuidar lo nuestro \u2022 En corto \u2022 El Castillo de Monz\u00f3n. S\u00f3lo un Plan General lo salvar\u00e1 \u2022 CEHIMO: Datos b\u00e1sicos \u2022 Conservar para el progreso \u2022 Cat\u00e1logo monumental de Monz\u00f3n (J.A. Til Olivera) [&hellip;]<\/p>\n","protected":false},"featured_media":10813,"comment_status":"open","ping_status":"closed","template":"","meta":{"_et_pb_use_builder":"off","_et_pb_old_content":"\u201cNada es lo que parece, nada parece lo que es\u201d\r\n\r\n[learn_more caption=\"leer m\u00e1s\"]Nos pasamos la mayor parte de nuestra existencia sumidos en una profunda oscuridad, y no somos conscientes de que con un simple gesto, podemos pulsar el interruptor que llenar\u00eda nuestra vida de luz y felicidad. Pocas son las personas capaces de ver que malgastando nuestro tiempo en esa pelea constante con nosotros mismos y con los dem\u00e1s nunca llegaremos a encontrar lo que realmente buscamos, el amor. El amor llegar\u00e1 a ti si le abres la puerta, o al menos una ventana. El amor no es perfecto, pero es lo \u00fanico por lo que merece la pena sufrir, y sobre todo vivir.[\/learn_more]","_et_gb_content_width":""},"product_brand":[],"product_cat":[390,445,444],"product_tag":[392,446],"class_list":{"0":"post-10723","1":"product","2":"type-product","3":"status-publish","4":"has-post-thumbnail","6":"product_cat-cehimo","7":"product_cat-j-montaner-buil","8":"product_cat-j-a-til-olivera","9":"product_tag-colecciones","10":"product_tag-cuadernos","11":"product_shipping_class-envio-estandar","13":"first","14":"instock","15":"taxable","16":"shipping-taxable","17":"purchasable","18":"product-type-simple"},"_links":{"self":[{"href":"https:\/\/v31.es\/booksonline\/wp-json\/wp\/v2\/product\/10723","targetHints":{"allow":["GET"]}}],"collection":[{"href":"https:\/\/v31.es\/booksonline\/wp-json\/wp\/v2\/product"}],"about":[{"href":"https:\/\/v31.es\/booksonline\/wp-json\/wp\/v2\/types\/product"}],"replies":[{"embeddable":true,"href":"https:\/\/v31.es\/booksonline\/wp-json\/wp\/v2\/comments?post=10723"}],"wp:featuredmedia":[{"embeddable":true,"href":"https:\/\/v31.es\/booksonline\/wp-json\/wp\/v2\/media\/10813"}],"wp:attachment":[{"href":"https:\/\/v31.es\/booksonline\/wp-json\/wp\/v2\/media?parent=10723"}],"wp:term":[{"taxonomy":"product_brand","embeddable":true,"href":"https:\/\/v31.es\/booksonline\/wp-json\/wp\/v2\/product_brand?post=10723"},{"taxonomy":"product_cat","embeddable":true,"href":"https:\/\/v31.es\/booksonline\/wp-json\/wp\/v2\/product_cat?post=10723"},{"taxonomy":"product_tag","embeddable":true,"href":"https:\/\/v31.es\/booksonline\/wp-json\/wp\/v2\/product_tag?post=10723"}],"curies":[{"name":"wp","href":"https:\/\/api.w.org\/{rel}","templated":true}]}}