{"id":10814,"date":"2025-06-19T17:31:12","date_gmt":"2025-06-19T15:31:12","guid":{"rendered":"https:\/\/v31.es\/booksonline\/?post_type=product&#038;p=10814"},"modified":"2025-06-19T17:47:27","modified_gmt":"2025-06-19T15:47:27","slug":"cuadernos-01-copia","status":"publish","type":"product","link":"https:\/\/v31.es\/booksonline\/producto\/cuadernos-01-copia\/","title":{"rendered":"Cuadernos 02"},"content":{"rendered":"<p><strong>COLECCI\u00d3N CUADERNOS<\/strong><\/p>\n<p>Del Centro de Estudios de la Historia de Monz\u00f3n\u00a0 &#8211; N\u00famero 02, Abril 1985<\/p>\n<p>\u2022 Junta Directiva-CEHIMO<br \/>\n\u2022 CEHIMO 1984\/85<br \/>\n\u2022 Noticiario Arqueol\u00f3gico<br \/>\n\u2022 75 aniversario de la muerte de Joaqu\u00edn Costa<br \/>\n\u2022 De la Edad de Piedra a la Edad del Hierro (II) (J.L. Montaner<br \/>\nBuil)<br \/>\n\u2022 Actuaciones realizadas en el Castillo. Restauraci\u00f3n y proyectos<br \/>\n\u2022 Fracas\u00f3 un intento de crear un Patronato<br \/>\n\u2022 Exposici\u00f3n fotogr\u00e1fica<br \/>\n\u2022 Situaci\u00f3n actual del Cat\u00e1logo monumental de Monz\u00f3n<\/p>\n<p>&nbsp;<\/p>\n<p>&nbsp;<\/p>\n","protected":false},"excerpt":{"rendered":"<p>COLECCI\u00d3N CUADERNOS Del Centro de Estudios de la Historia de Monz\u00f3n\u00a0 &#8211; N\u00famero 02, Abril 1985 \u2022 Junta Directiva-CEHIMO \u2022 CEHIMO 1984\/85 \u2022 Noticiario Arqueol\u00f3gico \u2022 75 aniversario de la muerte de Joaqu\u00edn Costa \u2022 De la Edad de Piedra a la Edad del Hierro (II) (J.L. Montaner Buil) \u2022 Actuaciones realizadas en el Castillo. [&hellip;]<\/p>\n","protected":false},"featured_media":10815,"comment_status":"open","ping_status":"closed","template":"","meta":{"_et_pb_use_builder":"off","_et_pb_old_content":"\u201cNada es lo que parece, nada parece lo que es\u201d\r\n\r\n[learn_more caption=\"leer m\u00e1s\"]Nos pasamos la mayor parte de nuestra existencia sumidos en una profunda oscuridad, y no somos conscientes de que con un simple gesto, podemos pulsar el interruptor que llenar\u00eda nuestra vida de luz y felicidad. Pocas son las personas capaces de ver que malgastando nuestro tiempo en esa pelea constante con nosotros mismos y con los dem\u00e1s nunca llegaremos a encontrar lo que realmente buscamos, el amor. El amor llegar\u00e1 a ti si le abres la puerta, o al menos una ventana. El amor no es perfecto, pero es lo \u00fanico por lo que merece la pena sufrir, y sobre todo vivir.[\/learn_more]","_et_gb_content_width":""},"product_brand":[],"product_cat":[390,445],"product_tag":[392,446],"class_list":{"0":"post-10814","1":"product","2":"type-product","3":"status-publish","4":"has-post-thumbnail","6":"product_cat-cehimo","7":"product_cat-j-montaner-buil","8":"product_tag-colecciones","9":"product_tag-cuadernos","10":"product_shipping_class-envio-estandar","12":"first","13":"instock","14":"taxable","15":"shipping-taxable","16":"purchasable","17":"product-type-simple"},"_links":{"self":[{"href":"https:\/\/v31.es\/booksonline\/wp-json\/wp\/v2\/product\/10814","targetHints":{"allow":["GET"]}}],"collection":[{"href":"https:\/\/v31.es\/booksonline\/wp-json\/wp\/v2\/product"}],"about":[{"href":"https:\/\/v31.es\/booksonline\/wp-json\/wp\/v2\/types\/product"}],"replies":[{"embeddable":true,"href":"https:\/\/v31.es\/booksonline\/wp-json\/wp\/v2\/comments?post=10814"}],"wp:featuredmedia":[{"embeddable":true,"href":"https:\/\/v31.es\/booksonline\/wp-json\/wp\/v2\/media\/10815"}],"wp:attachment":[{"href":"https:\/\/v31.es\/booksonline\/wp-json\/wp\/v2\/media?parent=10814"}],"wp:term":[{"taxonomy":"product_brand","embeddable":true,"href":"https:\/\/v31.es\/booksonline\/wp-json\/wp\/v2\/product_brand?post=10814"},{"taxonomy":"product_cat","embeddable":true,"href":"https:\/\/v31.es\/booksonline\/wp-json\/wp\/v2\/product_cat?post=10814"},{"taxonomy":"product_tag","embeddable":true,"href":"https:\/\/v31.es\/booksonline\/wp-json\/wp\/v2\/product_tag?post=10814"}],"curies":[{"name":"wp","href":"https:\/\/api.w.org\/{rel}","templated":true}]}}