{"id":10821,"date":"2025-06-24T16:08:33","date_gmt":"2025-06-24T14:08:33","guid":{"rendered":"https:\/\/v31.es\/booksonline\/?post_type=product&#038;p=10821"},"modified":"2025-06-24T16:13:55","modified_gmt":"2025-06-24T14:13:55","slug":"cuadernos-05","status":"publish","type":"product","link":"https:\/\/v31.es\/booksonline\/producto\/cuadernos-05\/","title":{"rendered":"Cuadernos 05"},"content":{"rendered":"<p><strong>COLECCI\u00d3N CUADERNOS<\/strong><\/p>\n<p><strong>CUADERNOS N.\u00ba 5-6. SEPTIEMBRE 1986 (Monogr\u00e1fico)<\/strong><br \/>\n<strong>HOMENAJE A JOAQU\u00cdN COSTA MART\u00cdNEZ (1846-1911)<\/strong><\/p>\n<p>\u2022 Presentaci\u00f3n<br \/>\n\u2022 Aspectos biogr\u00e1ficos. (J.A. Til Olivera)<br \/>\n\u2022 Antolog\u00eda de textos<br \/>\n\u2022 La revoluci\u00f3n de arriba. (J. Costa)<br \/>\n\u2022 Intermedio. (G. Crisp\u00edn)<br \/>\n\u2022 Joaqu\u00edn Costa en el recuerdo de la I.L.E. (L.G. de Valdeavellano)<br \/>\n\u2022 Doble llave al sepulcro del Cid. (J. Costa)<br \/>\n\u2022 Sobre Costa como estudioso de la Antig\u00fcedad Hispana. (G. Fat\u00e1s)<br \/>\n\u2022 La olvidada obra de Joaqu\u00edn Costa \u00abEl Arbolado y la Patria\u00bb.<br \/>\n(E. Ferrer Guarda)<br \/>\n\u2022 Joaqu\u00edn Costa. (A. Gil Novales)<br \/>\n\u2022 Originalidad de las ideas educativas de Joaqu\u00edn Costa. (M.G.Medrano)<br \/>\n\u2022 Otras tristezas de Joaqu\u00edn Costa. (M. Porquet Manzano)<br \/>\n\u2022 Conjunto escult\u00f3rico a J. Costa: Tema y Contenido. (A. Orensanz)<br \/>\n\u2022 El despacho de J. Costa en Graus.<br \/>\n\u2022 Poema: \u00abA Joaqu\u00edn Costa\u00bb. (J.A. Til Olivera)<br \/>\n\u2022 Bibliograf\u00eda seleccionada<br \/>\n\u2022 Cronolog\u00eda Hist\u00f3rica de J. Costa<\/p>\n<p>&nbsp;<\/p>\n<p>&nbsp;<\/p>\n","protected":false},"excerpt":{"rendered":"<p>COLECCI\u00d3N CUADERNOS CUADERNOS N.\u00ba 5-6. SEPTIEMBRE 1986 (Monogr\u00e1fico) HOMENAJE A JOAQU\u00cdN COSTA MART\u00cdNEZ (1846-1911) \u2022 Presentaci\u00f3n \u2022 Aspectos biogr\u00e1ficos. (J.A. Til Olivera) \u2022 Antolog\u00eda de textos \u2022 La revoluci\u00f3n de arriba. (J. Costa) \u2022 Intermedio. (G. Crisp\u00edn) \u2022 Joaqu\u00edn Costa en el recuerdo de la I.L.E. (L.G. de Valdeavellano) \u2022 Doble llave al sepulcro del [&hellip;]<\/p>\n","protected":false},"featured_media":10822,"comment_status":"open","ping_status":"closed","template":"","meta":{"_et_pb_use_builder":"off","_et_pb_old_content":"\u201cNada es lo que parece, nada parece lo que es\u201d\r\n\r\n[learn_more caption=\"leer m\u00e1s\"]Nos pasamos la mayor parte de nuestra existencia sumidos en una profunda oscuridad, y no somos conscientes de que con un simple gesto, podemos pulsar el interruptor que llenar\u00eda nuestra vida de luz y felicidad. Pocas son las personas capaces de ver que malgastando nuestro tiempo en esa pelea constante con nosotros mismos y con los dem\u00e1s nunca llegaremos a encontrar lo que realmente buscamos, el amor. El amor llegar\u00e1 a ti si le abres la puerta, o al menos una ventana. El amor no es perfecto, pero es lo \u00fanico por lo que merece la pena sufrir, y sobre todo vivir.[\/learn_more]","_et_gb_content_width":""},"product_brand":[],"product_cat":[390,445],"product_tag":[392,446],"class_list":{"0":"post-10821","1":"product","2":"type-product","3":"status-publish","4":"has-post-thumbnail","6":"product_cat-cehimo","7":"product_cat-j-montaner-buil","8":"product_tag-colecciones","9":"product_tag-cuadernos","10":"product_shipping_class-envio-estandar","12":"first","13":"instock","14":"taxable","15":"shipping-taxable","16":"purchasable","17":"product-type-simple"},"_links":{"self":[{"href":"https:\/\/v31.es\/booksonline\/wp-json\/wp\/v2\/product\/10821","targetHints":{"allow":["GET"]}}],"collection":[{"href":"https:\/\/v31.es\/booksonline\/wp-json\/wp\/v2\/product"}],"about":[{"href":"https:\/\/v31.es\/booksonline\/wp-json\/wp\/v2\/types\/product"}],"replies":[{"embeddable":true,"href":"https:\/\/v31.es\/booksonline\/wp-json\/wp\/v2\/comments?post=10821"}],"wp:featuredmedia":[{"embeddable":true,"href":"https:\/\/v31.es\/booksonline\/wp-json\/wp\/v2\/media\/10822"}],"wp:attachment":[{"href":"https:\/\/v31.es\/booksonline\/wp-json\/wp\/v2\/media?parent=10821"}],"wp:term":[{"taxonomy":"product_brand","embeddable":true,"href":"https:\/\/v31.es\/booksonline\/wp-json\/wp\/v2\/product_brand?post=10821"},{"taxonomy":"product_cat","embeddable":true,"href":"https:\/\/v31.es\/booksonline\/wp-json\/wp\/v2\/product_cat?post=10821"},{"taxonomy":"product_tag","embeddable":true,"href":"https:\/\/v31.es\/booksonline\/wp-json\/wp\/v2\/product_tag?post=10821"}],"curies":[{"name":"wp","href":"https:\/\/api.w.org\/{rel}","templated":true}]}}