{"id":10825,"date":"2025-06-24T16:22:52","date_gmt":"2025-06-24T14:22:52","guid":{"rendered":"https:\/\/v31.es\/booksonline\/?post_type=product&#038;p=10825"},"modified":"2025-06-24T16:27:17","modified_gmt":"2025-06-24T14:27:17","slug":"cuadernos-08","status":"publish","type":"product","link":"https:\/\/v31.es\/booksonline\/producto\/cuadernos-08\/","title":{"rendered":"Cuadernos 08"},"content":{"rendered":"<p><strong>COLECCI\u00d3N CUADERNOS<\/strong><\/p>\n<p><strong>CUADERNOS N.\u00ba 8. JUNIO 1987<\/strong><\/p>\n<p>\u2022 Noticias<br \/>\n\u2022 Editorial<br \/>\n\u2022 Actividades realizadas durante 1987<br \/>\n\u2022 Una nueva publicaci\u00f3n: \u00abTOLOUS\u00bb. (J.A. Til Olivera)<br \/>\n\u2022 III Campo de Trabajo en el Castillo de Monz\u00f3n. (M.A. Mur Paul)<br \/>\n\u2022 A prop\u00f3sito del lago volc\u00e1nico formado en el cr\u00e1ter de Nios (Camer\u00fan)<br \/>\n(II). (E. Ferrer Guarga)<br \/>\n\u2022 Santuario de Nuestra Se\u00f1ora de la Alegr\u00eda. (H. P\u00e9rez P\u00e9rez)<br \/>\n\u2022 Monz\u00f3n y su historia moderna (II). (R. Raluy Atanasio)<br \/>\n\u2022 Los movimientos de poblaci\u00f3n en Monz\u00f3n. (J. Sanz Ledesma)<br \/>\n\u2022 1137-1987; 850 aniversario de la corona de Arag\u00f3n. (J.A. Til Olivera)<\/p>\n<p>&nbsp;<\/p>\n","protected":false},"excerpt":{"rendered":"<p>COLECCI\u00d3N CUADERNOS CUADERNOS N.\u00ba 8. JUNIO 1987 \u2022 Noticias \u2022 Editorial \u2022 Actividades realizadas durante 1987 \u2022 Una nueva publicaci\u00f3n: \u00abTOLOUS\u00bb. (J.A. Til Olivera) \u2022 III Campo de Trabajo en el Castillo de Monz\u00f3n. (M.A. Mur Paul) \u2022 A prop\u00f3sito del lago volc\u00e1nico formado en el cr\u00e1ter de Nios (Camer\u00fan) (II). (E. Ferrer Guarga) \u2022 [&hellip;]<\/p>\n","protected":false},"featured_media":10826,"comment_status":"open","ping_status":"closed","template":"","meta":{"_et_pb_use_builder":"off","_et_pb_old_content":"\u201cNada es lo que parece, nada parece lo que es\u201d\r\n\r\n[learn_more caption=\"leer m\u00e1s\"]Nos pasamos la mayor parte de nuestra existencia sumidos en una profunda oscuridad, y no somos conscientes de que con un simple gesto, podemos pulsar el interruptor que llenar\u00eda nuestra vida de luz y felicidad. Pocas son las personas capaces de ver que malgastando nuestro tiempo en esa pelea constante con nosotros mismos y con los dem\u00e1s nunca llegaremos a encontrar lo que realmente buscamos, el amor. El amor llegar\u00e1 a ti si le abres la puerta, o al menos una ventana. El amor no es perfecto, pero es lo \u00fanico por lo que merece la pena sufrir, y sobre todo vivir.[\/learn_more]","_et_gb_content_width":""},"product_brand":[],"product_cat":[390,445],"product_tag":[392,446],"class_list":{"0":"post-10825","1":"product","2":"type-product","3":"status-publish","4":"has-post-thumbnail","6":"product_cat-cehimo","7":"product_cat-j-montaner-buil","8":"product_tag-colecciones","9":"product_tag-cuadernos","10":"product_shipping_class-envio-estandar","12":"first","13":"instock","14":"taxable","15":"shipping-taxable","16":"purchasable","17":"product-type-simple"},"_links":{"self":[{"href":"https:\/\/v31.es\/booksonline\/wp-json\/wp\/v2\/product\/10825","targetHints":{"allow":["GET"]}}],"collection":[{"href":"https:\/\/v31.es\/booksonline\/wp-json\/wp\/v2\/product"}],"about":[{"href":"https:\/\/v31.es\/booksonline\/wp-json\/wp\/v2\/types\/product"}],"replies":[{"embeddable":true,"href":"https:\/\/v31.es\/booksonline\/wp-json\/wp\/v2\/comments?post=10825"}],"wp:featuredmedia":[{"embeddable":true,"href":"https:\/\/v31.es\/booksonline\/wp-json\/wp\/v2\/media\/10826"}],"wp:attachment":[{"href":"https:\/\/v31.es\/booksonline\/wp-json\/wp\/v2\/media?parent=10825"}],"wp:term":[{"taxonomy":"product_brand","embeddable":true,"href":"https:\/\/v31.es\/booksonline\/wp-json\/wp\/v2\/product_brand?post=10825"},{"taxonomy":"product_cat","embeddable":true,"href":"https:\/\/v31.es\/booksonline\/wp-json\/wp\/v2\/product_cat?post=10825"},{"taxonomy":"product_tag","embeddable":true,"href":"https:\/\/v31.es\/booksonline\/wp-json\/wp\/v2\/product_tag?post=10825"}],"curies":[{"name":"wp","href":"https:\/\/api.w.org\/{rel}","templated":true}]}}