{"id":10827,"date":"2025-06-24T16:27:23","date_gmt":"2025-06-24T14:27:23","guid":{"rendered":"https:\/\/v31.es\/booksonline\/?post_type=product&#038;p=10827"},"modified":"2025-06-24T16:30:39","modified_gmt":"2025-06-24T14:30:39","slug":"cuadernos-08-copia","status":"publish","type":"product","link":"https:\/\/v31.es\/booksonline\/producto\/cuadernos-08-copia\/","title":{"rendered":"Cuadernos 09"},"content":{"rendered":"<p><strong>COLECCI\u00d3N CUADERNOS<\/strong><\/p>\n<p><strong>CUADERNOS N.\u00ba 9. DICIEMBRE 1987<\/strong><\/p>\n<p>\u2022 DOCUMENTOS: delimitaci\u00f3n de los t\u00e9rminos del castillo de<br \/>\nMonz\u00f3n, efectuada por el infante Don Pedro<br \/>\n\u2022 Joaqu\u00edn Costa y la crisis de la agricultura a finales del siglo XIX.<br \/>\nConferencia a cargo de C. Forcadell. (E. Naval Mairal)<br \/>\n\u2022 Algunos aspectos sobre el manuscrito del prior Don Vicente Pilzano.<br \/>\n(M.A. Mur Pa\u00fal)<br \/>\n\u2022 Algunas consideraciones respecto a las municipal\u00edas. (J. Baila Sarrado)<br \/>\n\u2022 Sobre arte rupestre prehist\u00f3rico en la provincia de Huesca. (M.J.<br \/>\nCalvo Ciria)<br \/>\n\u2022 La red viaria romana en la comarca de Monz\u00f3n. (J.A. Solans torres<br \/>\ny A. Flor\u00eda Pons)<br \/>\n\u2022 El Cinca Medio a mediados del siglo XIX en versi\u00f3n de Pascual<br \/>\nMadoz. (J.A. Til Olivera)<\/p>\n<p>&nbsp;<\/p>\n","protected":false},"excerpt":{"rendered":"<p>COLECCI\u00d3N CUADERNOS CUADERNOS N.\u00ba 9. DICIEMBRE 1987 \u2022 DOCUMENTOS: delimitaci\u00f3n de los t\u00e9rminos del castillo de Monz\u00f3n, efectuada por el infante Don Pedro \u2022 Joaqu\u00edn Costa y la crisis de la agricultura a finales del siglo XIX. Conferencia a cargo de C. Forcadell. (E. Naval Mairal) \u2022 Algunos aspectos sobre el manuscrito del prior Don [&hellip;]<\/p>\n","protected":false},"featured_media":10828,"comment_status":"open","ping_status":"closed","template":"","meta":{"_et_pb_use_builder":"off","_et_pb_old_content":"\u201cNada es lo que parece, nada parece lo que es\u201d\r\n\r\n[learn_more caption=\"leer m\u00e1s\"]Nos pasamos la mayor parte de nuestra existencia sumidos en una profunda oscuridad, y no somos conscientes de que con un simple gesto, podemos pulsar el interruptor que llenar\u00eda nuestra vida de luz y felicidad. Pocas son las personas capaces de ver que malgastando nuestro tiempo en esa pelea constante con nosotros mismos y con los dem\u00e1s nunca llegaremos a encontrar lo que realmente buscamos, el amor. El amor llegar\u00e1 a ti si le abres la puerta, o al menos una ventana. El amor no es perfecto, pero es lo \u00fanico por lo que merece la pena sufrir, y sobre todo vivir.[\/learn_more]","_et_gb_content_width":""},"product_brand":[],"product_cat":[390,445],"product_tag":[392,446],"class_list":{"0":"post-10827","1":"product","2":"type-product","3":"status-publish","4":"has-post-thumbnail","6":"product_cat-cehimo","7":"product_cat-j-montaner-buil","8":"product_tag-colecciones","9":"product_tag-cuadernos","10":"product_shipping_class-envio-estandar","12":"first","13":"instock","14":"taxable","15":"shipping-taxable","16":"purchasable","17":"product-type-simple"},"_links":{"self":[{"href":"https:\/\/v31.es\/booksonline\/wp-json\/wp\/v2\/product\/10827","targetHints":{"allow":["GET"]}}],"collection":[{"href":"https:\/\/v31.es\/booksonline\/wp-json\/wp\/v2\/product"}],"about":[{"href":"https:\/\/v31.es\/booksonline\/wp-json\/wp\/v2\/types\/product"}],"replies":[{"embeddable":true,"href":"https:\/\/v31.es\/booksonline\/wp-json\/wp\/v2\/comments?post=10827"}],"wp:featuredmedia":[{"embeddable":true,"href":"https:\/\/v31.es\/booksonline\/wp-json\/wp\/v2\/media\/10828"}],"wp:attachment":[{"href":"https:\/\/v31.es\/booksonline\/wp-json\/wp\/v2\/media?parent=10827"}],"wp:term":[{"taxonomy":"product_brand","embeddable":true,"href":"https:\/\/v31.es\/booksonline\/wp-json\/wp\/v2\/product_brand?post=10827"},{"taxonomy":"product_cat","embeddable":true,"href":"https:\/\/v31.es\/booksonline\/wp-json\/wp\/v2\/product_cat?post=10827"},{"taxonomy":"product_tag","embeddable":true,"href":"https:\/\/v31.es\/booksonline\/wp-json\/wp\/v2\/product_tag?post=10827"}],"curies":[{"name":"wp","href":"https:\/\/api.w.org\/{rel}","templated":true}]}}