{"id":10836,"date":"2025-06-27T08:49:57","date_gmt":"2025-06-27T06:49:57","guid":{"rendered":"https:\/\/v31.es\/booksonline\/?post_type=product&#038;p=10836"},"modified":"2025-06-27T08:50:59","modified_gmt":"2025-06-27T06:50:59","slug":"y-el-bajo-cinca","status":"publish","type":"product","link":"https:\/\/v31.es\/booksonline\/producto\/y-el-bajo-cinca\/","title":{"rendered":"&#8230;y el Bajo Cinca"},"content":{"rendered":"<p><strong>&#8230;y el Bajo Binca \u00a1\u00a1SE MANIFEST\u00d3!!<\/strong><\/p>\n<p>Medio siglo atr\u00e1s Espa\u00f1a no era el pa\u00eds que conocemos. Se viv\u00edan los \u00faltimos meses del f\u00e9rreo franquismo, tiempo en el que ni se hablaba de pol\u00edtica ni mucho menos se hac\u00eda.<\/p>\n<p>Pese a ello, casi de repente, en un d\u00eda de Mayo nada menos que quince pueblos de la comarca aragonesa del Bajo Cinca, se pusieron en marcha para protestar en Huesca contra una central nuclear.<\/p>\n<p>Sorprendi\u00f3 a la capital la llegada de tantos hombres y mujeres protagonizando la primera manifestaci\u00f3n popular vivida en Arag\u00f3n.<\/p>\n<p>Aquella gesta merec\u00eda un libro y lo tiene cuando se cumple el cincuentenario de su celebraci\u00f3n.<\/p>\n<p>Su autora, Mar\u00eda Jos\u00e9 Arellano S\u00e1nchez, relata en primera persona como se produjo el milagro de ponerse en pie la gente de Fraga y de sus pueblos comarcanos: Ballobar, Zaid\u00edn, Velilla de Cinca, Albalate, Alcolea, Onti\u00f1ena, Belver, Osso, Pe\u00f1alba, Candasnos, Torrente, Binaced, Espl\u00fas y el mismo Chalamera.<\/p>\n<p>El hecho sacudi\u00f3 el sentir de la ciudadan\u00eda aragonesa, que elogi\u00f3 tan singular comportamiento y que a d\u00eda de hoy es un apagado eco de algo sucedido muy lejanamente atr\u00e1s.<\/p>\n<p>La historia se escribe para que perdure y sea recordada. Es lo que pretende la autora invitando a las j\u00f3venes generaciones a conocer como fue la lucha de sus antecesores en un momento nada f\u00e1cil pero que solventaron con gran entusiasmo y dignidad.<\/p>\n<p>&nbsp;<\/p>\n<p>&nbsp;<\/p>\n","protected":false},"excerpt":{"rendered":"<p>&#8230;y el Bajo Binca \u00a1\u00a1SE MANIFEST\u00d3!! Medio siglo atr\u00e1s Espa\u00f1a no era el pa\u00eds que conocemos. Se viv\u00edan los \u00faltimos meses del f\u00e9rreo franquismo, tiempo en el que ni se hablaba de pol\u00edtica ni mucho menos se hac\u00eda. Pese a ello, casi de repente, en un d\u00eda de Mayo nada menos que quince pueblos de [&hellip;]<\/p>\n","protected":false},"featured_media":10835,"comment_status":"open","ping_status":"closed","template":"","meta":{"_et_pb_use_builder":"off","_et_pb_old_content":"\u201cNada es lo que parece, nada parece lo que es\u201d\r\n\r\n[learn_more caption=\"leer m\u00e1s\"]Nos pasamos la mayor parte de nuestra existencia sumidos en una profunda oscuridad, y no somos conscientes de que con un simple gesto, podemos pulsar el interruptor que llenar\u00eda nuestra vida de luz y felicidad. Pocas son las personas capaces de ver que malgastando nuestro tiempo en esa pelea constante con nosotros mismos y con los dem\u00e1s nunca llegaremos a encontrar lo que realmente buscamos, el amor. El amor llegar\u00e1 a ti si le abres la puerta, o al menos una ventana. El amor no es perfecto, pero es lo \u00fanico por lo que merece la pena sufrir, y sobre todo vivir.[\/learn_more]","_et_gb_content_width":""},"product_brand":[],"product_cat":[218,421],"product_tag":[266],"class_list":{"0":"post-10836","1":"product","2":"type-product","3":"status-publish","4":"has-post-thumbnail","6":"product_cat-booksonline","7":"product_cat-ma-jose-arellano-sanchez","8":"product_tag-historia","9":"product_shipping_class-envio-estandar","11":"first","12":"instock","13":"taxable","14":"shipping-taxable","15":"purchasable","16":"product-type-simple"},"_links":{"self":[{"href":"https:\/\/v31.es\/booksonline\/wp-json\/wp\/v2\/product\/10836","targetHints":{"allow":["GET"]}}],"collection":[{"href":"https:\/\/v31.es\/booksonline\/wp-json\/wp\/v2\/product"}],"about":[{"href":"https:\/\/v31.es\/booksonline\/wp-json\/wp\/v2\/types\/product"}],"replies":[{"embeddable":true,"href":"https:\/\/v31.es\/booksonline\/wp-json\/wp\/v2\/comments?post=10836"}],"wp:featuredmedia":[{"embeddable":true,"href":"https:\/\/v31.es\/booksonline\/wp-json\/wp\/v2\/media\/10835"}],"wp:attachment":[{"href":"https:\/\/v31.es\/booksonline\/wp-json\/wp\/v2\/media?parent=10836"}],"wp:term":[{"taxonomy":"product_brand","embeddable":true,"href":"https:\/\/v31.es\/booksonline\/wp-json\/wp\/v2\/product_brand?post=10836"},{"taxonomy":"product_cat","embeddable":true,"href":"https:\/\/v31.es\/booksonline\/wp-json\/wp\/v2\/product_cat?post=10836"},{"taxonomy":"product_tag","embeddable":true,"href":"https:\/\/v31.es\/booksonline\/wp-json\/wp\/v2\/product_tag?post=10836"}],"curies":[{"name":"wp","href":"https:\/\/api.w.org\/{rel}","templated":true}]}}