{"id":10885,"date":"2025-10-06T12:25:13","date_gmt":"2025-10-06T10:25:13","guid":{"rendered":"https:\/\/v31.es\/booksonline\/?post_type=product&#038;p=10885"},"modified":"2025-10-06T12:31:35","modified_gmt":"2025-10-06T10:31:35","slug":"10-claves-gestion-del-tiempo-copia","status":"publish","type":"product","link":"https:\/\/v31.es\/booksonline\/producto\/10-claves-gestion-del-tiempo-copia\/","title":{"rendered":"10 Claves &#8211; Infidelidad"},"content":{"rendered":"<p><strong>10 CLAVES PARA SUPERAR LA INFIDELIDAD<\/strong><\/p>\n<p>La gu\u00eda pr\u00e1ctica \u201c10 Claves para superar la infidelidad\u201d, te ayuda a dar un paso al frente y avanzar en tu vida.<br \/>\nBasado en el \u00a9M\u00e9todo Llorens, creado por la autora, aprender\u00e1s a trav\u00e9s de ejercicios y recursos interactivos a tomar las riendas de tu vida, y volver a estar listo \/ lista para el amor&#8230; hacia ti y hacia los dem\u00e1s. La infidelidad est\u00e1 lejos del amor en las parejas, y cuando sucede, hay que recuperar el amor propio, y resvisar si tu relaci\u00f3n es ahora una de esas relaciones toxicas. El desamor afecta profundamente a la autoestima, al crecimiento personal, a la sexualidad, a las emociones, a tu capacidad de sentir placer, a la intimidad y a la ilusi\u00f3n con la que vives el futuro. Esta gu\u00eda te da las 10 claves para superar la infidelidad desde la positividad, dando un paso al frente,<br \/>\ncon respecto y mucho cari\u00f1o hacia ti y hacia lo bonito que has vivido. Sin dramas. Sin insultos. Sin culpa, ni culpables. Aceptando lo que ha pasado, e integr\u00e1ndolo.<br \/>\n\u00a1Adelante! Te acompa\u00f1o en el camino&#8230;<\/p>\n<p>&nbsp;<\/p>\n<p>&nbsp;<\/p>\n","protected":false},"excerpt":{"rendered":"<p>10 CLAVES PARA SUPERAR LA INFIDELIDAD La gu\u00eda pr\u00e1ctica \u201c10 Claves para superar la infidelidad\u201d, te ayuda a dar un paso al frente y avanzar en tu vida. Basado en el \u00a9M\u00e9todo Llorens, creado por la autora, aprender\u00e1s a trav\u00e9s de ejercicios y recursos interactivos a tomar las riendas de tu vida, y volver a [&hellip;]<\/p>\n","protected":false},"featured_media":10886,"comment_status":"open","ping_status":"closed","template":"","meta":{"_et_pb_use_builder":"off","_et_pb_old_content":"\u201cNada es lo que parece, nada parece lo que es\u201d\r\n\r\n[learn_more caption=\"leer m\u00e1s\"]Nos pasamos la mayor parte de nuestra existencia sumidos en una profunda oscuridad, y no somos conscientes de que con un simple gesto, podemos pulsar el interruptor que llenar\u00eda nuestra vida de luz y felicidad. Pocas son las personas capaces de ver que malgastando nuestro tiempo en esa pelea constante con nosotros mismos y con los dem\u00e1s nunca llegaremos a encontrar lo que realmente buscamos, el amor. El amor llegar\u00e1 a ti si le abres la puerta, o al menos una ventana. El amor no es perfecto, pero es lo \u00fanico por lo que merece la pena sufrir, y sobre todo vivir.[\/learn_more]","_et_gb_content_width":""},"product_brand":[],"product_cat":[448,218],"product_tag":[449],"class_list":{"0":"post-10885","1":"product","2":"type-product","3":"status-publish","4":"has-post-thumbnail","6":"product_cat-ana-llorens","7":"product_cat-booksonline","8":"product_tag-psicologia","9":"product_shipping_class-envio-estandar","11":"first","12":"instock","13":"taxable","14":"shipping-taxable","15":"purchasable","16":"product-type-simple"},"_links":{"self":[{"href":"https:\/\/v31.es\/booksonline\/wp-json\/wp\/v2\/product\/10885","targetHints":{"allow":["GET"]}}],"collection":[{"href":"https:\/\/v31.es\/booksonline\/wp-json\/wp\/v2\/product"}],"about":[{"href":"https:\/\/v31.es\/booksonline\/wp-json\/wp\/v2\/types\/product"}],"replies":[{"embeddable":true,"href":"https:\/\/v31.es\/booksonline\/wp-json\/wp\/v2\/comments?post=10885"}],"wp:featuredmedia":[{"embeddable":true,"href":"https:\/\/v31.es\/booksonline\/wp-json\/wp\/v2\/media\/10886"}],"wp:attachment":[{"href":"https:\/\/v31.es\/booksonline\/wp-json\/wp\/v2\/media?parent=10885"}],"wp:term":[{"taxonomy":"product_brand","embeddable":true,"href":"https:\/\/v31.es\/booksonline\/wp-json\/wp\/v2\/product_brand?post=10885"},{"taxonomy":"product_cat","embeddable":true,"href":"https:\/\/v31.es\/booksonline\/wp-json\/wp\/v2\/product_cat?post=10885"},{"taxonomy":"product_tag","embeddable":true,"href":"https:\/\/v31.es\/booksonline\/wp-json\/wp\/v2\/product_tag?post=10885"}],"curies":[{"name":"wp","href":"https:\/\/api.w.org\/{rel}","templated":true}]}}