{"id":10913,"date":"2025-11-14T10:30:06","date_gmt":"2025-11-14T09:30:06","guid":{"rendered":"https:\/\/v31.es\/booksonline\/?post_type=product&#038;p=10913"},"modified":"2026-01-29T12:58:07","modified_gmt":"2026-01-29T11:58:07","slug":"el-velo-protector","status":"publish","type":"product","link":"https:\/\/v31.es\/booksonline\/producto\/el-velo-protector\/","title":{"rendered":"El velo protector"},"content":{"rendered":"<p>Es el a\u00f1o 1563. Monz\u00f3n se prepara para una sesi\u00f3n de Cortes y la llegada del rey Felipe II. Pascuala es una mujer joven que acaba de enviudar de un maltratador y tiene que trabajar en una de las casas acomodadas de Monz\u00f3n. All\u00ed, la se\u00f1ora la obligar\u00e1 a participar como \u201cactor\u201d en un \u201cpaso\u201d de un autor afamado, como actividad previa a la Procesi\u00f3n del Corpus. Yendo a sus obligaciones como criada, tropezar\u00e1 con un extranjero que va a permanecer unos d\u00edas en Monz\u00f3n para levantar el plano de la villa por encargo del rey. Ambos se enamoran. La mujer se debatir\u00e1 entre su amor inconmensurable y sus obligaciones como madre. Estos y otros sucesos, que ata\u00f1en a la vida de Pascuala, provocar\u00e1n que evolucione y revele sus sentimientos como mujer y ser humano.<\/p>\n","protected":false},"excerpt":{"rendered":"<p>Es el a\u00f1o 1563. Monz\u00f3n se prepara para una sesi\u00f3n de Cortes y la llegada del rey Felipe II. Pascuala es una mujer joven que acaba de enviudar de un maltratador y tiene que trabajar en una de las casas acomodadas de Monz\u00f3n. All\u00ed, la se\u00f1ora la obligar\u00e1 a participar como \u201cactor\u201d en un \u201cpaso\u201d [&hellip;]<\/p>\n","protected":false},"featured_media":10914,"comment_status":"open","ping_status":"closed","template":"","meta":{"_et_pb_use_builder":"off","_et_pb_old_content":"\u201cNada es lo que parece, nada parece lo que es\u201d\r\n\r\n[learn_more caption=\"leer m\u00e1s\"]Nos pasamos la mayor parte de nuestra existencia sumidos en una profunda oscuridad, y no somos conscientes de que con un simple gesto, podemos pulsar el interruptor que llenar\u00eda nuestra vida de luz y felicidad. Pocas son las personas capaces de ver que malgastando nuestro tiempo en esa pelea constante con nosotros mismos y con los dem\u00e1s nunca llegaremos a encontrar lo que realmente buscamos, el amor. El amor llegar\u00e1 a ti si le abres la puerta, o al menos una ventana. El amor no es perfecto, pero es lo \u00fanico por lo que merece la pena sufrir, y sobre todo vivir.[\/learn_more]","_et_gb_content_width":""},"product_brand":[],"product_cat":[218,450],"product_tag":[358],"class_list":{"0":"post-10913","1":"product","2":"type-product","3":"status-publish","4":"has-post-thumbnail","6":"product_cat-booksonline","7":"product_cat-maria-angeles-mur","8":"product_tag-novela-historica","9":"product_shipping_class-envio-estandar","11":"first","12":"instock","13":"taxable","14":"shipping-taxable","15":"purchasable","16":"product-type-simple"},"_links":{"self":[{"href":"https:\/\/v31.es\/booksonline\/wp-json\/wp\/v2\/product\/10913","targetHints":{"allow":["GET"]}}],"collection":[{"href":"https:\/\/v31.es\/booksonline\/wp-json\/wp\/v2\/product"}],"about":[{"href":"https:\/\/v31.es\/booksonline\/wp-json\/wp\/v2\/types\/product"}],"replies":[{"embeddable":true,"href":"https:\/\/v31.es\/booksonline\/wp-json\/wp\/v2\/comments?post=10913"}],"wp:featuredmedia":[{"embeddable":true,"href":"https:\/\/v31.es\/booksonline\/wp-json\/wp\/v2\/media\/10914"}],"wp:attachment":[{"href":"https:\/\/v31.es\/booksonline\/wp-json\/wp\/v2\/media?parent=10913"}],"wp:term":[{"taxonomy":"product_brand","embeddable":true,"href":"https:\/\/v31.es\/booksonline\/wp-json\/wp\/v2\/product_brand?post=10913"},{"taxonomy":"product_cat","embeddable":true,"href":"https:\/\/v31.es\/booksonline\/wp-json\/wp\/v2\/product_cat?post=10913"},{"taxonomy":"product_tag","embeddable":true,"href":"https:\/\/v31.es\/booksonline\/wp-json\/wp\/v2\/product_tag?post=10913"}],"curies":[{"name":"wp","href":"https:\/\/api.w.org\/{rel}","templated":true}]}}