{"id":10915,"date":"2025-11-14T11:41:20","date_gmt":"2025-11-14T10:41:20","guid":{"rendered":"https:\/\/v31.es\/booksonline\/?post_type=product&#038;p=10915"},"modified":"2025-11-14T11:49:17","modified_gmt":"2025-11-14T10:49:17","slug":"inteligencia-artificial","status":"publish","type":"product","link":"https:\/\/v31.es\/booksonline\/producto\/inteligencia-artificial\/","title":{"rendered":"Inteligencia artificial&#8230;"},"content":{"rendered":"<p>Inteligencia Artificial y Otros Cuentos, es un conjunto de treinta relatos escritos con un estilo indisciplinado y muy personal.<\/p>\n<p>Tributando una cari\u00f1osa mofa a los valores y creencias del mundo contempor\u00e1neo, a caballo entre lo m\u00e1gico y lo cotidiano, se despliega un abanico de narraciones espont\u00e1neas y dispares.<\/p>\n<p>Aqu\u00ed nos encontraremos con pulpos del espacio exterior, con una cenicienta comformista, con un simp\u00e1tico diablillo, con una Catalu\u00f1a castellanizada, con unos estafadores de medio pelo, con una huelga de poetas y as\u00ed hasta treinta.<\/p>\n<p>El autor manifiesta que las historias lo tomaron por sorpresa.<\/p>\n<p>\u201cY perm\u00edtanme hacerles notar que esto no es serio\u201d, como asegura la IA que dej\u00f3 escrito aquel precursor del surrealismo.<\/p>\n","protected":false},"excerpt":{"rendered":"<p>Inteligencia Artificial y Otros Cuentos, es un conjunto de treinta relatos escritos con un estilo indisciplinado y muy personal. Tributando una cari\u00f1osa mofa a los valores y creencias del mundo contempor\u00e1neo, a caballo entre lo m\u00e1gico y lo cotidiano, se despliega un abanico de narraciones espont\u00e1neas y dispares. Aqu\u00ed nos encontraremos con pulpos del espacio [&hellip;]<\/p>\n","protected":false},"featured_media":10916,"comment_status":"open","ping_status":"closed","template":"","meta":{"_et_pb_use_builder":"off","_et_pb_old_content":"\u201cNada es lo que parece, nada parece lo que es\u201d\r\n\r\n[learn_more caption=\"leer m\u00e1s\"]Nos pasamos la mayor parte de nuestra existencia sumidos en una profunda oscuridad, y no somos conscientes de que con un simple gesto, podemos pulsar el interruptor que llenar\u00eda nuestra vida de luz y felicidad. Pocas son las personas capaces de ver que malgastando nuestro tiempo en esa pelea constante con nosotros mismos y con los dem\u00e1s nunca llegaremos a encontrar lo que realmente buscamos, el amor. El amor llegar\u00e1 a ti si le abres la puerta, o al menos una ventana. El amor no es perfecto, pero es lo \u00fanico por lo que merece la pena sufrir, y sobre todo vivir.[\/learn_more]","_et_gb_content_width":""},"product_brand":[],"product_cat":[218,451],"product_tag":[452],"class_list":{"0":"post-10915","1":"product","2":"type-product","3":"status-publish","4":"has-post-thumbnail","6":"product_cat-booksonline","7":"product_cat-victor-landa-galindo","8":"product_tag-cuentos","9":"product_shipping_class-envio-estandar","11":"first","12":"instock","13":"taxable","14":"shipping-taxable","15":"purchasable","16":"product-type-simple"},"_links":{"self":[{"href":"https:\/\/v31.es\/booksonline\/wp-json\/wp\/v2\/product\/10915","targetHints":{"allow":["GET"]}}],"collection":[{"href":"https:\/\/v31.es\/booksonline\/wp-json\/wp\/v2\/product"}],"about":[{"href":"https:\/\/v31.es\/booksonline\/wp-json\/wp\/v2\/types\/product"}],"replies":[{"embeddable":true,"href":"https:\/\/v31.es\/booksonline\/wp-json\/wp\/v2\/comments?post=10915"}],"wp:featuredmedia":[{"embeddable":true,"href":"https:\/\/v31.es\/booksonline\/wp-json\/wp\/v2\/media\/10916"}],"wp:attachment":[{"href":"https:\/\/v31.es\/booksonline\/wp-json\/wp\/v2\/media?parent=10915"}],"wp:term":[{"taxonomy":"product_brand","embeddable":true,"href":"https:\/\/v31.es\/booksonline\/wp-json\/wp\/v2\/product_brand?post=10915"},{"taxonomy":"product_cat","embeddable":true,"href":"https:\/\/v31.es\/booksonline\/wp-json\/wp\/v2\/product_cat?post=10915"},{"taxonomy":"product_tag","embeddable":true,"href":"https:\/\/v31.es\/booksonline\/wp-json\/wp\/v2\/product_tag?post=10915"}],"curies":[{"name":"wp","href":"https:\/\/api.w.org\/{rel}","templated":true}]}}